{"id":3500,"date":"2019-04-02T12:52:29","date_gmt":"2019-04-02T09:52:29","guid":{"rendered":"https:\/\/vaasanluonnonravinto.fi\/?post_type=product&#038;p=3500"},"modified":"2024-11-21T12:02:52","modified_gmt":"2024-11-21T10:02:52","slug":"naturamedia-d-50-%c2%b5g-200-kaps","status":"publish","type":"product","link":"https:\/\/vaasanluonnonravinto.fi\/sv\/tuote\/naturamedia-d-50-%c2%b5g-200-kaps\/","title":{"rendered":"NaturaMedia  D 50 mcg 200 kaps"},"content":{"rendered":"<h4>Vuorokausiannos sis\u00e4lt\u00e4\u00e4: 1 kaps<\/h4>\n<p>D3-vitamiini &#8230;&#8230;&#8230;&#8230;&#8230;&#8230;&#8230;. 100 \u00b5g<\/p>\n<p>&nbsp;<\/p>\n<p>Ravintolis\u00e4 ei korvaa monipuolista ja tasapainoista ruokavaliota eik\u00e4 terveit\u00e4 el\u00e4m\u00e4ntapoja.<\/p>\n","protected":false},"excerpt":{"rendered":"<h4>D 50 \u00b5g &#8211; Aikuisen terveyden tueksi!<\/h4>\n<p>Yksi kapseli sis\u00e4lt\u00e4\u00e4 50 mikrogrammaa D3-vitamiinia.<\/p>\n<p>Natura Median D 50 \u00b5g on ihanteellinen D-vitamiinilis\u00e4 yll\u00e4pit\u00e4m\u00e4\u00e4n hyv\u00e4\u00e4 terveytt\u00e4 l\u00e4pi vuoden. \u00d6ljykapseleissa D-vitamiini jakautuu tasaisesti, joka takaa sen ett\u00e4 kaikissa kapseleissa on sama vitamiinipitoisuus. Kapselit ovat kooltaan pieni\u00e4, jolloin ne on helppo niell\u00e4. Lis\u00e4ksi, koska D-vitamiini on rasvaliukoinen vitamiini, \u00f6ljykapselissa olevalle vitamiinille saadaan paras mahdollinen imeytyvyys.<\/p>\n<p>&nbsp;<\/p>\n<p>D-vitamiinin t\u00e4rkeydest\u00e4 ja sen osasta sairauksien ehk\u00e4isyss\u00e4 saadaan jatkuvasti uusia tutkimustuloksia. T\u00e4h\u00e4n menness\u00e4 on voitu todeta, ett\u00e4 D-vitamiinin terveysvaikutuksia ovat mm:<\/p>\n<ul>\n<li>edist\u00e4\u00e4 kalsiumin ja fosforin imeytymist\u00e4, mik\u00e4 on ensiarvoisen t\u00e4rke\u00e4\u00e4 luuston hyvinvoinnille. D-vitamiini edist\u00e4\u00e4 my\u00f6s veren normaalia kalsiumtasoa. Lis\u00e4ksi D-<\/li>\n<li>vitamiini vaikuttaa luuston pysymiseen normaalina my\u00f6s muiden prosessien kautta.<\/li>\n<li>edist\u00e4\u00e4 normaalin lihastoiminnan yll\u00e4pit\u00e4mist\u00e4<\/li>\n<li>edist\u00e4\u00e4 immuunij\u00e4rjestelm\u00e4n normaalia toimintaa<\/li>\n<li>edist\u00e4\u00e4 hampaiden pysymist\u00e4 normaalina<\/li>\n<li>osallistuu solujen jakautumisprosessiin<\/li>\n<\/ul>\n<p>&nbsp;<\/p>\n<h4>Pakkauskoko<\/h4>\n<p>200 kapselia<\/p>\n<p>&nbsp;<\/p>\n","protected":false},"featured_media":2579,"template":"","meta":{"_acf_changed":false,"rs_blank_template":"","rs_page_bg_color":"","slide_template_v7":""},"product_brand":[],"product_cat":[73,81,77],"product_tag":[],"class_list":{"0":"post-3500","1":"product","2":"type-product","3":"status-publish","4":"has-post-thumbnail","6":"product_cat-lisaravinteet-sv","7":"product_cat-naturamedia-sv","8":"product_cat-vitamiinit-sv","10":"first","11":"instock","12":"taxable","13":"shipping-taxable","14":"purchasable","15":"product-type-simple"},"acf":[],"_links":{"self":[{"href":"https:\/\/vaasanluonnonravinto.fi\/sv\/wp-json\/wp\/v2\/product\/3500","targetHints":{"allow":["GET"]}}],"collection":[{"href":"https:\/\/vaasanluonnonravinto.fi\/sv\/wp-json\/wp\/v2\/product"}],"about":[{"href":"https:\/\/vaasanluonnonravinto.fi\/sv\/wp-json\/wp\/v2\/types\/product"}],"wp:featuredmedia":[{"embeddable":true,"href":"https:\/\/vaasanluonnonravinto.fi\/sv\/wp-json\/wp\/v2\/media\/2579"}],"wp:attachment":[{"href":"https:\/\/vaasanluonnonravinto.fi\/sv\/wp-json\/wp\/v2\/media?parent=3500"}],"wp:term":[{"taxonomy":"product_brand","embeddable":true,"href":"https:\/\/vaasanluonnonravinto.fi\/sv\/wp-json\/wp\/v2\/product_brand?post=3500"},{"taxonomy":"product_cat","embeddable":true,"href":"https:\/\/vaasanluonnonravinto.fi\/sv\/wp-json\/wp\/v2\/product_cat?post=3500"},{"taxonomy":"product_tag","embeddable":true,"href":"https:\/\/vaasanluonnonravinto.fi\/sv\/wp-json\/wp\/v2\/product_tag?post=3500"}],"curies":[{"name":"wp","href":"https:\/\/api.w.org\/{rel}","templated":true}]}}