{"id":3497,"date":"2019-03-28T13:01:05","date_gmt":"2019-03-28T11:01:05","guid":{"rendered":"https:\/\/vaasanluonnonravinto.fi\/?post_type=product&#038;p=3497"},"modified":"2026-02-01T14:37:09","modified_gmt":"2026-02-01T12:37:09","slug":"aboa-medica-propolaid-propol-strong-fensatiini-30-kaps","status":"publish","type":"product","link":"https:\/\/vaasanluonnonravinto.fi\/sv\/tuote\/aboa-medica-propolaid-propol-strong-fensatiini-30-kaps\/","title":{"rendered":"Aboa Medica Propolaid Propol Strong Fensatiini 30 kaps"},"content":{"rendered":"","protected":false},"excerpt":{"rendered":"<p>C-vitamiinia ja acerolaa edist\u00e4\u00e4 normaalia immuunij\u00e4rjestelm\u00e4n toimintaa. Mesiangervon ja valkopajun salisiineilla on tunnetusti rauhoittava vaikutus \u00e4rtyneisiin limakalvoihin.<\/p>\n<p>&nbsp;<\/p>\n<h4>Ainesosat<\/h4>\n<p>Propolisuute* (12 % galangiinia), mesiangervo (Flipendula ulmaria Max) -uute** (0,2 % salisyylihappoa), valkopajunkuori (Salix alba L.) -uute** (3 % salisiinia), kapseliaine, (fermentoitu tapiokakuitu), L-askorbiinihappo (C-vitamiini), t\u00e4yteaine (mikrokiteinen selluloosa), punahattu (Echinacea purpurea M.) 1:4, Acerola (Malpighia punicifolia L.) -uute (25 % C-vitamiinia), paakkuuntumisenestoaineet (kasvirasvahappojen magnesiumsuolat, piidioksidi), kapseliaineet (karrageeni, kaliumkloridi).<\/p>\n<p>Kantaja-aineet: *arabikumi, sakkaroosi, silikageeli **maltodekstriini<\/p>\n","protected":false},"featured_media":2385,"template":"","meta":{"_acf_changed":false,"rs_blank_template":"","rs_page_bg_color":"","slide_template_v7":""},"product_brand":[],"product_cat":[88,78,73,77],"product_tag":[],"class_list":{"0":"post-3497","1":"product","2":"type-product","3":"status-publish","4":"has-post-thumbnail","6":"product_cat-aboa-medica-sv","7":"product_cat-muut-ravintolisat-sv","8":"product_cat-lisaravinteet-sv","9":"product_cat-vitamiinit-sv","11":"first","12":"instock","13":"taxable","14":"shipping-taxable","15":"purchasable","16":"product-type-simple"},"acf":[],"_links":{"self":[{"href":"https:\/\/vaasanluonnonravinto.fi\/sv\/wp-json\/wp\/v2\/product\/3497","targetHints":{"allow":["GET"]}}],"collection":[{"href":"https:\/\/vaasanluonnonravinto.fi\/sv\/wp-json\/wp\/v2\/product"}],"about":[{"href":"https:\/\/vaasanluonnonravinto.fi\/sv\/wp-json\/wp\/v2\/types\/product"}],"wp:featuredmedia":[{"embeddable":true,"href":"https:\/\/vaasanluonnonravinto.fi\/sv\/wp-json\/wp\/v2\/media\/2385"}],"wp:attachment":[{"href":"https:\/\/vaasanluonnonravinto.fi\/sv\/wp-json\/wp\/v2\/media?parent=3497"}],"wp:term":[{"taxonomy":"product_brand","embeddable":true,"href":"https:\/\/vaasanluonnonravinto.fi\/sv\/wp-json\/wp\/v2\/product_brand?post=3497"},{"taxonomy":"product_cat","embeddable":true,"href":"https:\/\/vaasanluonnonravinto.fi\/sv\/wp-json\/wp\/v2\/product_cat?post=3497"},{"taxonomy":"product_tag","embeddable":true,"href":"https:\/\/vaasanluonnonravinto.fi\/sv\/wp-json\/wp\/v2\/product_tag?post=3497"}],"curies":[{"name":"wp","href":"https:\/\/api.w.org\/{rel}","templated":true}]}}