{"id":3496,"date":"2019-05-29T12:34:12","date_gmt":"2019-05-29T09:34:12","guid":{"rendered":"https:\/\/vaasanluonnonravinto.fi\/?post_type=product&#038;p=3496"},"modified":"2021-10-25T16:23:19","modified_gmt":"2021-10-25T13:23:19","slug":"naturamedia-biosorin-gelee-royale-500-60-kaps","status":"publish","type":"product","link":"https:\/\/vaasanluonnonravinto.fi\/sv\/tuote\/naturamedia-biosorin-gelee-royale-500-60-kaps\/","title":{"rendered":"NaturaMedia Biosorin Gel\u00e9e Royale 500 60 kaps"},"content":{"rendered":"<h4>Vaikuttavat aineet:<\/h4>\n<p>Gel\u00e9e Royale * 500 mg<\/p>\n<p>&nbsp;<\/p>\n<p>*Biosorin Gel\u00e9e Royale 500 sis\u00e4lt\u00e4\u00e4 lyofilisoitua gel\u00e9e royalea 166,66 mg\/kapseli, joka vastaa 500 mg tuoretta gel\u00e9e royalea<\/p>\n","protected":false},"excerpt":{"rendered":"<p>GEL\u00c9E ROYALE (kuningatarhyytel\u00f6, engl. royal jelly) on aine, jota ty\u00f6mehil\u00e4iset eritt\u00e4v\u00e4t kaikkien mehil\u00e4isyhdyskunnan toukkien ravinnoksi. Kuningatarmehil\u00e4ist\u00e4 ravitaan gel\u00e9e royalella koko sen el\u00e4m\u00e4n ajan.<\/p>\n<p>&nbsp;<\/p>\n<p>T\u00e4m\u00e4 l\u00e4hes v\u00e4rit\u00f6n tai kellert\u00e4v\u00e4 aine on eritt\u00e4in ravintorikasta, notkeaa ja hyytel\u00f6m\u00e4ist\u00e4. Hyytel\u00f6m\u00e4isyys lis\u00e4\u00e4ntyy aikaa my\u00f6ten ja muuttuu joutuessaan kosketuksiin ilman kanssa.<\/p>\n<p>&nbsp;<\/p>\n<p>Biosorin gel\u00e9e royale 500-kapseleissa k\u00e4ytetty kuningatarhyytel\u00f6 on puhdas luonnontuote, jolla ei ole haitallisia sivuvaikutuksia noudatettaessa suositeltua annostusta. Se on yhteensopiva mink\u00e4 tahansa muun luontaishoidon kanssa, mutta t\u00e4ydent\u00e4\u00e4 erityisesti ravintoaine- ja antioksidanttiterapiaa.<\/p>\n<p>&nbsp;<\/p>\n<p>Ruoka-ainerajoitukset ovat nyky\u00e4\u00e4n lis\u00e4\u00e4ntyneet, eik\u00e4 monien ruokavalio v\u00e4ltt\u00e4m\u00e4tt\u00e4 sis\u00e4ll\u00e4 kaikkia ihmiskehon tarvitsemia, luontaisesti t\u00e4rkeit\u00e4 ravintotekij\u00f6it\u00e4. Kuningatarhyytel\u00f6 voi korjata n\u00e4it\u00e4 puutteita merkitt\u00e4v\u00e4sti.<\/p>\n<p>&nbsp;<\/p>\n<h4>Sis\u00e4lt\u00f6<\/h4>\n<p>60 kapselia<\/p>\n<p>&nbsp;<\/p>\n<h4>Annostus<\/h4>\n<p>1 kapseli p\u00e4iv\u00e4ss\u00e4<\/p>\n<p>&nbsp;<\/p>\n","protected":false},"featured_media":2561,"template":"","meta":{"_acf_changed":false,"rs_blank_template":"","rs_page_bg_color":"","slide_template_v7":""},"product_brand":[],"product_cat":[73,81],"product_tag":[],"class_list":{"0":"post-3496","1":"product","2":"type-product","3":"status-publish","4":"has-post-thumbnail","6":"product_cat-lisaravinteet-sv","7":"product_cat-naturamedia-sv","9":"first","10":"instock","11":"taxable","12":"shipping-taxable","13":"purchasable","14":"product-type-simple"},"acf":[],"_links":{"self":[{"href":"https:\/\/vaasanluonnonravinto.fi\/sv\/wp-json\/wp\/v2\/product\/3496","targetHints":{"allow":["GET"]}}],"collection":[{"href":"https:\/\/vaasanluonnonravinto.fi\/sv\/wp-json\/wp\/v2\/product"}],"about":[{"href":"https:\/\/vaasanluonnonravinto.fi\/sv\/wp-json\/wp\/v2\/types\/product"}],"wp:featuredmedia":[{"embeddable":true,"href":"https:\/\/vaasanluonnonravinto.fi\/sv\/wp-json\/wp\/v2\/media\/2561"}],"wp:attachment":[{"href":"https:\/\/vaasanluonnonravinto.fi\/sv\/wp-json\/wp\/v2\/media?parent=3496"}],"wp:term":[{"taxonomy":"product_brand","embeddable":true,"href":"https:\/\/vaasanluonnonravinto.fi\/sv\/wp-json\/wp\/v2\/product_brand?post=3496"},{"taxonomy":"product_cat","embeddable":true,"href":"https:\/\/vaasanluonnonravinto.fi\/sv\/wp-json\/wp\/v2\/product_cat?post=3496"},{"taxonomy":"product_tag","embeddable":true,"href":"https:\/\/vaasanluonnonravinto.fi\/sv\/wp-json\/wp\/v2\/product_tag?post=3496"}],"curies":[{"name":"wp","href":"https:\/\/api.w.org\/{rel}","templated":true}]}}