{"id":3492,"date":"2019-05-29T12:34:11","date_gmt":"2019-05-29T09:34:11","guid":{"rendered":"https:\/\/vaasanluonnonravinto.fi\/?post_type=product&#038;p=3492"},"modified":"2025-09-02T16:08:34","modified_gmt":"2025-09-02T13:08:34","slug":"naturamedia-kverilla-90-kaps","status":"publish","type":"product","link":"https:\/\/vaasanluonnonravinto.fi\/sv\/tuote\/naturamedia-kverilla-90-kaps\/","title":{"rendered":"NaturaMedia Kverilla 80 kaps"},"content":{"rendered":"<h4>Vaikuttavat aineet \/ 1 kaps.:<\/h4>\n<p>Perillansiemenuute 110 mg<br \/>\nKversetiini 220 mg<br \/>\nPlantagouute 220 mg<\/p>\n<p>&nbsp;<\/p>\n<p>Ravintolis\u00e4 ei korvaa monipuolista ja tasapainoista ruokavaliota eik\u00e4 terveit\u00e4 el\u00e4m\u00e4ntapoja.<\/p>\n","protected":false},"excerpt":{"rendered":"<h4>Kasviper\u00e4inen yhdistelm\u00e4kapseli<\/h4>\n<p>KVERILLA-kapselit sis\u00e4lt\u00e4v\u00e4t tehokkaan yhdistelm\u00e4n kversetiinia, perillaa (Perilla frutescens) ja hein\u00e4ratamoa (Plantago lanceolata).<\/p>\n<p>&nbsp;<\/p>\n<p>Perilla eli veripeippi: Kasvin lehdet ker\u00e4t\u00e4\u00e4n ennen kukintaa, jolloin ne sis\u00e4lt\u00e4v\u00e4t eniten vaikuttavia aineita. Sen tehoaineet koostuvat glukosiidi- ja aglykoniflavonoideista. Perillaa on perinteisesti k\u00e4ytetty Aasian maissa.<\/p>\n<p>&nbsp;<\/p>\n<p>Kversetiini: Luonnollinen flavonoidi, joka on uutettu Sophora japonica puun kukkanupuista.<\/p>\n<p>&nbsp;<\/p>\n<p>Plantago eli hein\u00e4ratamo: Perinteinen, Keski-Euroopassa laajalti hoitoon k\u00e4ytetty kasvi.<\/p>\n<p>&nbsp;<\/p>\n<h4>Pakkauskoko<\/h4>\n<p>80 KAPS.<\/p>\n<p>&nbsp;<\/p>\n<h4>P\u00e4iv\u00e4annos<\/h4>\n<p>1-2 kapselia p\u00e4iv\u00e4ss\u00e4.<\/p>\n","protected":false},"featured_media":20896,"template":"","meta":{"_acf_changed":false,"rs_blank_template":"","rs_page_bg_color":"","slide_template_v7":""},"product_brand":[],"product_cat":[73,81],"product_tag":[],"class_list":{"0":"post-3492","1":"product","2":"type-product","3":"status-publish","4":"has-post-thumbnail","6":"product_cat-lisaravinteet-sv","7":"product_cat-naturamedia-sv","9":"first","10":"instock","11":"taxable","12":"shipping-taxable","13":"purchasable","14":"product-type-simple"},"acf":[],"_links":{"self":[{"href":"https:\/\/vaasanluonnonravinto.fi\/sv\/wp-json\/wp\/v2\/product\/3492","targetHints":{"allow":["GET"]}}],"collection":[{"href":"https:\/\/vaasanluonnonravinto.fi\/sv\/wp-json\/wp\/v2\/product"}],"about":[{"href":"https:\/\/vaasanluonnonravinto.fi\/sv\/wp-json\/wp\/v2\/types\/product"}],"wp:featuredmedia":[{"embeddable":true,"href":"https:\/\/vaasanluonnonravinto.fi\/sv\/wp-json\/wp\/v2\/media\/20896"}],"wp:attachment":[{"href":"https:\/\/vaasanluonnonravinto.fi\/sv\/wp-json\/wp\/v2\/media?parent=3492"}],"wp:term":[{"taxonomy":"product_brand","embeddable":true,"href":"https:\/\/vaasanluonnonravinto.fi\/sv\/wp-json\/wp\/v2\/product_brand?post=3492"},{"taxonomy":"product_cat","embeddable":true,"href":"https:\/\/vaasanluonnonravinto.fi\/sv\/wp-json\/wp\/v2\/product_cat?post=3492"},{"taxonomy":"product_tag","embeddable":true,"href":"https:\/\/vaasanluonnonravinto.fi\/sv\/wp-json\/wp\/v2\/product_tag?post=3492"}],"curies":[{"name":"wp","href":"https:\/\/api.w.org\/{rel}","templated":true}]}}