{"id":3489,"date":"2019-05-29T12:34:10","date_gmt":"2019-05-29T09:34:10","guid":{"rendered":"https:\/\/vaasanluonnonravinto.fi\/?post_type=product&#038;p=3489"},"modified":"2020-09-14T16:35:29","modified_gmt":"2020-09-14T13:35:29","slug":"naturamedia-biosorin-magnesium-sinkki-120-kaps","status":"publish","type":"product","link":"https:\/\/vaasanluonnonravinto.fi\/sv\/tuote\/naturamedia-biosorin-magnesium-sinkki-120-kaps\/","title":{"rendered":"NaturaMedia Biosorin Magnesium-Sinkki 120 kaps"},"content":{"rendered":"<h4>Vaikuttavat aineet \/ 1 kaps.:<\/h4>\n<p>Sinkki\u00e4 22 mg<br \/>\nMagnesiumia 270 mg<\/p>\n<p>&nbsp;<\/p>\n<p>Ravintolis\u00e4 ei korvaa monipuolista ja tasapainoista ruokavaliota eik\u00e4 terveit\u00e4 el\u00e4m\u00e4ntapoja.<\/p>\n","protected":false},"excerpt":{"rendered":"<h4>Magnesium ja sinkki kasvikapseleissa<\/h4>\n<p>Biosorin Magnesium Sinkki on ainutlaatuinen magnesium-sinkki-kompleksivalmiste. Magnesium ja sinkki toimivat samankaltaisilla vaikutusalueilla, joten niiden yhteisk\u00e4ytt\u00f6 lis\u00e4\u00e4 saatavaa hy\u00f6ty\u00e4.<\/p>\n<p>&nbsp;<\/p>\n<p>Magnesium ja sinkki osallistuvat kehossa mm. aineenvaihduntaan, proteiinisynteesiin, solujen jakautumisprosessiin ja aivojen normaaliin toimintaan. Lis\u00e4ksi sinkill\u00e4 on hiusten, kynsien, ihon ja luuston terveytt\u00e4 yll\u00e4pit\u00e4v\u00e4 vaikutus.<\/p>\n<p>&nbsp;<\/p>\n<p>Biosorin Magnesium Sinkki sis\u00e4lt\u00e4\u00e4 270 mg hyvin imeytyv\u00e4\u00e4, luonnollista magnesiumoksidia ja 22 mg sinkki\u00e4 pikoliinihappoon sitoutuneessa luonnollisessa muodossa.<\/p>\n<p>&nbsp;<\/p>\n<h4>Sis\u00e4lt\u00f6<\/h4>\n<p>120 kapselia<\/p>\n<p>&nbsp;<\/p>\n<h4>P\u00e4iv\u00e4annos<\/h4>\n<p>1 kapseli p\u00e4iv\u00e4ss\u00e4<\/p>\n<p>&nbsp;<\/p>\n","protected":false},"featured_media":2575,"template":"","meta":{"_acf_changed":false,"rs_blank_template":"","rs_page_bg_color":"","slide_template_v7":""},"product_brand":[],"product_cat":[73,76,81],"product_tag":[],"class_list":{"0":"post-3489","1":"product","2":"type-product","3":"status-publish","4":"has-post-thumbnail","6":"product_cat-lisaravinteet-sv","7":"product_cat-kivennaisvalmisteet-sv","8":"product_cat-naturamedia-sv","10":"first","11":"instock","12":"taxable","13":"shipping-taxable","14":"purchasable","15":"product-type-simple"},"acf":[],"_links":{"self":[{"href":"https:\/\/vaasanluonnonravinto.fi\/sv\/wp-json\/wp\/v2\/product\/3489","targetHints":{"allow":["GET"]}}],"collection":[{"href":"https:\/\/vaasanluonnonravinto.fi\/sv\/wp-json\/wp\/v2\/product"}],"about":[{"href":"https:\/\/vaasanluonnonravinto.fi\/sv\/wp-json\/wp\/v2\/types\/product"}],"wp:featuredmedia":[{"embeddable":true,"href":"https:\/\/vaasanluonnonravinto.fi\/sv\/wp-json\/wp\/v2\/media\/2575"}],"wp:attachment":[{"href":"https:\/\/vaasanluonnonravinto.fi\/sv\/wp-json\/wp\/v2\/media?parent=3489"}],"wp:term":[{"taxonomy":"product_brand","embeddable":true,"href":"https:\/\/vaasanluonnonravinto.fi\/sv\/wp-json\/wp\/v2\/product_brand?post=3489"},{"taxonomy":"product_cat","embeddable":true,"href":"https:\/\/vaasanluonnonravinto.fi\/sv\/wp-json\/wp\/v2\/product_cat?post=3489"},{"taxonomy":"product_tag","embeddable":true,"href":"https:\/\/vaasanluonnonravinto.fi\/sv\/wp-json\/wp\/v2\/product_tag?post=3489"}],"curies":[{"name":"wp","href":"https:\/\/api.w.org\/{rel}","templated":true}]}}