{"id":3483,"date":"2019-05-29T12:34:07","date_gmt":"2019-05-29T09:34:07","guid":{"rendered":"https:\/\/vaasanluonnonravinto.fi\/?post_type=product&#038;p=3483"},"modified":"2025-05-06T12:44:10","modified_gmt":"2025-05-06T09:44:10","slug":"naturamedia-mincartil-tabletit-180-tabl","status":"publish","type":"product","link":"https:\/\/vaasanluonnonravinto.fi\/sv\/tuote\/naturamedia-mincartil-tabletit-180-tabl\/","title":{"rendered":"NaturaMedia Mincartil tabletit 180 tabl"},"content":{"rendered":"<h4>Vaikuttavat aineet:<\/h4>\n<p><strong>Kasviper\u00e4iset luonnolliset aminohapot \/ 6 tbl:<\/strong><br \/>\nAlaniini 141,63 mg<br \/>\nArginiini 249,12 mg<br \/>\nAsparagiini 379,44 mg<br \/>\nFenyylialaniini 171,12 mg*<br \/>\nGlutamiini 624,96 mg<br \/>\nGlysiini 137,64 mg<br \/>\nHistidiini 85,56 mg*<br \/>\nIsoleusiini 159,96 mg*<br \/>\nKysteiini 40,92 mg<br \/>\nLeusiini 267,84 mg*<br \/>\nLysiini 204,60 mg*<br \/>\nMetioniini 44,64 mg*<br \/>\nProliini 240,60 mg<br \/>\nSeriini 85,56 mg<br \/>\nTreoniini 122,76 mg*<br \/>\nTyptofaani 40,92 mg*<br \/>\nTyrosiini 122,76 mg<br \/>\nValiini 163,68 mg*<\/p>\n<p>&nbsp;<\/p>\n<p>*V\u00e4ltt\u00e4m\u00e4t\u00f6n aminohappo<\/p>\n<p>&nbsp;<\/p>\n<p><strong>Vitamiinit ja mineraalit \/ 6 tbl:<\/strong><br \/>\nC-vitamiini 36,0 mg<br \/>\nD-vitamiini 3,0 \u00b5g<br \/>\nA-vitamiini 480,0 \u00b5g<br \/>\nB5-vitamiini 3,6 mg<br \/>\nB6-vitamiini 1,2 mg<br \/>\nB2-vitamiini 0,96 mg<br \/>\nB1-vitamiini 0,84 mg<br \/>\nKalsium 165,60 mg<br \/>\nMagnesium 128,10 mg<br \/>\nPii 7,50 mg<br \/>\nMangaani 1,8 mg<\/p>\n","protected":false},"excerpt":{"rendered":"<p>MINCARTIL sis\u00e4lt\u00e4\u00e4 t\u00e4ysin puhtaita kasviper\u00e4isi\u00e4 aminohappoja.<\/p>\n<p>&nbsp;<\/p>\n<p>Aminohapot ovat elimist\u00f6n rakennusaineita: ne muodostavat proteiineja ja ovat veden j\u00e4lkeen m\u00e4\u00e4r\u00e4lt\u00e4\u00e4n suurin rakennusaine kehon soluissa, lihaksissa ja muissa kudoksissa. Ne toimivat hormonitoiminnassa ja kehon vasta-aineissa sairauksia vastaan. Aminohapot ovat t\u00e4rke\u00e4ss\u00e4 osassa solujen v\u00e4litt\u00e4j\u00e4aineina ja osallistuvat biosynteesiin, joka on kaikkien el\u00e4vien organismien rakentumisen perusta.<\/p>\n<p>&nbsp;<\/p>\n<p>Osaa aminohapoista terveen aikuisen ihmisen keho tuottaa itse, mutta yhdeks\u00e4\u00e4 elint\u00e4rke\u00e4\u00e4 aminohappoa saadaan vain ravinnosta. N\u00e4it\u00e4 aminohappoja ovat histidiini, isoleusiini, leusiini, lysiini, metioniini, fenyylialaniini, treoniini, tryptofaani ja valiini.<\/p>\n<p>&nbsp;<\/p>\n<p>Aminohapot muodostavat n\u00e4in ollen my\u00f6s kollageenirakenteiden perustan, mik\u00e4 on nivelrustojen t\u00e4rkein ainesosa ja perusedellytys niiden toiminnalle. Nopeasti imeytyvien, t\u00e4ysipainoisten aminohappojen, vitamiinien ja kivenn\u00e4isaineiden yhdistelm\u00e4 edist\u00e4\u00e4 luuston, rustojen, sidekudosten ja lihasten normaalia toimintaa. MNCARTIL sopii hyvin kaikille, jotka haluavat lis\u00e4t\u00e4 n\u00e4iden elimist\u00f6n t\u00e4rkeiden rakenneosien toimintaa yll\u00e4pit\u00e4vien ravintoaineiden saantia. Se sis\u00e4lt\u00e4\u00e4 my\u00f6s vitamiineja, jotka auttavat my\u00f6s v\u00e4hent\u00e4m\u00e4\u00e4n v\u00e4symyst\u00e4 ja uupumusta ja yll\u00e4pit\u00e4m\u00e4\u00e4n immuunij\u00e4rjestelm\u00e4n normaalia toimintaa.<\/p>\n<p>&nbsp;<\/p>\n<h4>Sis\u00e4lt\u00f6<\/h4>\n<p>180 tablettia<\/p>\n<p>&nbsp;<\/p>\n<h4>P\u00e4iv\u00e4annos<\/h4>\n<p>2 tablettia 3 kertaa p\u00e4iv\u00e4ss\u00e4.<\/p>\n","protected":false},"featured_media":2567,"template":"","meta":{"_acf_changed":false,"rs_blank_template":"","rs_page_bg_color":"","slide_template_v7":""},"product_brand":[],"product_cat":[83,73,81],"product_tag":[],"class_list":{"0":"post-3483","1":"product","2":"type-product","3":"status-publish","4":"has-post-thumbnail","6":"product_cat-aminohapot-sv","7":"product_cat-lisaravinteet-sv","8":"product_cat-naturamedia-sv","10":"first","11":"instock","12":"taxable","13":"shipping-taxable","14":"purchasable","15":"product-type-simple"},"acf":[],"_links":{"self":[{"href":"https:\/\/vaasanluonnonravinto.fi\/sv\/wp-json\/wp\/v2\/product\/3483","targetHints":{"allow":["GET"]}}],"collection":[{"href":"https:\/\/vaasanluonnonravinto.fi\/sv\/wp-json\/wp\/v2\/product"}],"about":[{"href":"https:\/\/vaasanluonnonravinto.fi\/sv\/wp-json\/wp\/v2\/types\/product"}],"wp:featuredmedia":[{"embeddable":true,"href":"https:\/\/vaasanluonnonravinto.fi\/sv\/wp-json\/wp\/v2\/media\/2567"}],"wp:attachment":[{"href":"https:\/\/vaasanluonnonravinto.fi\/sv\/wp-json\/wp\/v2\/media?parent=3483"}],"wp:term":[{"taxonomy":"product_brand","embeddable":true,"href":"https:\/\/vaasanluonnonravinto.fi\/sv\/wp-json\/wp\/v2\/product_brand?post=3483"},{"taxonomy":"product_cat","embeddable":true,"href":"https:\/\/vaasanluonnonravinto.fi\/sv\/wp-json\/wp\/v2\/product_cat?post=3483"},{"taxonomy":"product_tag","embeddable":true,"href":"https:\/\/vaasanluonnonravinto.fi\/sv\/wp-json\/wp\/v2\/product_tag?post=3483"}],"curies":[{"name":"wp","href":"https:\/\/api.w.org\/{rel}","templated":true}]}}