{"id":3481,"date":"2019-05-29T12:34:05","date_gmt":"2019-05-29T09:34:05","guid":{"rendered":"https:\/\/vaasanluonnonravinto.fi\/?post_type=product&#038;p=3481"},"modified":"2020-09-14T16:35:54","modified_gmt":"2020-09-14T13:35:54","slug":"naturamedia-monizymx10-entsyymitehoa-kapselissa-60-kaps","status":"publish","type":"product","link":"https:\/\/vaasanluonnonravinto.fi\/sv\/tuote\/naturamedia-monizymx10-entsyymitehoa-kapselissa-60-kaps\/","title":{"rendered":"NaturaMedia MonizymX10 &#8211; Entsyymitehoa kapselissa 60 kaps"},"content":{"rendered":"<h4>MonizymX10 sis\u00e4lt\u00e4\u00e4 suuren pitoisuuden kasviper\u00e4isi\u00e4 entsyymej\u00e4 &#8211; samoja joita ruoansulatusj\u00e4rjestelm\u00e4ss\u00e4 on luonnostaan:<\/h4>\n<p>Amylaasia Maltaasia<br \/>\nProteaasia (I, II, III) Invertaasia<br \/>\nLipaasia Bromelaiinia<br \/>\nLaktaasia Papaiinia<br \/>\nHemisellulaasia Alfa-galaktosidaasia<br \/>\nSellulaasia<\/p>\n<p>&nbsp;<\/p>\n<p>Entsyymit pilkkovat ravintoaineita ruoansulatusj\u00e4rjestelm\u00e4n eri osissa, joiden pH vaihtelee luonnostaan suuresti. MonizymX10-kapseleiden teho s\u00e4ilyy pH-alueella 3-9, joten sen teho ei heikkene mahahappojen vaikutuksesta.<\/p>\n","protected":false},"excerpt":{"rendered":"<h4>10-kertaisesti ruoansulatusentsyymej\u00e4!<\/h4>\n<p>MonizymX10 sis\u00e4lt\u00e4\u00e4 aiempaan verrattuna 10-kertaisen m\u00e4\u00e4r\u00e4n ruoansulatusentsyymej\u00e4. Kapselin sis\u00e4lt\u00e4m\u00e4t entsyymit tukevat kehon omia entsyymej\u00e4, jolloin ravintoaineet pilkkoutuvat tehokkaasti kehon hy\u00f6dynnett\u00e4v\u00e4ksi.<\/p>\n<p>&nbsp;<\/p>\n<h4>Ruoansulatusentsyymien t\u00e4rke\u00e4 teht\u00e4v\u00e4<\/h4>\n<p>Ihmisen ruoansulatusj\u00e4rjestelm\u00e4n eri osissa on entsyymej\u00e4, joilla on t\u00e4rke\u00e4 teht\u00e4v\u00e4: ne huolehtivat ravinnon pilkkoutumisesta sellaiseen muotoon, ett\u00e4 keho pystyy hy\u00f6dynt\u00e4m\u00e4\u00e4n sen. Jotkin entsyymit pilkkovat hiilihydraatteja, kuten laktoosia, kun taas toiset rasvaa tai proteiineja.<\/p>\n<p>&nbsp;<\/p>\n<p>Ruoansulatusongelmiin liittyv\u00e4t selitt\u00e4m\u00e4tt\u00f6m\u00e4t oireet saattavat turhaan rajoittaa nauttimasta joitakin terveellisi\u00e4 ja ravinteikkaita ruoka-aineita, kuten kypsent\u00e4m\u00e4tt\u00f6mi\u00e4 vihanneksia, maitotuotteita, tai kuitupitoisia viljoja siksi, ett\u00e4 ne koetaan \u201dhuonosti sulaviksi\u201d. Oireita saattavat olla ep\u00e4miellytt\u00e4v\u00e4t tuntemukset tai kouristukset vatsassa, turvotus, liiallinen kaasunmuodostus jne.<\/p>\n<p>&nbsp;<\/p>\n<p>Kun kehon omaa entsyymituotantoa tuetaan MonizymX10-entsyymikapseleilla, ravintoaineet pilkkoutuvat tehokkaasti ja terveellisen, monipuolisen ruokavalion yll\u00e4pit\u00e4minen on helpompaa.<\/p>\n<p>&nbsp;<\/p>\n<h4>K\u00e4ytt\u00f6ohje<\/h4>\n<p>MonizymX10 kapselien suositeltu annostus on 1-2 kapselia aterian yhteydess\u00e4, 1-3 kertaa vuorokaudessa. Kapseli voidaan ottaa juuri ennen ruokailua tai sen aikana. Sen voi nauttia nesteen kera, tai avatun kapselin sis\u00e4ll\u00f6n voi sirotella suoraan ruokaan.<\/p>\n<p>&nbsp;<\/p>\n<p>Tuote on kokonaisuudessaan 100% kasviper\u00e4inen<\/p>\n","protected":false},"featured_media":2571,"template":"","meta":{"_acf_changed":false},"product_brand":[],"product_cat":[87,73,81],"product_tag":[],"class_list":{"0":"post-3481","1":"product","2":"type-product","3":"status-publish","4":"has-post-thumbnail","6":"product_cat-vatsan-hyvinvointivalmisteet-sv","7":"product_cat-lisaravinteet-sv","8":"product_cat-naturamedia-sv","10":"first","11":"instock","12":"taxable","13":"shipping-taxable","14":"purchasable","15":"product-type-simple"},"acf":[],"_links":{"self":[{"href":"https:\/\/vaasanluonnonravinto.fi\/sv\/wp-json\/wp\/v2\/product\/3481","targetHints":{"allow":["GET"]}}],"collection":[{"href":"https:\/\/vaasanluonnonravinto.fi\/sv\/wp-json\/wp\/v2\/product"}],"about":[{"href":"https:\/\/vaasanluonnonravinto.fi\/sv\/wp-json\/wp\/v2\/types\/product"}],"wp:featuredmedia":[{"embeddable":true,"href":"https:\/\/vaasanluonnonravinto.fi\/sv\/wp-json\/wp\/v2\/media\/2571"}],"wp:attachment":[{"href":"https:\/\/vaasanluonnonravinto.fi\/sv\/wp-json\/wp\/v2\/media?parent=3481"}],"wp:term":[{"taxonomy":"product_brand","embeddable":true,"href":"https:\/\/vaasanluonnonravinto.fi\/sv\/wp-json\/wp\/v2\/product_brand?post=3481"},{"taxonomy":"product_cat","embeddable":true,"href":"https:\/\/vaasanluonnonravinto.fi\/sv\/wp-json\/wp\/v2\/product_cat?post=3481"},{"taxonomy":"product_tag","embeddable":true,"href":"https:\/\/vaasanluonnonravinto.fi\/sv\/wp-json\/wp\/v2\/product_tag?post=3481"}],"curies":[{"name":"wp","href":"https:\/\/api.w.org\/{rel}","templated":true}]}}