{"id":3479,"date":"2019-05-29T12:34:03","date_gmt":"2019-05-29T09:34:03","guid":{"rendered":"https:\/\/vaasanluonnonravinto.fi\/?post_type=product&#038;p=3479"},"modified":"2023-08-28T15:21:53","modified_gmt":"2023-08-28T12:21:53","slug":"naturamedia-resverasor-60-tabl","status":"publish","type":"product","link":"https:\/\/vaasanluonnonravinto.fi\/sv\/tuote\/naturamedia-resverasor-60-tabl\/","title":{"rendered":"NaturaMedia Resverasor 60 tabl"},"content":{"rendered":"<h4>P\u00e4iv\u00e4annos: 1-2 tablettia p\u00e4iv\u00e4ss\u00e4.<\/h4>\n<p>Vaikuttavat aineet \/ 1 tbl:<br \/>\nPolyfenolit yht. 135,6 mg<br \/>\nProanto- ja antosyanidiinit 73,8 mg<br \/>\nTanniinit 37,4 mg<br \/>\nFlavonoli 1,5 mg<br \/>\nResveratroli 202 \u00b5g<\/p>\n<p>&nbsp;<\/p>\n<p>Ravintolis\u00e4 ei korvaa monipuolista ja tasapainoista ruokavaliota eik\u00e4 terveit\u00e4 el\u00e4m\u00e4ntapoja.<\/p>\n","protected":false},"excerpt":{"rendered":"<h4>RESVERATROLI-Punaviinivalmiste<\/h4>\n<p>1 puriste vastaa 3 litraa punaviini\u00e4. Resveratrolilla ja punaviinill\u00e4 on tutkitusti suotuisia vaikutuksia elimist\u00f6\u00f6n ja terveyteen.<\/p>\n<p>&nbsp;<\/p>\n<p>RESVERATROLI &#8211; maailman tehokkain kasviper\u00e4inen solunsuoja<\/p>\n<p>&nbsp;<\/p>\n<p>Solujen aineenvaihdunta tuottaa kuona-aineita, joita kutsutaan &#8221;vapaiksi radikaaleiksi&#8221;. N\u00e4m\u00e4 aiheuttavat oksidaatio- eli hapettumisreaktioita heikent\u00e4en ja rappeuttaen soluja ja kudoksia (silm\u00e4n verkkokalvo, verisuonet, iho, kollageeni) ja n\u00e4in nopeuttavat niiden biologista vanhenemista. T\u00e4t\u00e4 soluaineenvaihdunnan sivuvaikutusta voidaan kuitenkin hidastaa antioksidanteilla. Resveratroli on yksi punaviinin voimakkaimmista terveytt\u00e4 edist\u00e4vist\u00e4 polyfenoleista.<\/p>\n<p>Resverasor on t\u00e4ydellinen luonnonantioksidantti, jota saadaan tummien ryp\u00e4leiden kuorikerroksista ja niiden siemenist\u00e4 Erityisen hell\u00e4 ker\u00e4ysmenetelm\u00e4 mahdollistaa sen, ett\u00e4 aineosat, joilla kaikilla on korkea antioksidanttivaikutus (polyfenolit, resveratroli, antosyanidiinit, oligomeeriset proantosyanidiinit jne.) s\u00e4ilytt\u00e4v\u00e4t ominaisuutensa ja suuren hapettumisprosessia est\u00e4v\u00e4n aktiivisuutensa. N\u00e4in niiden teho vapaiden radikaalien aiheuttamia muutoksia vastaan elimist\u00f6ss\u00e4mme on korkein mahdollinen.<\/p>\n<p>&nbsp;<\/p>\n<h4>Annostus<\/h4>\n<p>1-2 puristetta p\u00e4iv\u00e4ss\u00e4<\/p>\n<p>&nbsp;<\/p>\n<h4>Sis\u00e4lt\u00f6<\/h4>\n<p>60 tablettia<\/p>\n","protected":false},"featured_media":2563,"template":"","meta":{"_acf_changed":false,"rs_blank_template":"","rs_page_bg_color":"","slide_template_v7":""},"product_brand":[],"product_cat":[73,81],"product_tag":[],"class_list":{"0":"post-3479","1":"product","2":"type-product","3":"status-publish","4":"has-post-thumbnail","6":"product_cat-lisaravinteet-sv","7":"product_cat-naturamedia-sv","9":"first","10":"instock","11":"taxable","12":"shipping-taxable","13":"purchasable","14":"product-type-simple"},"acf":[],"_links":{"self":[{"href":"https:\/\/vaasanluonnonravinto.fi\/sv\/wp-json\/wp\/v2\/product\/3479","targetHints":{"allow":["GET"]}}],"collection":[{"href":"https:\/\/vaasanluonnonravinto.fi\/sv\/wp-json\/wp\/v2\/product"}],"about":[{"href":"https:\/\/vaasanluonnonravinto.fi\/sv\/wp-json\/wp\/v2\/types\/product"}],"wp:featuredmedia":[{"embeddable":true,"href":"https:\/\/vaasanluonnonravinto.fi\/sv\/wp-json\/wp\/v2\/media\/2563"}],"wp:attachment":[{"href":"https:\/\/vaasanluonnonravinto.fi\/sv\/wp-json\/wp\/v2\/media?parent=3479"}],"wp:term":[{"taxonomy":"product_brand","embeddable":true,"href":"https:\/\/vaasanluonnonravinto.fi\/sv\/wp-json\/wp\/v2\/product_brand?post=3479"},{"taxonomy":"product_cat","embeddable":true,"href":"https:\/\/vaasanluonnonravinto.fi\/sv\/wp-json\/wp\/v2\/product_cat?post=3479"},{"taxonomy":"product_tag","embeddable":true,"href":"https:\/\/vaasanluonnonravinto.fi\/sv\/wp-json\/wp\/v2\/product_tag?post=3479"}],"curies":[{"name":"wp","href":"https:\/\/api.w.org\/{rel}","templated":true}]}}