{"id":3477,"date":"2019-05-29T12:34:01","date_gmt":"2019-05-29T09:34:01","guid":{"rendered":"https:\/\/vaasanluonnonravinto.fi\/?post_type=product&#038;p=3477"},"modified":"2021-09-16T15:34:48","modified_gmt":"2021-09-16T12:34:48","slug":"naturamedia-homeocalc-120-g","status":"publish","type":"product","link":"https:\/\/vaasanluonnonravinto.fi\/sv\/tuote\/naturamedia-homeocalc-120-g\/","title":{"rendered":"NaturaMedia Homeocalc 120 g"},"content":{"rendered":"<h4>Annostus<\/h4>\n<p>Noin 1 runsas tl sekoitettuna pieneen m\u00e4\u00e4r\u00e4\u00e4n vett\u00e4. Sopii my\u00f6s lapsille.<\/p>\n<p>&nbsp;<\/p>\n<h4>Ainesosat<\/h4>\n<p>Kalsiumkarbonaatti, magnesiumkarbonaatti, piidioksidi, magnesiumkarbonaatti- glukoosiseos, kalsiumkarbonaattiglukoosiseos, piidioksidiglukoosiseos.<\/p>\n","protected":false},"excerpt":{"rendered":"<p>Jauhe joka sis\u00e4lt\u00e4\u00e4 kaksiarvoista kalsiumia. Jauheena hyvin imeytyv\u00e4ss\u00e4 muodossa. Ca-Mg-Si-valmiste (kalkki, magnesium, pii) luuston hyvinvointiin.<\/p>\n<p>&nbsp;<\/p>\n<h4>P\u00e4iv\u00e4annos 1 tl (2,4 g) sis\u00e4lt\u00e4\u00e4:<\/h4>\n<p>Kalsium 500 mg<br \/>\nMagnesium 250 mg<br \/>\nPiioksidi 100 mg<\/p>\n","protected":false},"featured_media":2611,"template":"","meta":{"_acf_changed":false,"rs_blank_template":"","rs_page_bg_color":"","slide_template_v7":""},"product_brand":[],"product_cat":[73,76,81],"product_tag":[],"class_list":{"0":"post-3477","1":"product","2":"type-product","3":"status-publish","4":"has-post-thumbnail","6":"product_cat-lisaravinteet-sv","7":"product_cat-kivennaisvalmisteet-sv","8":"product_cat-naturamedia-sv","10":"first","11":"instock","12":"taxable","13":"shipping-taxable","14":"purchasable","15":"product-type-simple"},"acf":[],"_links":{"self":[{"href":"https:\/\/vaasanluonnonravinto.fi\/sv\/wp-json\/wp\/v2\/product\/3477","targetHints":{"allow":["GET"]}}],"collection":[{"href":"https:\/\/vaasanluonnonravinto.fi\/sv\/wp-json\/wp\/v2\/product"}],"about":[{"href":"https:\/\/vaasanluonnonravinto.fi\/sv\/wp-json\/wp\/v2\/types\/product"}],"wp:featuredmedia":[{"embeddable":true,"href":"https:\/\/vaasanluonnonravinto.fi\/sv\/wp-json\/wp\/v2\/media\/2611"}],"wp:attachment":[{"href":"https:\/\/vaasanluonnonravinto.fi\/sv\/wp-json\/wp\/v2\/media?parent=3477"}],"wp:term":[{"taxonomy":"product_brand","embeddable":true,"href":"https:\/\/vaasanluonnonravinto.fi\/sv\/wp-json\/wp\/v2\/product_brand?post=3477"},{"taxonomy":"product_cat","embeddable":true,"href":"https:\/\/vaasanluonnonravinto.fi\/sv\/wp-json\/wp\/v2\/product_cat?post=3477"},{"taxonomy":"product_tag","embeddable":true,"href":"https:\/\/vaasanluonnonravinto.fi\/sv\/wp-json\/wp\/v2\/product_tag?post=3477"}],"curies":[{"name":"wp","href":"https:\/\/api.w.org\/{rel}","templated":true}]}}