{"id":3475,"date":"2019-04-03T10:07:25","date_gmt":"2019-04-03T07:07:25","guid":{"rendered":"https:\/\/vaasanluonnonravinto.fi\/?post_type=product&#038;p=3475"},"modified":"2020-09-14T16:35:40","modified_gmt":"2020-09-14T13:35:40","slug":"naturamedia-hevoskastanjauute-horse-chestnut-50ml","status":"publish","type":"product","link":"https:\/\/vaasanluonnonravinto.fi\/sv\/tuote\/naturamedia-hevoskastanjauute-horse-chestnut-50ml\/","title":{"rendered":"NaturaMedia Hevoskastanjauute \/Horse Chestnut 50ml"},"content":{"rendered":"","protected":false},"excerpt":{"rendered":"<p>Hevoskastanja-kasviglyseriiniuute 100 %. Ravintolis\u00e4.<\/p>\n<p>1 ml uutetta vastaa noin 1200 mg tuoretta kasvia.<\/p>\n<p>&nbsp;<\/p>\n<p>Pakkauskoko 50 ml<\/p>\n<p>&nbsp;<\/p>\n<h4>Annostus<\/h4>\n<p>1 ml kolme kertaa p\u00e4iv\u00e4ss\u00e4. Uute on pakattu pipettipulloon.<\/p>\n<p>&nbsp;<\/p>\n<p>Ravintolis\u00e4 ei korvaa monipuolista ja tasapainoista ruokavaliota eik\u00e4 terveit\u00e4 el\u00e4m\u00e4ntapoja<\/p>\n","protected":false},"featured_media":2620,"template":"","meta":{"_acf_changed":false,"rs_blank_template":"","rs_page_bg_color":"","slide_template_v7":""},"product_brand":[],"product_cat":[73,81],"product_tag":[],"class_list":{"0":"post-3475","1":"product","2":"type-product","3":"status-publish","4":"has-post-thumbnail","6":"product_cat-lisaravinteet-sv","7":"product_cat-naturamedia-sv","9":"first","10":"instock","11":"taxable","12":"shipping-taxable","13":"purchasable","14":"product-type-simple"},"acf":[],"_links":{"self":[{"href":"https:\/\/vaasanluonnonravinto.fi\/sv\/wp-json\/wp\/v2\/product\/3475","targetHints":{"allow":["GET"]}}],"collection":[{"href":"https:\/\/vaasanluonnonravinto.fi\/sv\/wp-json\/wp\/v2\/product"}],"about":[{"href":"https:\/\/vaasanluonnonravinto.fi\/sv\/wp-json\/wp\/v2\/types\/product"}],"wp:featuredmedia":[{"embeddable":true,"href":"https:\/\/vaasanluonnonravinto.fi\/sv\/wp-json\/wp\/v2\/media\/2620"}],"wp:attachment":[{"href":"https:\/\/vaasanluonnonravinto.fi\/sv\/wp-json\/wp\/v2\/media?parent=3475"}],"wp:term":[{"taxonomy":"product_brand","embeddable":true,"href":"https:\/\/vaasanluonnonravinto.fi\/sv\/wp-json\/wp\/v2\/product_brand?post=3475"},{"taxonomy":"product_cat","embeddable":true,"href":"https:\/\/vaasanluonnonravinto.fi\/sv\/wp-json\/wp\/v2\/product_cat?post=3475"},{"taxonomy":"product_tag","embeddable":true,"href":"https:\/\/vaasanluonnonravinto.fi\/sv\/wp-json\/wp\/v2\/product_tag?post=3475"}],"curies":[{"name":"wp","href":"https:\/\/api.w.org\/{rel}","templated":true}]}}