{"id":3474,"date":"2019-04-03T10:13:45","date_gmt":"2019-04-03T07:13:45","guid":{"rendered":"https:\/\/vaasanluonnonravinto.fi\/?post_type=product&#038;p=3474"},"modified":"2023-05-24T15:11:52","modified_gmt":"2023-05-24T12:11:52","slug":"naturamedia-karsimyskukkauute-passiflora-xxi-50ml","status":"publish","type":"product","link":"https:\/\/vaasanluonnonravinto.fi\/sv\/tuote\/naturamedia-karsimyskukkauute-passiflora-xxi-50ml\/","title":{"rendered":"NaturaMedia K\u00e4rsimyskukkauute\/Passiflora XXI 50ml"},"content":{"rendered":"","protected":false},"excerpt":{"rendered":"<h4>Ainesosat:<\/h4>\n<p>Glyseroli, vesi, lyofilisoitu k\u00e4rsimyskukkauute (Passiflora incarnata L. kasvin maanp\u00e4\u00e4llinen osa) 540mg,<\/p>\n<p>gamma-syklodekstriinit 180mg, alfa-syklodekstriinit 90mg<\/p>\n<p>&nbsp;<\/p>\n<h4>Annostus<\/h4>\n<p>Aikuiset: 1 ml kolme kertaa p\u00e4iv\u00e4ss\u00e4 joko sellaisenaan tai pienen vesim\u00e4\u00e4r\u00e4n kera. Uute on pakattu pipettipulloon.<\/p>\n<p>&nbsp;<\/p>\n<h4>Vaikuttava aineet per 3ml(EDS*) :<\/h4>\n<p>Flavonoidit 10,5mg . *Vaikuttava p\u00e4iv\u00e4annos (E.D.S.) ilmaisee aktiiviaineiden suositeltavan keskim\u00e4\u00e4r\u00e4isen<\/p>\n<p>vuorokausiannoksen.<\/p>\n<p>&nbsp;<\/p>\n<p>Ravintolis\u00e4.<\/p>\n","protected":false},"featured_media":0,"template":"","meta":{"_acf_changed":false,"rs_blank_template":"","rs_page_bg_color":"","slide_template_v7":""},"product_brand":[],"product_cat":[78,73,81],"product_tag":[],"class_list":{"0":"post-3474","1":"product","2":"type-product","3":"status-publish","5":"product_cat-muut-ravintolisat-sv","6":"product_cat-lisaravinteet-sv","7":"product_cat-naturamedia-sv","9":"first","10":"outofstock","11":"taxable","12":"shipping-taxable","13":"purchasable","14":"product-type-simple"},"acf":[],"_links":{"self":[{"href":"https:\/\/vaasanluonnonravinto.fi\/sv\/wp-json\/wp\/v2\/product\/3474","targetHints":{"allow":["GET"]}}],"collection":[{"href":"https:\/\/vaasanluonnonravinto.fi\/sv\/wp-json\/wp\/v2\/product"}],"about":[{"href":"https:\/\/vaasanluonnonravinto.fi\/sv\/wp-json\/wp\/v2\/types\/product"}],"wp:attachment":[{"href":"https:\/\/vaasanluonnonravinto.fi\/sv\/wp-json\/wp\/v2\/media?parent=3474"}],"wp:term":[{"taxonomy":"product_brand","embeddable":true,"href":"https:\/\/vaasanluonnonravinto.fi\/sv\/wp-json\/wp\/v2\/product_brand?post=3474"},{"taxonomy":"product_cat","embeddable":true,"href":"https:\/\/vaasanluonnonravinto.fi\/sv\/wp-json\/wp\/v2\/product_cat?post=3474"},{"taxonomy":"product_tag","embeddable":true,"href":"https:\/\/vaasanluonnonravinto.fi\/sv\/wp-json\/wp\/v2\/product_tag?post=3474"}],"curies":[{"name":"wp","href":"https:\/\/api.w.org\/{rel}","templated":true}]}}