{"id":3473,"date":"2019-04-03T10:25:38","date_gmt":"2019-04-03T07:25:38","guid":{"rendered":"https:\/\/vaasanluonnonravinto.fi\/?post_type=product&#038;p=3473"},"modified":"2021-09-15T15:38:45","modified_gmt":"2021-09-15T12:38:45","slug":"naturamedia-kultapiisku-uute-goldenrod-xxi-50ml","status":"publish","type":"product","link":"https:\/\/vaasanluonnonravinto.fi\/sv\/tuote\/naturamedia-kultapiisku-uute-goldenrod-xxi-50ml\/","title":{"rendered":"NaturaMedia Kultapiisku-uute\/Goldenrod XXI 50ml"},"content":{"rendered":"","protected":false},"excerpt":{"rendered":"<h4>Ainesosat:<\/h4>\n<p>Glyseroli, vesi, lyofilisoitu kultapiisku-uute 360mg, gamma-syklodekstriinit 120mg, alfa-syklodekstriinit 60mg<\/p>\n<p>&nbsp;<\/p>\n<h4>K\u00e4ytt\u00f6ohje:<\/h4>\n<p>Aikuiset 1ml 3kertaa p\u00e4iv\u00e4ss\u00e4 joko sellaisenaan tai pienen vesim\u00e4\u00e4r\u00e4n kera.<\/p>\n<p>&nbsp;<\/p>\n<h4>Vaikuttavat aineet: per 3ml<\/h4>\n<p>Flavonoidit 12mg<\/p>\n","protected":false},"featured_media":0,"template":"","meta":{"_acf_changed":false,"rs_blank_template":"","rs_page_bg_color":"","slide_template_v7":""},"product_brand":[],"product_cat":[78,73,81],"product_tag":[],"class_list":{"0":"post-3473","1":"product","2":"type-product","3":"status-publish","5":"product_cat-muut-ravintolisat-sv","6":"product_cat-lisaravinteet-sv","7":"product_cat-naturamedia-sv","9":"first","10":"outofstock","11":"taxable","12":"shipping-taxable","13":"purchasable","14":"product-type-simple"},"acf":[],"_links":{"self":[{"href":"https:\/\/vaasanluonnonravinto.fi\/sv\/wp-json\/wp\/v2\/product\/3473","targetHints":{"allow":["GET"]}}],"collection":[{"href":"https:\/\/vaasanluonnonravinto.fi\/sv\/wp-json\/wp\/v2\/product"}],"about":[{"href":"https:\/\/vaasanluonnonravinto.fi\/sv\/wp-json\/wp\/v2\/types\/product"}],"wp:attachment":[{"href":"https:\/\/vaasanluonnonravinto.fi\/sv\/wp-json\/wp\/v2\/media?parent=3473"}],"wp:term":[{"taxonomy":"product_brand","embeddable":true,"href":"https:\/\/vaasanluonnonravinto.fi\/sv\/wp-json\/wp\/v2\/product_brand?post=3473"},{"taxonomy":"product_cat","embeddable":true,"href":"https:\/\/vaasanluonnonravinto.fi\/sv\/wp-json\/wp\/v2\/product_cat?post=3473"},{"taxonomy":"product_tag","embeddable":true,"href":"https:\/\/vaasanluonnonravinto.fi\/sv\/wp-json\/wp\/v2\/product_tag?post=3473"}],"curies":[{"name":"wp","href":"https:\/\/api.w.org\/{rel}","templated":true}]}}