{"id":3472,"date":"2019-05-29T12:33:59","date_gmt":"2019-05-29T09:33:59","guid":{"rendered":"https:\/\/vaasanluonnonravinto.fi\/?post_type=product&#038;p=3472"},"modified":"2020-09-14T16:35:47","modified_gmt":"2020-09-14T13:35:47","slug":"naturamedia-lakritsinjuuriuute-50ml","status":"publish","type":"product","link":"https:\/\/vaasanluonnonravinto.fi\/sv\/tuote\/naturamedia-lakritsinjuuriuute-50ml\/","title":{"rendered":"NaturaMedia Lakritsinjuuriuute 50ml"},"content":{"rendered":"","protected":false},"excerpt":{"rendered":"<p>Lakritsijuuri-kasviglyseriiniuute 100 %. Ravintolis\u00e4.<\/p>\n<p>&nbsp;<\/p>\n<p>1 ml uutetta vastaa noin 1500 mg tuoretta kasvia.<\/p>\n<p>&nbsp;<\/p>\n<h4>Annostus<\/h4>\n<p>1 ml kolme kertaa p\u00e4iv\u00e4ss\u00e4. Uute on pakattu pipettipulloon.<\/p>\n","protected":false},"featured_media":0,"template":"","meta":{"_acf_changed":false},"product_brand":[],"product_cat":[78,73,81],"product_tag":[],"class_list":{"0":"post-3472","1":"product","2":"type-product","3":"status-publish","5":"product_cat-muut-ravintolisat-sv","6":"product_cat-lisaravinteet-sv","7":"product_cat-naturamedia-sv","9":"first","10":"instock","11":"taxable","12":"shipping-taxable","13":"purchasable","14":"product-type-simple"},"acf":[],"_links":{"self":[{"href":"https:\/\/vaasanluonnonravinto.fi\/sv\/wp-json\/wp\/v2\/product\/3472","targetHints":{"allow":["GET"]}}],"collection":[{"href":"https:\/\/vaasanluonnonravinto.fi\/sv\/wp-json\/wp\/v2\/product"}],"about":[{"href":"https:\/\/vaasanluonnonravinto.fi\/sv\/wp-json\/wp\/v2\/types\/product"}],"wp:attachment":[{"href":"https:\/\/vaasanluonnonravinto.fi\/sv\/wp-json\/wp\/v2\/media?parent=3472"}],"wp:term":[{"taxonomy":"product_brand","embeddable":true,"href":"https:\/\/vaasanluonnonravinto.fi\/sv\/wp-json\/wp\/v2\/product_brand?post=3472"},{"taxonomy":"product_cat","embeddable":true,"href":"https:\/\/vaasanluonnonravinto.fi\/sv\/wp-json\/wp\/v2\/product_cat?post=3472"},{"taxonomy":"product_tag","embeddable":true,"href":"https:\/\/vaasanluonnonravinto.fi\/sv\/wp-json\/wp\/v2\/product_tag?post=3472"}],"curies":[{"name":"wp","href":"https:\/\/api.w.org\/{rel}","templated":true}]}}