{"id":3470,"date":"2019-05-29T12:33:55","date_gmt":"2019-05-29T09:33:55","guid":{"rendered":"https:\/\/vaasanluonnonravinto.fi\/?post_type=product&#038;p=3470"},"modified":"2020-09-14T16:36:11","modified_gmt":"2020-09-14T13:36:11","slug":"naturamedia-sarviapilauute-fenugreek-50ml","status":"publish","type":"product","link":"https:\/\/vaasanluonnonravinto.fi\/sv\/tuote\/naturamedia-sarviapilauute-fenugreek-50ml\/","title":{"rendered":"NaturaMedia Sarviapilauute \/ Fenugreek 50ml"},"content":{"rendered":"","protected":false},"excerpt":{"rendered":"<h4>Annostus<\/h4>\n<p>1 ml. (n.25 tippaa) kolme kertaa p\u00e4iv\u00e4ss\u00e4 sellaisenaan tai sekoitettuna pieneen m\u00e4\u00e4r\u00e4\u00e4n vett\u00e4. Ravistettava ennen k\u00e4ytt\u00f6\u00e4.<\/p>\n<p>&nbsp;<\/p>\n<p>S\u00e4ilyt\u00e4 valolta suojattuna, kuivassa ja viile\u00e4ss\u00e4, alle 25\u00b0C<\/p>\n<p>&nbsp;<\/p>\n<h4>Ainesosat 3 ml:<\/h4>\n<p>vesi, glyseroli, lyofilisoitu sarviapilauute Trigonella foenum-graecum L, siemen, 448 mg.<br \/>\nalfa-syklodekstriinit 3,5 mg, trigonelliini 3,9 mg.<\/p>\n","protected":false},"featured_media":0,"template":"","meta":{"_acf_changed":false},"product_brand":[],"product_cat":[78,73,81],"product_tag":[],"class_list":{"0":"post-3470","1":"product","2":"type-product","3":"status-publish","5":"product_cat-muut-ravintolisat-sv","6":"product_cat-lisaravinteet-sv","7":"product_cat-naturamedia-sv","9":"first","10":"instock","11":"taxable","12":"shipping-taxable","13":"purchasable","14":"product-type-simple"},"acf":[],"_links":{"self":[{"href":"https:\/\/vaasanluonnonravinto.fi\/sv\/wp-json\/wp\/v2\/product\/3470","targetHints":{"allow":["GET"]}}],"collection":[{"href":"https:\/\/vaasanluonnonravinto.fi\/sv\/wp-json\/wp\/v2\/product"}],"about":[{"href":"https:\/\/vaasanluonnonravinto.fi\/sv\/wp-json\/wp\/v2\/types\/product"}],"wp:attachment":[{"href":"https:\/\/vaasanluonnonravinto.fi\/sv\/wp-json\/wp\/v2\/media?parent=3470"}],"wp:term":[{"taxonomy":"product_brand","embeddable":true,"href":"https:\/\/vaasanluonnonravinto.fi\/sv\/wp-json\/wp\/v2\/product_brand?post=3470"},{"taxonomy":"product_cat","embeddable":true,"href":"https:\/\/vaasanluonnonravinto.fi\/sv\/wp-json\/wp\/v2\/product_cat?post=3470"},{"taxonomy":"product_tag","embeddable":true,"href":"https:\/\/vaasanluonnonravinto.fi\/sv\/wp-json\/wp\/v2\/product_tag?post=3470"}],"curies":[{"name":"wp","href":"https:\/\/api.w.org\/{rel}","templated":true}]}}