{"id":3469,"date":"2019-04-03T12:40:30","date_gmt":"2019-04-03T09:40:30","guid":{"rendered":"https:\/\/vaasanluonnonravinto.fi\/?post_type=product&#038;p=3469"},"modified":"2026-05-15T06:37:08","modified_gmt":"2026-05-15T03:37:08","slug":"pharmanord-bio-qinon-active-q10-gold-150-30-kaps","status":"publish","type":"product","link":"https:\/\/vaasanluonnonravinto.fi\/sv\/tuote\/pharmanord-bio-qinon-active-q10-gold-150-30-kaps\/","title":{"rendered":"Pharmanord Bio-Qinon Active Q10 GOLD 150 + 30 kaps"},"content":{"rendered":"<h4>Suositeltava vuorokausiannos 1-3 kapselia sis\u00e4lt\u00e4\u00e4:<\/h4>\n<p>Ubikinonia (koentsyymi Q10) 100 &#8211; 300 mg<br \/>\nB2-vitamiinia (riboflaviini) 1,4 \u2013 4,2 mg 100-300 %*<\/p>\n<p>&nbsp;<\/p>\n<p>* Vuorokautisen saannin vertailuarvosta<\/p>\n<p>&nbsp;<\/p>\n<h4>Annostus<\/h4>\n<p>1-3 kapselia p\u00e4iv\u00e4ss\u00e4, mieluiten ruokailujen yhteydess\u00e4.<br \/>\nSuositeltua vuorokausiannosta ei saa ylitt\u00e4\u00e4.<\/p>\n<p>&nbsp;<\/p>\n<p>Ravintolis\u00e4ll\u00e4 ei tule korvata monipuolista ruokavaliota eik\u00e4 terveit\u00e4 el\u00e4m\u00e4ntapoja.<\/p>\n<p>&nbsp;<\/p>\n<h4>S\u00e4ilytys<\/h4>\n<p>Huoneenl\u00e4mm\u00f6ss\u00e4, suojassa suoralta auringonvalolta.<br \/>\nS\u00e4ilyt\u00e4 tuote pienten lasten ulottumattomissa.<\/p>\n<p>&nbsp;<\/p>\n<h4>Ainesosat<\/h4>\n<p>Soija\u00f6ljy (osittain kovetettu),<br \/>\nkapselinkuori (liivate),<br \/>\nubikinoni,<br \/>\nkosteudens\u00e4ilytt\u00e4j\u00e4 (glyseroli),<br \/>\nhapettumisenestoaine (d-alfatokoferoli)<br \/>\nB2-vitamiini (riboflaviini),<br \/>\nv\u00e4rit (rautaoksidi, riboflaviini).<\/p>\n<p>&nbsp;<\/p>\n<p>Patentoitu valmistusmenetelm\u00e4, EP 3 190 898 B1.<\/p>\n","protected":false},"excerpt":{"rendered":"<h4>Enemm\u00e4n energiaa<\/h4>\n<ul>\n<li>100 mg ubikinonia kasvi\u00f6ljyss\u00e4, valolta suojaavassa kapselissa<\/li>\n<li>100% luonnollinen ubikinoni (koentsyymi Q10)<\/li>\n<li>Ainutlaatuinen koostumus, korkea hy\u00f6tyosuus<\/li>\n<li>Yli 25 vuoden tutkimuksen ja tuotekehityksen tulos<\/li>\n<li>Valmisteen ominaisuudet on dokumentoitu yli 100 tieteellisess\u00e4 tutkimuksessa<\/li>\n<li>Valmisteen raaka-aine on identtist\u00e4 kehon itse tuottaman ubikinonin kanssa<\/li>\n<li>Luonnollinen ubikinoni, ei sis\u00e4ll\u00e4 synteettisi\u00e4 cis-isomeerej\u00e4<\/li>\n<li>Kansainv\u00e4lisen ubikinonin tutkijoiden j\u00e4rjest\u00f6n (ICQA) valitsema vertailuvalmiste<\/li>\n<li>Lis\u00e4ksi B2-vitamiinia, joka edist\u00e4\u00e4 normaalia energia-aineenvaihduntaa ja auttaa v\u00e4hent\u00e4m\u00e4\u00e4n v\u00e4symyst\u00e4 ja uupumusta<\/li>\n<li>Valmistettu farmaseuttisten laatuvaatimusten mukaisesti<\/li>\n<\/ul>\n","protected":false},"featured_media":2677,"template":"","meta":{"_acf_changed":false,"rs_blank_template":"","rs_page_bg_color":"","slide_template_v7":""},"product_brand":[],"product_cat":[73,84,77],"product_tag":[],"class_list":{"0":"post-3469","1":"product","2":"type-product","3":"status-publish","4":"has-post-thumbnail","6":"product_cat-lisaravinteet-sv","7":"product_cat-pharmanord-sv","8":"product_cat-vitamiinit-sv","10":"first","11":"instock","12":"taxable","13":"shipping-taxable","14":"purchasable","15":"product-type-simple"},"acf":[],"_links":{"self":[{"href":"https:\/\/vaasanluonnonravinto.fi\/sv\/wp-json\/wp\/v2\/product\/3469","targetHints":{"allow":["GET"]}}],"collection":[{"href":"https:\/\/vaasanluonnonravinto.fi\/sv\/wp-json\/wp\/v2\/product"}],"about":[{"href":"https:\/\/vaasanluonnonravinto.fi\/sv\/wp-json\/wp\/v2\/types\/product"}],"wp:featuredmedia":[{"embeddable":true,"href":"https:\/\/vaasanluonnonravinto.fi\/sv\/wp-json\/wp\/v2\/media\/2677"}],"wp:attachment":[{"href":"https:\/\/vaasanluonnonravinto.fi\/sv\/wp-json\/wp\/v2\/media?parent=3469"}],"wp:term":[{"taxonomy":"product_brand","embeddable":true,"href":"https:\/\/vaasanluonnonravinto.fi\/sv\/wp-json\/wp\/v2\/product_brand?post=3469"},{"taxonomy":"product_cat","embeddable":true,"href":"https:\/\/vaasanluonnonravinto.fi\/sv\/wp-json\/wp\/v2\/product_cat?post=3469"},{"taxonomy":"product_tag","embeddable":true,"href":"https:\/\/vaasanluonnonravinto.fi\/sv\/wp-json\/wp\/v2\/product_tag?post=3469"}],"curies":[{"name":"wp","href":"https:\/\/api.w.org\/{rel}","templated":true}]}}