{"id":3462,"date":"2019-05-29T12:33:50","date_gmt":"2019-05-29T09:33:50","guid":{"rendered":"https:\/\/vaasanluonnonravinto.fi\/?post_type=product&#038;p=3462"},"modified":"2022-01-20T15:23:42","modified_gmt":"2022-01-20T13:23:42","slug":"eye-q-chews-mansikanmakuinen-rasvahappovalmiste-180-kpl","status":"publish","type":"product","link":"https:\/\/vaasanluonnonravinto.fi\/sv\/tuote\/eye-q-chews-mansikanmakuinen-rasvahappovalmiste-180-kpl\/","title":{"rendered":"Equazen chews mansikanmakuinen rasvahappovalmiste 180 kpl"},"content":{"rendered":"<div id=\"e-5919937e594bbe0bce55a87e\" class=\"wide-element default scale parent\" data-link=\"58e5e81c043ada2e5d4900ac\">\n<div class=\"element parent\">\n<div class=\"element text\">\n<div class=\"element-text content\">\n<div>\n<p>Rasvahapot pikkuv\u00e4elle!<\/p>\n<p>Pureskeltava, mansikanmakuinen kala- ja j\u00e4ttihelokki\u00f6ljykapseli, joka sis\u00e4lt\u00e4\u00e4 EPA-, DHA- ja GLA-rasvahappoja.<\/p>\n<p>Herkulliset mansikan makuiset Equazen purukapselit ovat helppo tapa turvata lasten tasapainoinen omega-3:n ja omega-6:n saanti s\u00e4\u00e4nn\u00f6llisesti, ymp\u00e4ri vuoden.<\/p>\n<p>Equazen -kapselit eiv\u00e4t sis\u00e4ll\u00e4 lis\u00e4ttyj\u00e4 vitamiineja, keinotekoisia aromi-, maku- tai makeutusaineita eik\u00e4 v\u00e4riaineita. Makeutettu hammasyst\u00e4v\u00e4llisell\u00e4 ksylitolilla.<\/p>\n<p class=\"\">Rasvahapot ovat ainutlaatuisessa ja kliinisesti tutkitussa\u00a0 9:3:1 suhteessa.<\/p>\n<p class=\"\">180 ja 360 kapselin pakkauskoko.<\/p>\n<\/div>\n<\/div>\n<\/div>\n<\/div>\n<\/div>\n<div id=\"e-5919937e594bbe0bce55a882\" class=\"wide-element default scale parent\" data-link=\"58ef21a136b5e70ea39cc543\">\n<div class=\"element parent\">\n<div class=\"element text\">\n<div class=\"element-text content\">\n<div>\n<h4>K\u00e4ytt\u00f6ohje<\/h4>\n<p>2 kapselia p\u00e4iv\u00e4ss\u00e4.<span class=\"brClass\"><br \/>\n<\/span>6 kapselia p\u00e4iv\u00e4ss\u00e412 ensimm\u00e4isen viikon ajan k\u00e4yt\u00f6n alussa tai pitk\u00e4n tauon j\u00e4lkeen rasvahappojen m\u00e4\u00e4r\u00e4n t\u00e4ydent\u00e4miseksi.<\/p>\n<\/div>\n<\/div>\n<\/div>\n<div class=\"element parent\">\n<div class=\"element text\">\n<div class=\"element-text content\">\n<div>\n<h4>Ainesosat<\/h4>\n<p class=\"\">Kala\u00f6ljy, j\u00e4ttihelokinsiemen\u00f6ljy (Oenothera biennis), kapselin kuori (kosteudens\u00e4ilytt\u00e4j\u00e4 glyseroli, liivate, puhdistettu vesi, makeutusaine ksylitoli, mansikka-aromi, t\u00e4yteaine selluloosajauhe), antioksidantti (alfatokoferoli GMO-vapaasta IP-SOIJASTA).<\/p>\n<\/div>\n<\/div>\n<\/div>\n<\/div>\n<\/div>\n<\/div>\n","protected":false},"excerpt":{"rendered":"<p>Pureskeltava, mansikanmakuinen kala- ja j\u00e4ttihelokki\u00f6ljykapseli, joka sis\u00e4lt\u00e4\u00e4 EPA-, DHA- ja GLA-rasvahappoja.<\/p>\n<p>Herkulliset mansikan makuiset Eye q purukapselit ovat helppo tapa turvata lasten tasapainoinen omega-3:n ja omega-6:n saanti s\u00e4\u00e4nn\u00f6llisesti, ymp\u00e4ri vuoden.<\/p>\n","protected":false},"featured_media":2716,"template":"","meta":{"_acf_changed":false},"product_brand":[],"product_cat":[80,73],"product_tag":[],"class_list":{"0":"post-3462","1":"product","2":"type-product","3":"status-publish","4":"has-post-thumbnail","6":"product_cat-rasvahappo-ja-oljyvalmisteet-sv","7":"product_cat-lisaravinteet-sv","9":"first","10":"instock","11":"taxable","12":"shipping-taxable","13":"purchasable","14":"product-type-simple"},"acf":[],"_links":{"self":[{"href":"https:\/\/vaasanluonnonravinto.fi\/sv\/wp-json\/wp\/v2\/product\/3462","targetHints":{"allow":["GET"]}}],"collection":[{"href":"https:\/\/vaasanluonnonravinto.fi\/sv\/wp-json\/wp\/v2\/product"}],"about":[{"href":"https:\/\/vaasanluonnonravinto.fi\/sv\/wp-json\/wp\/v2\/types\/product"}],"wp:featuredmedia":[{"embeddable":true,"href":"https:\/\/vaasanluonnonravinto.fi\/sv\/wp-json\/wp\/v2\/media\/2716"}],"wp:attachment":[{"href":"https:\/\/vaasanluonnonravinto.fi\/sv\/wp-json\/wp\/v2\/media?parent=3462"}],"wp:term":[{"taxonomy":"product_brand","embeddable":true,"href":"https:\/\/vaasanluonnonravinto.fi\/sv\/wp-json\/wp\/v2\/product_brand?post=3462"},{"taxonomy":"product_cat","embeddable":true,"href":"https:\/\/vaasanluonnonravinto.fi\/sv\/wp-json\/wp\/v2\/product_cat?post=3462"},{"taxonomy":"product_tag","embeddable":true,"href":"https:\/\/vaasanluonnonravinto.fi\/sv\/wp-json\/wp\/v2\/product_tag?post=3462"}],"curies":[{"name":"wp","href":"https:\/\/api.w.org\/{rel}","templated":true}]}}