{"id":3458,"date":"2019-04-04T09:57:03","date_gmt":"2019-04-04T06:57:03","guid":{"rendered":"https:\/\/vaasanluonnonravinto.fi\/?post_type=product&#038;p=3458"},"modified":"2026-02-09T15:02:00","modified_gmt":"2026-02-09T13:02:00","slug":"pharmanord-bio-folin-400-%ce%bcg-120-kaps","status":"publish","type":"product","link":"https:\/\/vaasanluonnonravinto.fi\/sv\/tuote\/pharmanord-bio-folin-400-%ce%bcg-120-kaps\/","title":{"rendered":"Pharmanord Bio-Folin\u00ae 400 \u03bcg 120 kaps"},"content":{"rendered":"<h4>Annostus<\/h4>\n<p>1 tabletti p\u00e4iv\u00e4ss\u00e4. Foolihappoa suositellaan ravintolis\u00e4ksi jo raskautta suunniteltaessa sek\u00e4 raskauden aikana.<\/p>\n<p>Suositeltua vuorokausiannosta ei saa ylitt\u00e4\u00e4.<\/p>\n<p>&nbsp;<\/p>\n<h4>S\u00e4ilytys<\/h4>\n<p>Huoneenl\u00e4mm\u00f6ss\u00e4, suojassa suoralta auringonvalolta.<br \/>\nS\u00e4ilyt\u00e4 tuote pienten lasten ulottumattomissa<\/p>\n<p>&nbsp;<\/p>\n<p>Ravintolis\u00e4ll\u00e4 ei tule korvata monipuolista ruokavaliota eik\u00e4 terveit\u00e4 el\u00e4m\u00e4ntapoja.<\/p>\n<p>&nbsp;<\/p>\n<h4>Ainesosat<\/h4>\n<p>T\u00e4yteaine (mikrokiteinen selluloosa),<br \/>\nkiinteytt\u00e4misaine (maltodekstriini),<br \/>\npaakkuuntumisenestoaine (talkki),<br \/>\npintak\u00e4sittelyaine (talkki, hydroksipropyylimetyyliselluloosa),<br \/>\nv\u00e4ri (riboflaviini),<br \/>\npaakkuuntumisenestoaine (rasvahappojen magnesiumsuolat),<br \/>\nv\u00e4ri (titaanidioksidi),<br \/>\npteroyylimonoglutamiinihappo (foolihappo)<\/p>\n","protected":false},"excerpt":{"rendered":"<h4>Foolihapon l\u00e4hde raskauden tueksi<\/h4>\n<p>Foolihapon k\u00e4ytt\u00f6 voi olla tarpeen ennen raskautta ja raskauden aikana. Auttaa solujen jakautumista ja v\u00e4hent\u00e4m\u00e4\u00e4n v\u00e4symyst\u00e4.<\/p>\n<p>&nbsp;<\/p>\n<ul>\n<li>Hyv\u00e4ksi ennen raskautta ja raskauden aikana<\/li>\n<li>Sis\u00e4lt\u00e4\u00e4 400 \u03bcg foolihappoa eli folaattia<\/li>\n<li>Folaatti edist\u00e4\u00e4 kudosten kasvua raskauden aikana ja osallistuu solujen jakautumisprosessiin<\/li>\n<li>Folaatti auttaa v\u00e4hent\u00e4m\u00e4\u00e4n v\u00e4symyst\u00e4 ja uupumusta<\/li>\n<li>Valmistettu farmaseuttisten laatuvaatimusten mukaisesti<\/li>\n<\/ul>\n","protected":false},"featured_media":2655,"template":"","meta":{"_acf_changed":false},"product_brand":[],"product_cat":[73,84],"product_tag":[],"class_list":{"0":"post-3458","1":"product","2":"type-product","3":"status-publish","4":"has-post-thumbnail","6":"product_cat-lisaravinteet-sv","7":"product_cat-pharmanord-sv","9":"first","10":"outofstock","11":"taxable","12":"shipping-taxable","13":"purchasable","14":"product-type-simple"},"acf":[],"_links":{"self":[{"href":"https:\/\/vaasanluonnonravinto.fi\/sv\/wp-json\/wp\/v2\/product\/3458","targetHints":{"allow":["GET"]}}],"collection":[{"href":"https:\/\/vaasanluonnonravinto.fi\/sv\/wp-json\/wp\/v2\/product"}],"about":[{"href":"https:\/\/vaasanluonnonravinto.fi\/sv\/wp-json\/wp\/v2\/types\/product"}],"wp:featuredmedia":[{"embeddable":true,"href":"https:\/\/vaasanluonnonravinto.fi\/sv\/wp-json\/wp\/v2\/media\/2655"}],"wp:attachment":[{"href":"https:\/\/vaasanluonnonravinto.fi\/sv\/wp-json\/wp\/v2\/media?parent=3458"}],"wp:term":[{"taxonomy":"product_brand","embeddable":true,"href":"https:\/\/vaasanluonnonravinto.fi\/sv\/wp-json\/wp\/v2\/product_brand?post=3458"},{"taxonomy":"product_cat","embeddable":true,"href":"https:\/\/vaasanluonnonravinto.fi\/sv\/wp-json\/wp\/v2\/product_cat?post=3458"},{"taxonomy":"product_tag","embeddable":true,"href":"https:\/\/vaasanluonnonravinto.fi\/sv\/wp-json\/wp\/v2\/product_tag?post=3458"}],"curies":[{"name":"wp","href":"https:\/\/api.w.org\/{rel}","templated":true}]}}