{"id":3453,"date":"2019-04-04T10:10:51","date_gmt":"2019-04-04T07:10:51","guid":{"rendered":"https:\/\/vaasanluonnonravinto.fi\/?post_type=product&#038;p=3453"},"modified":"2026-05-15T06:37:10","modified_gmt":"2026-05-15T03:37:10","slug":"pharmanord-bio-karotene-150-tabl","status":"publish","type":"product","link":"https:\/\/vaasanluonnonravinto.fi\/sv\/tuote\/pharmanord-bio-karotene-150-tabl\/","title":{"rendered":"Pharmanord Bio-Karoten\u00ae+E 150kaps"},"content":{"rendered":"<h4>Suositeltava vuorokausiannos sis\u00e4lt\u00e4\u00e4: 1 kaps.<\/h4>\n<p>A-vitamiinia 1000 \u00b5g RE 125%*<\/p>\n<p>A-vitamiinin l\u00e4hteen\u00e4 valmisteessa on:<br \/>\nbeetakaroteenia 6 mg<br \/>\nE-vitamiinia 10 mg \u03b1-TE 83%*<\/p>\n<p>&nbsp;<\/p>\n<p>* Vuorokautisen saannin vertailuarvosta<\/p>\n<p>&nbsp;<\/p>\n<h4>Annostus<\/h4>\n<p>1-2 kapselia p\u00e4iv\u00e4ss\u00e4. Tasaisen rusketuksen saamiseksi aloita k\u00e4ytt\u00f6 2-3 viikkoa ennen auringossa oleskelua ja jatka keskeytyksett\u00e4 my\u00f6s j\u00e4lkeenp\u00e4in muutama viikko.<br \/>\nSuositeltua vuorokausiannosta ei saa ylitt\u00e4\u00e4.<\/p>\n<p>&nbsp;<\/p>\n<h4>S\u00e4ilytys<\/h4>\n<p>Huoneenl\u00e4mm\u00f6ss\u00e4, suojassa suoralta auringonvalolta.<br \/>\nTuote on s\u00e4ilytett\u00e4v\u00e4 pienten lasten ulottumattomissa.<\/p>\n<p>&nbsp;<\/p>\n<h4>Ainesosat<\/h4>\n<p>Soija\u00f6ljy, liivate, hydrogenoitu soija\u00f6ljy (osittain hydrogenoitu), kosteudens\u00e4ilytt\u00e4j\u00e4 (glyseroli), A-vitamiini (beetakaroteeni), E-vitamiini (D-alfa-tokoferoli), sakeuttamisaine (piidioksidi).<\/p>\n<p>&nbsp;<\/p>\n<p>Ravintolis\u00e4ll\u00e4 ei tule korvata monipuolista ruokavaliota eik\u00e4 terveit\u00e4 el\u00e4m\u00e4ntapoja.<\/p>\n","protected":false},"excerpt":{"rendered":"<h4>Hyv\u00e4ksi ihollesi<\/h4>\n<p>Bio-Karoten\u00ae+E \u2013 Beetakaroteenia hyvin imeytyv\u00e4ss\u00e4 muodossa. Luonnollinen A-vitamiinin esiaste ihon ja n\u00e4\u00f6n hyvinvoinnille.<\/p>\n<p>&nbsp;<\/p>\n<ul>\n<li>Puhdasta beetakaroteenia helposti imeytyv\u00e4ss\u00e4 ja pysyv\u00e4ss\u00e4 muodossa \u2013 luonnollinen A-vitamiinin esiaste<\/li>\n<li>Sis\u00e4lt\u00e4\u00e4 beetakaroteenia, A-vitamiinin esiastetta, joka edist\u00e4\u00e4 ihon, n\u00e4\u00f6n ja limakalvojen pysymist\u00e4 normaalina<\/li>\n<li>Luonnollista E-vitamiinia, joka edist\u00e4\u00e4 solujen suojaamista hapettumisstressilt\u00e4<\/li>\n<li>Valmistettu farmaseuttisten laatuvaatimusten mukaisesti<\/li>\n<\/ul>\n","protected":false},"featured_media":2643,"template":"","meta":{"_acf_changed":false,"rs_blank_template":"","rs_page_bg_color":"","slide_template_v7":""},"product_brand":[],"product_cat":[73,84,77],"product_tag":[],"class_list":{"0":"post-3453","1":"product","2":"type-product","3":"status-publish","4":"has-post-thumbnail","6":"product_cat-lisaravinteet-sv","7":"product_cat-pharmanord-sv","8":"product_cat-vitamiinit-sv","10":"first","11":"instock","12":"taxable","13":"shipping-taxable","14":"purchasable","15":"product-type-simple"},"acf":[],"_links":{"self":[{"href":"https:\/\/vaasanluonnonravinto.fi\/sv\/wp-json\/wp\/v2\/product\/3453","targetHints":{"allow":["GET"]}}],"collection":[{"href":"https:\/\/vaasanluonnonravinto.fi\/sv\/wp-json\/wp\/v2\/product"}],"about":[{"href":"https:\/\/vaasanluonnonravinto.fi\/sv\/wp-json\/wp\/v2\/types\/product"}],"wp:featuredmedia":[{"embeddable":true,"href":"https:\/\/vaasanluonnonravinto.fi\/sv\/wp-json\/wp\/v2\/media\/2643"}],"wp:attachment":[{"href":"https:\/\/vaasanluonnonravinto.fi\/sv\/wp-json\/wp\/v2\/media?parent=3453"}],"wp:term":[{"taxonomy":"product_brand","embeddable":true,"href":"https:\/\/vaasanluonnonravinto.fi\/sv\/wp-json\/wp\/v2\/product_brand?post=3453"},{"taxonomy":"product_cat","embeddable":true,"href":"https:\/\/vaasanluonnonravinto.fi\/sv\/wp-json\/wp\/v2\/product_cat?post=3453"},{"taxonomy":"product_tag","embeddable":true,"href":"https:\/\/vaasanluonnonravinto.fi\/sv\/wp-json\/wp\/v2\/product_tag?post=3453"}],"curies":[{"name":"wp","href":"https:\/\/api.w.org\/{rel}","templated":true}]}}