{"id":3451,"date":"2019-05-29T12:33:43","date_gmt":"2019-05-29T09:33:43","guid":{"rendered":"https:\/\/vaasanluonnonravinto.fi\/?post_type=product&#038;p=3451"},"modified":"2022-09-05T20:35:16","modified_gmt":"2022-09-05T17:35:16","slug":"gastronel-maitohappobakteerivalmiste-kaps-60-kpl","status":"publish","type":"product","link":"https:\/\/vaasanluonnonravinto.fi\/sv\/tuote\/gastronel-maitohappobakteerivalmiste-kaps-60-kpl\/","title":{"rendered":"Gastronel+ maitohappobakteerivalmiste kaps 60 kpl"},"content":{"rendered":"<div id=\"e-5919a7535911c60bc4efe6a8\" class=\"wide-element default scale parent\" data-link=\"58e5e81c043ada2e5d4900ac\">\n<div class=\"element parent\">\n<div class=\"element text\">\n<div class=\"element-text content\">\n<div>\n<p>Gastronel+ maitohappobakteerivalmisteen ainutlaatuisen koostumuksen sis\u00e4lt\u00e4m\u00e4 biotiini auttaa tukemaan suoliston limakalvojen hyvinvointia.\u00a0<span class=\"brClass\"><br \/>\n<\/span><span class=\"brClass\"><br \/>\n<\/span>Valmiste sis\u00e4lt\u00e4\u00e4 vatsahappoja hyvin kest\u00e4v\u00e4n Bacillus coagulans-maitohappobakteerin lis\u00e4ksi mm. hy\u00f6dyllisten suolistobakteerien ravinteina ja kiinnitysalustana toimivaa inuliinia sek\u00e4 immuunij\u00e4rjestelm\u00e4\u00e4 tukevia B6- ja B12-vitamiinia ja suolen limakalvon hyvinvointia edist\u00e4v\u00e4\u00e4 biotiinia.<span class=\"brClass\"><br \/>\n<\/span><span class=\"brClass\"><br \/>\n<\/span>Gastronel+ sopii k\u00e4ytett\u00e4v\u00e4ksi p\u00e4ivitt\u00e4in sek\u00e4 kuuriluonteisesti el\u00e4m\u00e4n erityistilanteissa kuten esim. l\u00e4\u00e4kekuurien kanssa, ulkomaan matkoilla ja vatsan reagoidessa \u00e4killisiin muutoksiin. Antibioottikuurin aikaan k\u00e4ytettyn\u00e4 on hyv\u00e4 pit\u00e4\u00e4 n. tunnin v\u00e4li l\u00e4\u00e4kkeen ja Gastronel+ annoksen v\u00e4liss\u00e4.<span class=\"brClass\"><br \/>\n<\/span><span class=\"brClass\"><br \/>\n<\/span>Pienikokoisen, helposti nielt\u00e4v\u00e4n kapselin voi my\u00f6s halutessa avata ja sekoittaa sis\u00e4ll\u00f6n ruokaan tai pieneen m\u00e4\u00e4r\u00e4\u00e4n nestett\u00e4. Ei sis\u00e4ll\u00e4 suolistoa mahdollisesti \u00e4rsytt\u00e4vi\u00e4 maku- tai makeutusaineita.<span class=\"brClass\"><br \/>\n<\/span><span class=\"brClass\"><br \/>\n<\/span>V\u00e4h\u00e4laktoosinen ja gluteeniton.<span class=\"brClass\"><br \/>\n<\/span><span class=\"brClass\"><br \/>\n<\/span>Pakkauskoko 60 kapselia.<span class=\"brClass\"><br \/>\n<\/span>P\u00e4iv\u00e4annos 2-3 kapselia.<span class=\"brClass\"><br \/>\n<\/span><\/p>\n<\/div>\n<\/div>\n<\/div>\n<\/div>\n<\/div>\n<div id=\"e-5919a7535911c60bc4efe6ac\" class=\"wide-element default scale parent\" data-link=\"58ef21a136b5e70ea39cc543\">\n<div class=\"element parent\">\n<div class=\"element text\">\n<div class=\"element-text content\">\n<div>\n<h4>K\u00e4ytt\u00f6ohje<\/h4>\n<p>2-3 kapselia vuorokaudessa.<\/p>\n<p>Sopii k\u00e4ytett\u00e4v\u00e4ksi p\u00e4ivitt\u00e4in sek\u00e4 esimerkiksi matkojen tai antibioottihoidon aikana. Antibioottihoidon aikana k\u00e4ytett\u00e4ess\u00e4, tulee Gastronel+ annoksen ja antibiootin oton v\u00e4liss\u00e4 pit\u00e4\u00e4 1-2 tunnin v\u00e4li.<\/p>\n<p class=\"\">Sopii my\u00f6s lapsille.<\/p>\n<p class=\"\">V\u00e4h\u00e4laktoosinen ja gluteeniton.<\/p>\n<\/div>\n<\/div>\n<\/div>\n<\/div>\n<\/div>\n","protected":false},"excerpt":{"rendered":"<p>Gastronel+ maitohappobakteerivalmisteen ainutlaatuisen koostumuksen sis\u00e4lt\u00e4m\u00e4 biotiini auttaa tukemaan suoliston limakalvojen hyvinvointia.\u00a0<span class=\"brClass\"><br \/>\n<\/span><span class=\"brClass\"><br \/>\n<\/span>Valmiste sis\u00e4lt\u00e4\u00e4 vatsahappoja hyvin kest\u00e4v\u00e4n Bacillus coagulans-maitohappobakteerin lis\u00e4ksi mm. hy\u00f6dyllisten suolistobakteerien ravinteina ja kiinnitysalustana toimivaa inuliinia sek\u00e4 immuunij\u00e4rjestelm\u00e4\u00e4 tukevia B6- ja B12-vitamiinia ja suolen limakalvon hyvinvointia edist\u00e4v\u00e4\u00e4 biotiinia.<\/p>\n","protected":false},"featured_media":2742,"template":"","meta":{"_acf_changed":false},"product_brand":[],"product_cat":[87,73,108],"product_tag":[],"class_list":{"0":"post-3451","1":"product","2":"type-product","3":"status-publish","4":"has-post-thumbnail","6":"product_cat-vatsan-hyvinvointivalmisteet-sv","7":"product_cat-lisaravinteet-sv","8":"product_cat-maitohappobakteerit-sv","10":"first","11":"instock","12":"taxable","13":"shipping-taxable","14":"purchasable","15":"product-type-simple"},"acf":[],"_links":{"self":[{"href":"https:\/\/vaasanluonnonravinto.fi\/sv\/wp-json\/wp\/v2\/product\/3451","targetHints":{"allow":["GET"]}}],"collection":[{"href":"https:\/\/vaasanluonnonravinto.fi\/sv\/wp-json\/wp\/v2\/product"}],"about":[{"href":"https:\/\/vaasanluonnonravinto.fi\/sv\/wp-json\/wp\/v2\/types\/product"}],"wp:featuredmedia":[{"embeddable":true,"href":"https:\/\/vaasanluonnonravinto.fi\/sv\/wp-json\/wp\/v2\/media\/2742"}],"wp:attachment":[{"href":"https:\/\/vaasanluonnonravinto.fi\/sv\/wp-json\/wp\/v2\/media?parent=3451"}],"wp:term":[{"taxonomy":"product_brand","embeddable":true,"href":"https:\/\/vaasanluonnonravinto.fi\/sv\/wp-json\/wp\/v2\/product_brand?post=3451"},{"taxonomy":"product_cat","embeddable":true,"href":"https:\/\/vaasanluonnonravinto.fi\/sv\/wp-json\/wp\/v2\/product_cat?post=3451"},{"taxonomy":"product_tag","embeddable":true,"href":"https:\/\/vaasanluonnonravinto.fi\/sv\/wp-json\/wp\/v2\/product_tag?post=3451"}],"curies":[{"name":"wp","href":"https:\/\/api.w.org\/{rel}","templated":true}]}}