{"id":3450,"date":"2019-04-04T10:23:03","date_gmt":"2019-04-04T07:23:03","guid":{"rendered":"https:\/\/vaasanluonnonravinto.fi\/?post_type=product&#038;p=3450"},"modified":"2026-04-18T06:37:21","modified_gmt":"2026-04-18T03:37:21","slug":"pharmanord-bio-pycnogenol-90-30-kaps","status":"publish","type":"product","link":"https:\/\/vaasanluonnonravinto.fi\/sv\/tuote\/pharmanord-bio-pycnogenol-90-30-kaps\/","title":{"rendered":"Pharmanord Bio-Pycnogenol\u00ae 90 + 30 kaps"},"content":{"rendered":"<h4>Suositeltava vuorokausiannos:<\/h4>\n<p>2 tablettia 2 kertaa p\u00e4iv\u00e4ss\u00e4 ensimm\u00e4isen viikon ajan, sen j\u00e4lkeen 1 tabletti 2 kertaa p\u00e4iv\u00e4ss\u00e4.<\/p>\n<p>&nbsp;<\/p>\n<p>Suositeltua vuorokausiannosta ei saa ylitt\u00e4\u00e4. Tablettia ei pid\u00e4 pureskella, vaan se niell\u00e4\u00e4n kokonaisena mieluiten aterian yhteydess\u00e4 tai sen j\u00e4lkeen.<\/p>\n<p>&nbsp;<\/p>\n<p>Ravintolis\u00e4ll\u00e4 ei tule korvata monipuolista ruokavaliota eik\u00e4 terveit\u00e4 el\u00e4m\u00e4ntapoja.<\/p>\n<p>&nbsp;<\/p>\n<h4>S\u00e4ilytys<\/h4>\n<p>Huoneenl\u00e4mm\u00f6ss\u00e4, suojassa suoralta auringonvalolta.<br \/>\nTuote on s\u00e4ilytett\u00e4v\u00e4 pienten lasten ulottumattomissa.<\/p>\n<p>&nbsp;<\/p>\n<h4>Ainesosat:<\/h4>\n<p>T\u00e4yteaine (mikrokiteinen selluloosa),<br \/>\npaakkuuntumisenestoaine (maltodekstriini),<br \/>\nrannikkom\u00e4nnyn kuoriuute Pycnogenol\u00ae,<br \/>\npintak\u00e4sittelyaine (hydroksipropyylimetyyliselluloosa),<br \/>\nkiinteytt\u00e4misaine (trikalsiumfosfaatti),<br \/>\npaakkuuntumisenestoaine (rasvahappojen magnesiumsuolat)<\/p>\n<p>&nbsp;<\/p>\n<p>Pycnogenol\u00ae on Horphag Research Ltd:n rekister\u00f6im\u00e4<br \/>\ntavaramerkki, suojattu U.S. patenteilla nrot 5,720,956; 6,372,266 sek\u00e4 6,565,851.<\/p>\n","protected":false},"excerpt":{"rendered":"<h4>Luonnollisia antioksidantteja ja bioflavonoideja<\/h4>\n<ul>\n<li>Ranskalaisen rannikkom\u00e4nnyn kuoriuute on antioksidantti, joka suojaa soluja hapettumisvaurioilta.<\/li>\n<li>Sis\u00e4lt\u00e4\u00e4 40 mg standardisoitua, patentoitua uutetta<\/li>\n<li>Ranskalaisen rannikkom\u00e4nnyn Pinus pinaster kuoriuute toimii antioksidanttina ja edist\u00e4\u00e4 terveytt\u00e4 suojaamalla soluja hapettumisvaurioilta<\/li>\n<li>Toimii antioksidanttina<\/li>\n<li>Kliinisesti testattu<\/li>\n<\/ul>\n","protected":false},"featured_media":2665,"template":"","meta":{"_acf_changed":false},"product_brand":[],"product_cat":[78,73,84],"product_tag":[],"class_list":{"0":"post-3450","1":"product","2":"type-product","3":"status-publish","4":"has-post-thumbnail","6":"product_cat-muut-ravintolisat-sv","7":"product_cat-lisaravinteet-sv","8":"product_cat-pharmanord-sv","10":"first","11":"instock","12":"taxable","13":"shipping-taxable","14":"purchasable","15":"product-type-simple"},"acf":[],"_links":{"self":[{"href":"https:\/\/vaasanluonnonravinto.fi\/sv\/wp-json\/wp\/v2\/product\/3450","targetHints":{"allow":["GET"]}}],"collection":[{"href":"https:\/\/vaasanluonnonravinto.fi\/sv\/wp-json\/wp\/v2\/product"}],"about":[{"href":"https:\/\/vaasanluonnonravinto.fi\/sv\/wp-json\/wp\/v2\/types\/product"}],"wp:featuredmedia":[{"embeddable":true,"href":"https:\/\/vaasanluonnonravinto.fi\/sv\/wp-json\/wp\/v2\/media\/2665"}],"wp:attachment":[{"href":"https:\/\/vaasanluonnonravinto.fi\/sv\/wp-json\/wp\/v2\/media?parent=3450"}],"wp:term":[{"taxonomy":"product_brand","embeddable":true,"href":"https:\/\/vaasanluonnonravinto.fi\/sv\/wp-json\/wp\/v2\/product_brand?post=3450"},{"taxonomy":"product_cat","embeddable":true,"href":"https:\/\/vaasanluonnonravinto.fi\/sv\/wp-json\/wp\/v2\/product_cat?post=3450"},{"taxonomy":"product_tag","embeddable":true,"href":"https:\/\/vaasanluonnonravinto.fi\/sv\/wp-json\/wp\/v2\/product_tag?post=3450"}],"curies":[{"name":"wp","href":"https:\/\/api.w.org\/{rel}","templated":true}]}}