{"id":3449,"date":"2019-05-29T12:33:42","date_gmt":"2019-05-29T09:33:42","guid":{"rendered":"https:\/\/vaasanluonnonravinto.fi\/?post_type=product&#038;p=3449"},"modified":"2026-05-15T06:37:10","modified_gmt":"2026-05-15T03:37:10","slug":"harmonia-ksm66-luomu","status":"publish","type":"product","link":"https:\/\/vaasanluonnonravinto.fi\/sv\/tuote\/harmonia-ksm66-luomu\/","title":{"rendered":"Harmonia KSM66 Luomu"},"content":{"rendered":"<div class=\"element text\">\n<div class=\"element-text content\">\n<div>\n<ul>\n<li><b>LUONNONMUKAISESTI VILJELTY<\/b><\/li>\n<li><b>KLIINISESTI DOKUMENTOITU<\/b><\/li>\n<li><b>UUTETTU AYURVEDAPERINTEEN MUKAISESTI<\/b><\/li>\n<\/ul>\n<p>Harmonia KSM66\u00ae<sup>\u00a0<\/sup>on t\u00e4ysin uuden aikakauden ravintolis\u00e4. Tuotteen sis\u00e4lt\u00e4m\u00e4ll\u00e4 t\u00e4ydenspektrin Ashwagandha-uutteella\u00a0<i>(Withania somnifera)\u00a0<\/i>on 18 kliinist\u00e4, kaksoissokkoutettua, placebokontrolloitua, riippumattomissa tiedelehdiss\u00e4 julkaistua tutkimusta.\u00a0<span class=\"brClass\"><br \/>\n<\/span>KSM66\u00ae<span class=\"brClass\">\u00a0Ashwagandha-uutteella\u00a0<\/span>on my\u00f6s pitk\u00e4 lista EFSAn eli Euroopan Elintarviketurvallisuusviraston sallimia terveysv\u00e4itt\u00e4mi\u00e4 liittyen mm. stressinsietoon sek\u00e4 henkiseen ja fyysiseen jaksamiseen.<\/p>\n<\/div>\n<\/div>\n<\/div>\n<div class=\"element text\">\n<div class=\"element-text content\">\n<div>\n<h4><b>Kliinisten tutkimusten mukaan t\u00e4ysspektrinen Ashwagandha-uute<\/b><b>\u00a0<i>(Withania somnifera)<\/i>*<\/b><\/h4>\n<ul>\n<li><b>edist\u00e4\u00e4 stressinsietokyky\u00e4<\/b><\/li>\n<li><b>auttaa yll\u00e4pit\u00e4m\u00e4\u00e4n fyysist\u00e4 ja henkist\u00e4 suorituskyky\u00e4<\/b><\/li>\n<li><b>edist\u00e4\u00e4 emotionaalista tasapainoa<\/b><\/li>\n<li><b>tukee nukahtamista<\/b><\/li>\n<li><b>edist\u00e4\u00e4 rentoutumista<\/b><\/li>\n<li><b>tukee palautumista ja jaksamista<br \/>\n<\/b><\/li>\n<li><b>tukee lihasmassan kasvua<\/b><\/li>\n<\/ul>\n<p class=\"\"><b>Annostus<\/b><\/p>\n<p class=\"\">1 kapseli aamulla ja illalla*. Tarvittaessa enint\u00e4\u00e4n 3-4 kapselia p\u00e4iv\u00e4ss\u00e4 (*kliinisesti dokumentoitu annos). P\u00e4iv\u00e4annos (2-4 kapselia) sis\u00e4lt\u00e4\u00e4: KSM66\u00ae Ashwagandha\u00a0<i>(Withania somnifera)<\/i>\u00a0-uutetta 600 mg \u2013 1200 mg.<\/p>\n<p class=\"\"><strong><span class=\"brClass\">Ainesosat<\/span><\/strong><\/p>\n<p class=\"\">Standardoitu Ashwagandha\u00a0<i>(Withania somnifera)<\/i>\u00a0\u2013uute*, selluloosa (kapselin kuori).<\/p>\n<p class=\"\">Kapseli saattaa sis\u00e4lt\u00e4\u00e4 pieni\u00e4 m\u00e4\u00e4ri\u00e4 maitoa (&lt; 2 % kapselin sis\u00e4ll\u00f6st\u00e4).<\/p>\n<p class=\"\">*EFSAn rekister\u00f6im\u00e4t terveysv\u00e4itteet Ashwagandhalle<\/p>\n<\/div>\n<\/div>\n<\/div>\n","protected":false},"excerpt":{"rendered":"<p>Harmonia KSM66\u00ae<sup>\u00a0<\/sup>on t\u00e4ysin uuden aikakauden ravintolis\u00e4. Tuotteen sis\u00e4lt\u00e4m\u00e4ll\u00e4 t\u00e4ydenspektrin Ashwagandha-uutteella\u00a0<i>(Withania somnifera)\u00a0<\/i>on 18 kliinist\u00e4, kaksoissokkoutettua, placebokontrolloitua, riippumattomissa tiedelehdiss\u00e4 julkaistua tutkimusta.<\/p>\n","protected":false},"featured_media":2745,"template":"","meta":{"_acf_changed":false,"rs_blank_template":"","rs_page_bg_color":"","slide_template_v7":""},"product_brand":[],"product_cat":[73,72,124],"product_tag":[],"class_list":{"0":"post-3449","1":"product","2":"type-product","3":"status-publish","4":"has-post-thumbnail","6":"product_cat-lisaravinteet-sv","7":"product_cat-yrttivalmisteet-sv","8":"product_cat-uni-sv","10":"first","11":"instock","12":"taxable","13":"shipping-taxable","14":"purchasable","15":"product-type-simple"},"acf":[],"_links":{"self":[{"href":"https:\/\/vaasanluonnonravinto.fi\/sv\/wp-json\/wp\/v2\/product\/3449","targetHints":{"allow":["GET"]}}],"collection":[{"href":"https:\/\/vaasanluonnonravinto.fi\/sv\/wp-json\/wp\/v2\/product"}],"about":[{"href":"https:\/\/vaasanluonnonravinto.fi\/sv\/wp-json\/wp\/v2\/types\/product"}],"wp:featuredmedia":[{"embeddable":true,"href":"https:\/\/vaasanluonnonravinto.fi\/sv\/wp-json\/wp\/v2\/media\/2745"}],"wp:attachment":[{"href":"https:\/\/vaasanluonnonravinto.fi\/sv\/wp-json\/wp\/v2\/media?parent=3449"}],"wp:term":[{"taxonomy":"product_brand","embeddable":true,"href":"https:\/\/vaasanluonnonravinto.fi\/sv\/wp-json\/wp\/v2\/product_brand?post=3449"},{"taxonomy":"product_cat","embeddable":true,"href":"https:\/\/vaasanluonnonravinto.fi\/sv\/wp-json\/wp\/v2\/product_cat?post=3449"},{"taxonomy":"product_tag","embeddable":true,"href":"https:\/\/vaasanluonnonravinto.fi\/sv\/wp-json\/wp\/v2\/product_tag?post=3449"}],"curies":[{"name":"wp","href":"https:\/\/api.w.org\/{rel}","templated":true}]}}