{"id":3447,"date":"2019-04-04T13:17:28","date_gmt":"2019-04-04T10:17:28","guid":{"rendered":"https:\/\/vaasanluonnonravinto.fi\/?post_type=product&#038;p=3447"},"modified":"2023-12-27T17:13:22","modified_gmt":"2023-12-27T15:13:22","slug":"pharmanord-bioactive-uniqinol-100-mg-qh-150-kaps","status":"publish","type":"product","link":"https:\/\/vaasanluonnonravinto.fi\/sv\/tuote\/pharmanord-bioactive-uniqinol-100-mg-qh-150-kaps\/","title":{"rendered":"Pharmanord BioActive Uniqinol\u00ae 100 mg QH 150 kaps"},"content":{"rendered":"<h4>Suositeltu vuorokausiannos sis\u00e4lt\u00e4\u00e4 1 &#8211; 2 kapselia<\/h4>\n<p>Ubikinolia, koentsyymi Q10-H2 (CoQ10 pelkistyneen\u00e4) Uniqinol\u00ae 100 &#8211; 200 mg*<\/p>\n<p>&nbsp;<\/p>\n<p>*vuorokautisen saannin verailuarvoa ei ole m\u00e4\u00e4ritelty.<\/p>\n<p>&nbsp;<\/p>\n<h4>Annostus:<\/h4>\n<p>Suositeltu vuorokausiannos on 1 kapseli 1 &#8211; 2 kertaa p\u00e4iv\u00e4ss\u00e4 ruokailujen yhteydess\u00e4.<br \/>\nSuositeltua vuorokausiannosta ei saa ylitt\u00e4\u00e4.<\/p>\n<p>&nbsp;<\/p>\n<p>Ravintolis\u00e4ll\u00e4 ei tule korvata monipuolista ruokavaliota eik\u00e4 terveit\u00e4 el\u00e4m\u00e4ntapoja<\/p>\n<p>&nbsp;<\/p>\n<h4>S\u00e4ilytys:<\/h4>\n<p>Huoneenl\u00e4mm\u00f6ss\u00e4, suojassa auringonvalolta.<br \/>\nTuote on s\u00e4ilytett\u00e4v\u00e4 pienten lasten ulottumattomissa.<\/p>\n<p>&nbsp;<\/p>\n<h4>Ainesosat:<\/h4>\n<p>Kookos\u00f6ljy,<br \/>\nkapselin kuori (liivate),<br \/>\nubikinoli Q10-H2 (Uniqinol\u00ae),<br \/>\nkosteudens\u00e4ilytt\u00e4j\u00e4 (glyseroli),<br \/>\nv\u00e4ri (E150c),<br \/>\nhapettumisenestoaine (askorbiinihappo),<br \/>\nsakeuttamisaine (piidioksidi),<br \/>\nhapettumisenestoaine (tokoferoliuute)<\/p>\n","protected":false},"excerpt":{"rendered":"<ul>\n<li>Sis\u00e4lt\u00e4\u00e4n ubikinonia sen pelkistetyss\u00e4 muodossa ubikinolina<\/li>\n<li>Dokumentoitu hy\u00f6tyosuus ja laatu<\/li>\n<li>Erityinen tuotanto- ja kapselointimenetelm\u00e4, jotka suojaavat ubikinolia valolta ja hapelta<\/li>\n<li>Valmistettu Tanskassa l\u00e4\u00e4ketehtaille asetettujen farmaseuttisten laatuvaatimusten mukaisesti<\/li>\n<\/ul>\n<p>&nbsp;<\/p>\n<p>BioActive Uniqinol\u00ae sis\u00e4lt\u00e4\u00e4 ubikinonia sen pelkistyneess\u00e4 muodossa ubikinolina. Valmiste on valmiiksi liuenneena kasvi\u00f6ljyyn ja suojattu sek\u00e4 valon ett\u00e4 hapen vaikutuksilta pehmytgelatiinikapseleissa. Yhdess\u00e4 kapselissa on 100 mg ubikinolia ja 12 mg askorbiinihappoa.<\/p>\n<p>Luonnostaan ubikinolilla on kuitenkin er\u00e4s heikkous. Se on eritt\u00e4in ep\u00e4vakaa\u00a0 muoto, koska se hapettuu hyvin nopeasti takaisin ubikinoksi joutuessaan alttiiksi hapen vaikutukselle. T\u00e4st\u00e4 ominaisuudesta johtuen se on \u00e4\u00e4rimm\u00e4isen haasteellinen aine tuotannossa, kun halutaan valmistaa vakaa ubikinolivalmiste. Pharma Nordilla on onnistuttu kehitt\u00e4m\u00e4\u00e4n\u00a0 kiteytt\u00e4mismenetelm\u00e4, jonka ansiosta se pysyy pelkistyneess\u00e4 aktiivimuodossaan ubikinolina.<\/p>\n<p>&nbsp;<\/p>\n<p>Patentoidut pehmytgelatiinikapselit suojaavat BioActive Unikinolia valolta ja hapelta, jotta ainesosa kulkeutuu kehossa varsinaiseen tarkoitukseensa.<\/p>\n<p>&nbsp;<\/p>\n<p>BioActive Uniqinol on vahva antioksidantti, joka tukee kehon alhaisten Q10-pitoisuuksien nostamista.<\/p>\n","protected":false},"featured_media":2673,"template":"","meta":{"_acf_changed":false},"product_brand":[],"product_cat":[78,73,84],"product_tag":[],"class_list":{"0":"post-3447","1":"product","2":"type-product","3":"status-publish","4":"has-post-thumbnail","6":"product_cat-muut-ravintolisat-sv","7":"product_cat-lisaravinteet-sv","8":"product_cat-pharmanord-sv","10":"first","11":"instock","12":"taxable","13":"shipping-taxable","14":"purchasable","15":"product-type-simple"},"acf":[],"_links":{"self":[{"href":"https:\/\/vaasanluonnonravinto.fi\/sv\/wp-json\/wp\/v2\/product\/3447","targetHints":{"allow":["GET"]}}],"collection":[{"href":"https:\/\/vaasanluonnonravinto.fi\/sv\/wp-json\/wp\/v2\/product"}],"about":[{"href":"https:\/\/vaasanluonnonravinto.fi\/sv\/wp-json\/wp\/v2\/types\/product"}],"wp:featuredmedia":[{"embeddable":true,"href":"https:\/\/vaasanluonnonravinto.fi\/sv\/wp-json\/wp\/v2\/media\/2673"}],"wp:attachment":[{"href":"https:\/\/vaasanluonnonravinto.fi\/sv\/wp-json\/wp\/v2\/media?parent=3447"}],"wp:term":[{"taxonomy":"product_brand","embeddable":true,"href":"https:\/\/vaasanluonnonravinto.fi\/sv\/wp-json\/wp\/v2\/product_brand?post=3447"},{"taxonomy":"product_cat","embeddable":true,"href":"https:\/\/vaasanluonnonravinto.fi\/sv\/wp-json\/wp\/v2\/product_cat?post=3447"},{"taxonomy":"product_tag","embeddable":true,"href":"https:\/\/vaasanluonnonravinto.fi\/sv\/wp-json\/wp\/v2\/product_tag?post=3447"}],"curies":[{"name":"wp","href":"https:\/\/api.w.org\/{rel}","templated":true}]}}