{"id":3445,"date":"2019-05-29T12:33:26","date_gmt":"2019-05-29T09:33:26","guid":{"rendered":"https:\/\/vaasanluonnonravinto.fi\/?post_type=product&#038;p=3445"},"modified":"2025-09-02T15:42:46","modified_gmt":"2025-09-02T12:42:46","slug":"pharmanord-bio-kalkkid3k1k2-kalkkitabletit-150-tabl","status":"publish","type":"product","link":"https:\/\/vaasanluonnonravinto.fi\/sv\/tuote\/pharmanord-bio-kalkkid3k1k2-kalkkitabletit-150-tabl\/","title":{"rendered":"Pharmanord Bio-Kalkki+D3+K1+K2 kalkkitabletit 150 tabl"},"content":{"rendered":"<h4>Suositeltava vuorokausiannos (2 tablettia) %*<\/h4>\n<p>D3-vitamiinia 10 \u00b5g 200%<br \/>\nK-vitamiinia 70 \u00b5g 93%<br \/>\nkalsiumia 1000 mg 125%<\/p>\n<p>&nbsp;<\/p>\n<p>* Vuorokautisen saannin vertailuarvosta.<\/p>\n<p>&nbsp;<\/p>\n<h4>Annostus<\/h4>\n<p>2 tablettia p\u00e4iv\u00e4ss\u00e4. Tabletin voi pureskella tai niell\u00e4 kokonaisena.<br \/>\nSuositeltua vuorokausiannosta ei saa ylitt\u00e4\u00e4.<\/p>\n<p>&nbsp;<\/p>\n<p>Liiallisella sorbitolin ja ksylitolin k\u00e4yt\u00f6ll\u00e4 voi olla laksatiivisia vaikutuksia.<\/p>\n<p>&nbsp;<\/p>\n<h4>S\u00e4ilytys<\/h4>\n<p>Huoneenl\u00e4mm\u00f6ss\u00e4, suojassa suoralta auringonvalolta.<br \/>\nS\u00e4ilyt\u00e4 tuote pienten lasten ulottumattomissa.<\/p>\n<p>&nbsp;<\/p>\n<h4>Ainesosat<\/h4>\n<p>Kalsiumkarbonaatti,<br \/>\nmakeutusaineet (sorbitoli ja ksylitoli),<br \/>\npaakkuuntumisenestoaineet (E1201, E470b),<br \/>\npintak\u00e4sittelyaine (E464),<br \/>\npiparminttujauhe,<br \/>\nkiinteytt\u00e4misaine (E551),<br \/>\nmenakinoni (K2-vit.),<br \/>\nfyllokinoni (K1-vit.),<br \/>\nkolekalsiferoli (D3-vit.)<\/p>\n<p>&nbsp;<\/p>\n<p>Ravintolis\u00e4ll\u00e4 ei tule korvata monipuolista ruokavaliota eik\u00e4 terveit\u00e4 el\u00e4m\u00e4ntapoja<\/p>\n","protected":false},"excerpt":{"rendered":"<p>Bio-Kalkki+D3+K1+K2 &#8211; Vahva ja hyvin imeytyv\u00e4, piparmintun makuinen kalsiumvalmiste, joka sis\u00e4lt\u00e4\u00e4 my\u00f6s D- ja K-vitamiineja.<\/p>\n<ul>\n<li>Piparmintun makuiset tabletit voi niell\u00e4 tai pureskella<\/li>\n<li>Kalsium edist\u00e4\u00e4 lihasten normaalia toimintaa ja normaalia hermov\u00e4lityst\u00e4<\/li>\n<li>Kalsium on tarpeellinen luuston ja hampaiden pysymiselle normaaleina<\/li>\n<li>D-vitamiini edist\u00e4\u00e4 kalsiumin normaalia imeytymist\u00e4<\/li>\n<li>K-vitamiini edist\u00e4\u00e4 luiden pysymist\u00e4 normaaleina<\/li>\n<li>Bio-Magnesiumin samanaikainen k\u00e4ytt\u00f6 tehostaa vaikutusta<\/li>\n<li>Valmistettu farmaseuttisten laatuvaatimusten mukaisesti<\/li>\n<\/ul>\n<p>&nbsp;<\/p>\n<p>Riitt\u00e4v\u00e4 kalsiumin sek\u00e4 D- ja K-vitamiinin saanti on erityisen t\u00e4rke\u00e4\u00e4 lapsuudessa, nuoruudessa ja nuorilla aikuisilla luiden kasvun ja optimaalisen luumassan kehittymisen aikana. Suurin luumassa saavutetaan 35 vuoden i\u00e4ss\u00e4, mist\u00e4 eteenp\u00e4in alamme menett\u00e4\u00e4 kalsiumia luusta (noin 0,6 % vuodessa). Vaikka menetys on hidasta ja asteittaista, ihmiselle on sit\u00e4 parempi, mit\u00e4 suurempi korkein luumassa on 35-vuotiaana. Naisilla esiintyy lis\u00e4ksi vaihdevuosien j\u00e4lkeen hormonien s\u00e4\u00e4telem\u00e4\u00e4 luun haurastumista, joka johtaa vuosittaiseen yhden prosentin luunmenetykseen (10 % vuosikymmeness\u00e4).<\/p>\n","protected":false},"featured_media":2641,"template":"","meta":{"_acf_changed":false,"rs_blank_template":"","rs_page_bg_color":"","slide_template_v7":""},"product_brand":[],"product_cat":[73,76,84,77],"product_tag":[],"class_list":{"0":"post-3445","1":"product","2":"type-product","3":"status-publish","4":"has-post-thumbnail","6":"product_cat-lisaravinteet-sv","7":"product_cat-kivennaisvalmisteet-sv","8":"product_cat-pharmanord-sv","9":"product_cat-vitamiinit-sv","11":"first","12":"instock","13":"taxable","14":"shipping-taxable","15":"purchasable","16":"product-type-simple"},"acf":[],"_links":{"self":[{"href":"https:\/\/vaasanluonnonravinto.fi\/sv\/wp-json\/wp\/v2\/product\/3445","targetHints":{"allow":["GET"]}}],"collection":[{"href":"https:\/\/vaasanluonnonravinto.fi\/sv\/wp-json\/wp\/v2\/product"}],"about":[{"href":"https:\/\/vaasanluonnonravinto.fi\/sv\/wp-json\/wp\/v2\/types\/product"}],"wp:featuredmedia":[{"embeddable":true,"href":"https:\/\/vaasanluonnonravinto.fi\/sv\/wp-json\/wp\/v2\/media\/2641"}],"wp:attachment":[{"href":"https:\/\/vaasanluonnonravinto.fi\/sv\/wp-json\/wp\/v2\/media?parent=3445"}],"wp:term":[{"taxonomy":"product_brand","embeddable":true,"href":"https:\/\/vaasanluonnonravinto.fi\/sv\/wp-json\/wp\/v2\/product_brand?post=3445"},{"taxonomy":"product_cat","embeddable":true,"href":"https:\/\/vaasanluonnonravinto.fi\/sv\/wp-json\/wp\/v2\/product_cat?post=3445"},{"taxonomy":"product_tag","embeddable":true,"href":"https:\/\/vaasanluonnonravinto.fi\/sv\/wp-json\/wp\/v2\/product_tag?post=3445"}],"curies":[{"name":"wp","href":"https:\/\/api.w.org\/{rel}","templated":true}]}}