{"id":3444,"date":"2019-05-29T12:33:24","date_gmt":"2019-05-29T09:33:24","guid":{"rendered":"https:\/\/vaasanluonnonravinto.fi\/?post_type=product&#038;p=3444"},"modified":"2020-09-14T16:37:02","modified_gmt":"2020-09-14T13:37:02","slug":"pharmanord-bio-kromi-verensokerille-60-tabl","status":"publish","type":"product","link":"https:\/\/vaasanluonnonravinto.fi\/sv\/tuote\/pharmanord-bio-kromi-verensokerille-60-tabl\/","title":{"rendered":"Pharmanord Bio-Kromi\u00ae verensokerille 60 tabl"},"content":{"rendered":"<h4>Annostus<\/h4>\n<p>1 tabletti p\u00e4iv\u00e4ss\u00e4. Suositeltua vuorokausiannosta ei saa ylitt\u00e4\u00e4.<\/p>\n<p>&nbsp;<\/p>\n<p>Ravintolis\u00e4ll\u00e4 ei tule korvata monipuolista ruokavaliota eik\u00e4 terveit\u00e4 el\u00e4m\u00e4ntapoja.<\/p>\n<p>&nbsp;<\/p>\n<h4>S\u00e4ilytys<\/h4>\n<p>S\u00e4ilytet\u00e4\u00e4n huoneenl\u00e4mm\u00f6ss\u00e4, suojassa auringonvalolta.<br \/>\nS\u00e4ilytett\u00e4v\u00e4 pienten lasten ulottumattomissa.<\/p>\n<p>&nbsp;<\/p>\n<h4>Ainesosat<\/h4>\n<p>Kromilla rikastettu hiiva (ChromoPrecise\u00ae orgaaninen kromi), kiinteytt\u00e4misaine (maltodekstriini), t\u00e4yteaine (mikro kiteinen selluloosa), paakkuuntumisenestoaine (talkki), pintak\u00e4sittelyaine (hydroksipropyylimetyyliselluloosa), paakkuuntumisenestoaine (piidioksidi), kiinteytt\u00e4misaine (rasvahappojen magnesiumsuolat).<\/p>\n","protected":false},"excerpt":{"rendered":"<h4>Veren sokeriarvojen tasaaminen<\/h4>\n<p>Orgaaninen kromi korkealla hy\u00f6tyosuudella. Kromi edist\u00e4\u00e4 normaalia verensokerin tasoa ja ravintoaineiden aineenvaihduntaa.<\/p>\n<ul>\n<li>Orgaaninen ChromoPrecise\u00ae -kromi<\/li>\n<li>Korkea hy\u00f6tyosuus<\/li>\n<li>Kromi edist\u00e4\u00e4 veren sokeritasojen pysymist\u00e4 normaalina ja normaalia makroravintoaineiden aineenvaihduntaa<\/li>\n<li>Valmistettu farmaseuttisten laatuvaatimusten mukaisesti<\/li>\n<li>Tieteellisesti testattu<\/li>\n<\/ul>\n<p>&nbsp;<\/p>\n<p>Joillakin henkil\u00f6ill\u00e4 glukoosin puhdistuma ei toimi normaalisti, eiv\u00e4tk\u00e4 solut saa riitt\u00e4v\u00e4sti sokeria. T\u00e4m\u00e4 saattaa johtaa erilaisiin oireisiin kuten v\u00e4symykseen, vapinaan ja \u00e4rtyneisyyteen. Napostelu tai karkit voivat tarjota t\u00e4h\u00e4n pikaisen helpotuksen nostamalla nopeasti veren sokeriarvoja ja antamalla v\u00e4lit\u00f6nt\u00e4 energiaa, mutta vaikutus h\u00e4vi\u00e4\u00e4 nopeasti ja j\u00e4tt\u00e4\u00e4 meid\u00e4t samaan tilaan kuin ennen v\u00e4lipalaa. Pitk\u00e4ll\u00e4 t\u00e4ht\u00e4imell\u00e4 voimme tarvita enemm\u00e4n nopeita verensokeriarvojen korjauksia, jolla voi olla negatiivinen vaikutus my\u00f6s painoon. Bio-Kromin\u00ae avulla voit auttaa kehoasi yll\u00e4pit\u00e4m\u00e4\u00e4n normaaleja verensokeriarvoja ja ehk\u00e4ist\u00e4 t\u00e4llaisia tilanteita. Kromi edist\u00e4\u00e4 normaalia makroravintoaineiden aineenvaihduntaa ja on n\u00e4in t\u00e4rke\u00e4 tekij\u00e4 sokerin ja rasvan k\u00e4sittelyss\u00e4 kehossa.<\/p>\n","protected":false},"featured_media":2645,"template":"","meta":{"_acf_changed":false,"rs_blank_template":"","rs_page_bg_color":"","slide_template_v7":""},"product_brand":[],"product_cat":[73,76,84],"product_tag":[],"class_list":{"0":"post-3444","1":"product","2":"type-product","3":"status-publish","4":"has-post-thumbnail","6":"product_cat-lisaravinteet-sv","7":"product_cat-kivennaisvalmisteet-sv","8":"product_cat-pharmanord-sv","10":"first","11":"instock","12":"taxable","13":"shipping-taxable","14":"purchasable","15":"product-type-simple"},"acf":[],"_links":{"self":[{"href":"https:\/\/vaasanluonnonravinto.fi\/sv\/wp-json\/wp\/v2\/product\/3444","targetHints":{"allow":["GET"]}}],"collection":[{"href":"https:\/\/vaasanluonnonravinto.fi\/sv\/wp-json\/wp\/v2\/product"}],"about":[{"href":"https:\/\/vaasanluonnonravinto.fi\/sv\/wp-json\/wp\/v2\/types\/product"}],"wp:featuredmedia":[{"embeddable":true,"href":"https:\/\/vaasanluonnonravinto.fi\/sv\/wp-json\/wp\/v2\/media\/2645"}],"wp:attachment":[{"href":"https:\/\/vaasanluonnonravinto.fi\/sv\/wp-json\/wp\/v2\/media?parent=3444"}],"wp:term":[{"taxonomy":"product_brand","embeddable":true,"href":"https:\/\/vaasanluonnonravinto.fi\/sv\/wp-json\/wp\/v2\/product_brand?post=3444"},{"taxonomy":"product_cat","embeddable":true,"href":"https:\/\/vaasanluonnonravinto.fi\/sv\/wp-json\/wp\/v2\/product_cat?post=3444"},{"taxonomy":"product_tag","embeddable":true,"href":"https:\/\/vaasanluonnonravinto.fi\/sv\/wp-json\/wp\/v2\/product_tag?post=3444"}],"curies":[{"name":"wp","href":"https:\/\/api.w.org\/{rel}","templated":true}]}}