{"id":3443,"date":"2019-05-29T12:33:24","date_gmt":"2019-05-29T09:33:24","guid":{"rendered":"https:\/\/vaasanluonnonravinto.fi\/?post_type=product&#038;p=3443"},"modified":"2026-02-09T12:23:17","modified_gmt":"2026-02-09T10:23:17","slug":"pharmanord-bio-magnesium-150-30-kaps","status":"publish","type":"product","link":"https:\/\/vaasanluonnonravinto.fi\/sv\/tuote\/pharmanord-bio-magnesium-150-30-kaps\/","title":{"rendered":"Pharmanord Bio-Magnesium\u2122 180tabl"},"content":{"rendered":"<h4>Annostus<\/h4>\n<p>1-2 tablettia p\u00e4iv\u00e4ss\u00e4. Iltaisin suositellaan otettavaksi 1 tabletti ennen nukkumaan menoa, joko vesilasilliseen liuotettuna tai runsaan veden kera.<\/p>\n<p>Sopii vegaaneille.<\/p>\n<p>Ravintolis\u00e4ll\u00e4 ei tule korvata monipuolista ruokavaliota eik\u00e4 terveit\u00e4 el\u00e4m\u00e4ntapoja.<\/p>\n<p>&nbsp;<\/p>\n<h4>S\u00e4ilytys<\/h4>\n<p>Huoneenl\u00e4mm\u00f6ss\u00e4, suojassa suoralta auringonvalolta.<br \/>\nTuote on s\u00e4ilytett\u00e4v\u00e4 pienten lasten ulottumattomissa.<\/p>\n<p>&nbsp;<\/p>\n<h4>Ainesosat<\/h4>\n<p>Magnesiumkarbonaatti,<br \/>\nmagnesiumhydroksidi,<br \/>\nmagnesiumasetaatti,<br \/>\nt\u00e4yteaine (mikrokiteinen selluloosa),<br \/>\npaakkuuntumisenestoaine (dikalsiumfosfaatti),<br \/>\npintak\u00e4sittelyaine (hydroksipropyylimetyyliselluloosa),<br \/>\npaakkuuntumisenestoaine (rasvahappojen magnesiumsuolat),<br \/>\nkiinteytt\u00e4misaine (piidioksidi).<\/p>\n","protected":false},"excerpt":{"rendered":"<h4>Hyvin imeytyv\u00e4 ja luotettava magnesiumin l\u00e4hde<\/h4>\n<p>&nbsp;<\/p>\n<p>Magnesiumin hy\u00f6dyt helpossa ja hyvin imeytyv\u00e4ss\u00e4 muodossa. Lihaksille, hermostolle, luustolle ja hampaille sek\u00e4 v\u00e4symykseen.<\/p>\n<p>&nbsp;<\/p>\n<ul>\n<li>Sis\u00e4lt\u00e4\u00e4 kolmea eri magnesiumsuolaa, joka tekee valmisteesta nopeasti liukenevan ja hyvin imeytyv\u00e4n<\/li>\n<li>Magnesium edist\u00e4\u00e4 lihasten ja hermoston normaalia toimintaa<\/li>\n<li>Magnesium auttaa v\u00e4hent\u00e4m\u00e4\u00e4n v\u00e4symyst\u00e4 ja uupumusta<\/li>\n<li>Lis\u00e4ksi edist\u00e4\u00e4 luuston ja hampaiden pysymist\u00e4 normaalina<\/li>\n<li>Valmistettu farmaseuttisten laatuvaatimusten mukaisesti<\/li>\n<\/ul>\n<p>&nbsp;<\/p>\n<p>Magnesiumin l\u00e4hteit\u00e4 ovat mm. vihannekset, p\u00e4hkin\u00e4t ja siemenet. Ihmiset, jotka eiv\u00e4t k\u00e4yt\u00e4 s\u00e4\u00e4nn\u00f6llisesti t\u00e4m\u00e4n tyyppisi\u00e4 ruokia, voivat hy\u00f6ty\u00e4 Bio-Magnesium\u2122:in k\u00e4yt\u00f6st\u00e4. Bio-Magnesium\u2122:illa on korkea biologinen hy\u00f6tyosuus ja se koostuu kolmesta eri magnesiumsuolasta. Jokainen Bio-Magnesium\u2122-tabletti sis\u00e4lt\u00e4\u00e4 200 mg magnesiumia.<\/p>\n","protected":false},"featured_media":2659,"template":"","meta":{"_acf_changed":false,"rs_blank_template":"","rs_page_bg_color":"","slide_template_v7":""},"product_brand":[],"product_cat":[73,76,84],"product_tag":[],"class_list":{"0":"post-3443","1":"product","2":"type-product","3":"status-publish","4":"has-post-thumbnail","6":"product_cat-lisaravinteet-sv","7":"product_cat-kivennaisvalmisteet-sv","8":"product_cat-pharmanord-sv","10":"first","11":"instock","12":"taxable","13":"shipping-taxable","14":"purchasable","15":"product-type-simple"},"acf":[],"_links":{"self":[{"href":"https:\/\/vaasanluonnonravinto.fi\/sv\/wp-json\/wp\/v2\/product\/3443","targetHints":{"allow":["GET"]}}],"collection":[{"href":"https:\/\/vaasanluonnonravinto.fi\/sv\/wp-json\/wp\/v2\/product"}],"about":[{"href":"https:\/\/vaasanluonnonravinto.fi\/sv\/wp-json\/wp\/v2\/types\/product"}],"wp:featuredmedia":[{"embeddable":true,"href":"https:\/\/vaasanluonnonravinto.fi\/sv\/wp-json\/wp\/v2\/media\/2659"}],"wp:attachment":[{"href":"https:\/\/vaasanluonnonravinto.fi\/sv\/wp-json\/wp\/v2\/media?parent=3443"}],"wp:term":[{"taxonomy":"product_brand","embeddable":true,"href":"https:\/\/vaasanluonnonravinto.fi\/sv\/wp-json\/wp\/v2\/product_brand?post=3443"},{"taxonomy":"product_cat","embeddable":true,"href":"https:\/\/vaasanluonnonravinto.fi\/sv\/wp-json\/wp\/v2\/product_cat?post=3443"},{"taxonomy":"product_tag","embeddable":true,"href":"https:\/\/vaasanluonnonravinto.fi\/sv\/wp-json\/wp\/v2\/product_tag?post=3443"}],"curies":[{"name":"wp","href":"https:\/\/api.w.org\/{rel}","templated":true}]}}