{"id":3441,"date":"2019-05-29T12:33:23","date_gmt":"2019-05-29T09:33:23","guid":{"rendered":"https:\/\/vaasanluonnonravinto.fi\/?post_type=product&#038;p=3441"},"modified":"2025-10-08T16:54:23","modified_gmt":"2025-10-08T13:54:23","slug":"pharmanord-bio-painekalium-60-30-kaps","status":"publish","type":"product","link":"https:\/\/vaasanluonnonravinto.fi\/sv\/tuote\/pharmanord-bio-painekalium-60-30-kaps\/","title":{"rendered":"Pharmanord Bio-Paine\u00ae+Kalium 60 +30 kaps"},"content":{"rendered":"<h4>Suositeltu vuorokausiannos sis\u00e4lt\u00e4\u00e4 2 kapselissa<\/h4>\n<p>Ubikinonia (koentsyymi Q10) 100 mg **<br \/>\nPycnogenolia\u00ae 30 mg **<br \/>\nD3-vitamiinia 20 \u00b5g (400%)*<\/p>\n<p>&nbsp;<\/p>\n<h4>Suositeltu vuorokausiannos sis\u00e4lt\u00e4\u00e4 1 tabletissa<\/h4>\n<p>Kaliumia 300 mg (15 %)*<\/p>\n<p>&nbsp;<\/p>\n<p>*vuorokautisen saannin vertailuarvosta.<br \/>\n**vuorokautisen saannin vertailuarvoa ei ole m\u00e4\u00e4ritelty.<\/p>\n<p>&nbsp;<\/p>\n<h4>Annostus<\/h4>\n<p>2 kapselia ja 1 tabletti p\u00e4iv\u00e4ss\u00e4.<\/p>\n<p>Suositeltua vuorokausiannosta ei saa ylitt\u00e4\u00e4.<\/p>\n<p>Ravintolis\u00e4ll\u00e4 ei tule korvata monipuolista ruokavaliota eik\u00e4 terveit\u00e4 el\u00e4m\u00e4ntapoja.<\/p>\n<p>&nbsp;<\/p>\n<h4>S\u00e4ilytys<\/h4>\n<p>Huoneenl\u00e4mm\u00f6ss\u00e4, suojassa suoralta auringonvalolta.<br \/>\nS\u00e4ilyt\u00e4 tuote pienten lasten ulottumattomissa.<\/p>\n<p>&nbsp;<\/p>\n<h4>Ainesosat:<\/h4>\n<h4>Kapselit<\/h4>\n<p>Palmu\u00f6ljy, kapselinkuori (liivate), kosteudens\u00e4ilytt\u00e4j\u00e4 (glyseroli), ubikinoni, v\u00e4ri (E150c), Pycnogenol\u00ae (Pinus pinaster), kolekalsiferoli (D3-vitamiini).<\/p>\n<p>&nbsp;<\/p>\n<h4>Tabletit<\/h4>\n<p>Kaliumkloridi, t\u00e4yteaine (mikrokiteinen selluloosa), paakkuuntumisenestoaine (trikalsiumfosfaatti), pintak\u00e4sittelyaine (hydroksipropyylimetyyliselluloosa), kiinteytt\u00e4misaine (piidioksidi), pintak\u00e4sittelyaine (talkki), v\u00e4ri (titaanidioksidi), paakkuuntumisenestoaine (rasvahappojen magnesiumsuolat).<\/p>\n","protected":false},"excerpt":{"rendered":"<h4>Kohonnut verenpaine alas, kaliumin puutteeseen<\/h4>\n<p>Bio-Paine\u00ae+Kalium -pakkaus. Kalium edist\u00e4\u00e4 verenpaineen pysymist\u00e4 normaalina ja D-vitamiini lihasten normaalia toimintaa.<\/p>\n<p>&nbsp;<\/p>\n<ul>\n<li>Sis\u00e4lt\u00e4\u00e4 kaliumia, joka edist\u00e4\u00e4 verenpaineen pysymist\u00e4 normaalina<\/li>\n<li>Sis\u00e4lt\u00e4\u00e4 D-vitamiinia, joka edist\u00e4\u00e4 normaalin lihastoiminnan yll\u00e4pit\u00e4mist\u00e4. Syd\u00e4n on yksi kehon t\u00e4rkeimmist\u00e4 lihaksista.<\/li>\n<li>Lis\u00e4ksi ubikinonia (koentsyymi Q10) ja Pycnogenolia\u00ae<\/li>\n<li>Valmistettu farmaseuttisten laatuvaatimusten mukaisesti<\/li>\n<li>Tieteellisesti testattu<\/li>\n<\/ul>\n<p>&nbsp;<\/p>\n<p>Bio-Paine\u00ae+Kalium on ravintolis\u00e4, joka sis\u00e4lt\u00e4\u00e4 kaliumia, joka edesauttaa verenpaineen pysymist\u00e4 normaalina. Tuote sis\u00e4lt\u00e4\u00e4 my\u00f6s ubikinonia (koentsyymi Q10), pycnogenol-uutetta ranskalaisen rannikkom\u00e4nnyn (Pinus pinaster) kuoresta sek\u00e4 D-vitamiinia, joka edist\u00e4\u00e4 normaalin lihastoiminnan yll\u00e4pit\u00e4mist\u00e4 ja immuunij\u00e4rjestelm\u00e4n normaalia toimintaa.<\/p>\n<p>&nbsp;<\/p>\n<h4>Miksi valita Bio-Paine\u00ae+Kalium?<\/h4>\n<p>Bio-Paine\u00ae+Kaliumin sis\u00e4llytt\u00e4minen osaksi jokap\u00e4iv\u00e4ist\u00e4 el\u00e4m\u00e4\u00e4, johon kuuluu my\u00f6s terveellinen sy\u00f6minen, s\u00e4\u00e4nn\u00f6llinen liikunta ja mahdollisimman v\u00e4h\u00e4inen stressi, on askel kohti normaalien verenpainetasojen s\u00e4ilytt\u00e4mist\u00e4. Kalium tunnetaan ominaisuudestaan edesauttaa verenpaineen pysymist\u00e4 normaalina. D-vitamiini edist\u00e4\u00e4 normaalin lihastoiminnan yll\u00e4pit\u00e4mist\u00e4, joka voi olla hy\u00f6dyksi sileille lihaksille, jotka muun ohessa kontrolloivat verisuonten sein\u00e4mien supistumista ja laajentumista. Pycnogenol\u00ae toimii antioksidanttina suojaten kehoa vapailta radikaaleilta ja niiden aiheuttamilta soluun kohdistuvilta vaurioilta. Korkea verenpaine on yhdistetty lis\u00e4\u00e4ntyneeseen vapaiden radikaalien vapautumiseen kehossa.<\/p>\n","protected":false},"featured_media":2639,"template":"","meta":{"_acf_changed":false},"product_brand":[],"product_cat":[73,76,84],"product_tag":[],"class_list":{"0":"post-3441","1":"product","2":"type-product","3":"status-publish","4":"has-post-thumbnail","6":"product_cat-lisaravinteet-sv","7":"product_cat-kivennaisvalmisteet-sv","8":"product_cat-pharmanord-sv","10":"first","11":"outofstock","12":"taxable","13":"shipping-taxable","14":"purchasable","15":"product-type-simple"},"acf":[],"_links":{"self":[{"href":"https:\/\/vaasanluonnonravinto.fi\/sv\/wp-json\/wp\/v2\/product\/3441","targetHints":{"allow":["GET"]}}],"collection":[{"href":"https:\/\/vaasanluonnonravinto.fi\/sv\/wp-json\/wp\/v2\/product"}],"about":[{"href":"https:\/\/vaasanluonnonravinto.fi\/sv\/wp-json\/wp\/v2\/types\/product"}],"wp:featuredmedia":[{"embeddable":true,"href":"https:\/\/vaasanluonnonravinto.fi\/sv\/wp-json\/wp\/v2\/media\/2639"}],"wp:attachment":[{"href":"https:\/\/vaasanluonnonravinto.fi\/sv\/wp-json\/wp\/v2\/media?parent=3441"}],"wp:term":[{"taxonomy":"product_brand","embeddable":true,"href":"https:\/\/vaasanluonnonravinto.fi\/sv\/wp-json\/wp\/v2\/product_brand?post=3441"},{"taxonomy":"product_cat","embeddable":true,"href":"https:\/\/vaasanluonnonravinto.fi\/sv\/wp-json\/wp\/v2\/product_cat?post=3441"},{"taxonomy":"product_tag","embeddable":true,"href":"https:\/\/vaasanluonnonravinto.fi\/sv\/wp-json\/wp\/v2\/product_tag?post=3441"}],"curies":[{"name":"wp","href":"https:\/\/api.w.org\/{rel}","templated":true}]}}