{"id":3438,"date":"2019-04-04T11:24:50","date_gmt":"2019-04-04T08:24:50","guid":{"rendered":"https:\/\/vaasanluonnonravinto.fi\/?post_type=product&#038;p=3438"},"modified":"2025-09-02T16:09:54","modified_gmt":"2025-09-02T13:09:54","slug":"pharmanord-bio-marin-plus-180-30-kaps","status":"publish","type":"product","link":"https:\/\/vaasanluonnonravinto.fi\/sv\/tuote\/pharmanord-bio-marin-plus-180-30-kaps\/","title":{"rendered":"Pharmanord Bio-Marin\u00ae Plus 180 + 30 kaps"},"content":{"rendered":"<h4>Suositeltu vuorokausiannos<\/h4>\n<p>1-3 kaps.sis\u00e4lt\u00e4\u00e4: 1 kaps.<br \/>\nKala\u00f6ljy\u00e4 (vapaina rasvahappoina) 500 mg<br \/>\nOmega-3-rasvahappoja 325 mg<br \/>\nJosta EPA 190 mg<br \/>\nDHA 110 mg<br \/>\nFoolihappoa 100 \u00b5g (50%)*<br \/>\nB12-vitamiinia 1 \u00b5g (40%)*<\/p>\n<p>&nbsp;<\/p>\n<p>* Vuorokautisen saannin vertailuarvosta<\/p>\n<p>&nbsp;<\/p>\n<h4>Annostus<\/h4>\n<p>1-3 kapselia p\u00e4iv\u00e4ss\u00e4, tarpeen mukaan. Kapselit nielt\u00e4v\u00e4 kokonaisina. Ei suositella henkil\u00f6ille, joilla veren hyytyminen on jo jostain syyst\u00e4 heikentynyt.<\/p>\n<p>&nbsp;<\/p>\n<p>Ravintolis\u00e4ll\u00e4 ei tule korvata monipuolista ruokavaliota eik\u00e4 terveit\u00e4 el\u00e4m\u00e4ntapoja. Suositeltua vuorokausiannosta ei saa ylitt\u00e4\u00e4.<\/p>\n<p>&nbsp;<\/p>\n<p>* Edullinen vaikutus saavutetaan nauttimalla p\u00e4ivitt\u00e4in 250 mg EPA:a ja DHA:ta.<br \/>\n** Edullinen vaikutus saavutetaan nauttimalla p\u00e4ivitt\u00e4in 250 mg DHA:ta.<\/p>\n<p>&nbsp;<\/p>\n<h4>Ainesosat<\/h4>\n<p>Hydrolysoitu kala\u00f6ljy,<br \/>\nkapselin kuori (liivate),<br \/>\nkosteudens\u00e4ilytt\u00e4j\u00e4 (glyseroli),<br \/>\nkiinteytt\u00e4misaine (piidioksidi),<br \/>\nv\u00e4ri (ammoniummenetelm\u00e4n sokerikul\u00f6\u00f6ri),<br \/>\npteroyylimonoglutamiinihappo (foolihappo),<br \/>\nsyanokobalamiini (B12-vitamiini)<\/p>\n<p>&nbsp;<\/p>\n<h4>S\u00e4ilytys<\/h4>\n<p>Huoneenl\u00e4mm\u00f6ss\u00e4 suojassa auringonvalolta.<\/p>\n<p>Tuote on s\u00e4ilytett\u00e4v\u00e4 pienten lasten ulottumattomissa.<\/p>\n","protected":false},"excerpt":{"rendered":"<h4>V\u00e4ltt\u00e4m\u00e4tt\u00f6m\u00e4t rasvahapot (Omega-3) +B12 +foolihappo<\/h4>\n<p>Bio-Marin\u00ae Plus -pakkaus. Vahvaa, hyvin imeytyv\u00e4\u00e4 Omega-3-kala\u00f6ljy\u00e4 syd\u00e4melle ja aivoille sek\u00e4 B12-vitamiinia ja foolihappoa.<\/p>\n<p>&nbsp;<\/p>\n<ul>\n<li>Sis\u00e4lt\u00e4\u00e4 vapaita rasvahappoja, joka varmistaa paremman imeytyvyyden<\/li>\n<li>Vahvaa (65% omega-3), helposti imeytyv\u00e4\u00e4 kala\u00f6ljy\u00e4<\/li>\n<li>Sis\u00e4lt\u00e4\u00e4 my\u00f6s B12-vitamiinia ja foolihappoa, jotka edist\u00e4v\u00e4t normaalia homokysteiinin aineenvaihduntaa<\/li>\n<li>Puhdasta kala\u00f6ljy\u00e4, joka ylitt\u00e4\u00e4 selke\u00e4sti kaikki turvallisuusrajat<\/li>\n<li>Eritt\u00e4in puhdistettua (kolmivaiheinen puhdistusprosessi, jossa \u00f6ljy puhdistetaan perusteellisesti)<\/li>\n<li>Pehme\u00e4t gelatiinikapselit on helppo niell\u00e4<\/li>\n<li>Valmistettu farmaseuttisten laatuvaatimusten mukaisesti<\/li>\n<li>Tieteellisesti testattu<\/li>\n<\/ul>\n","protected":false},"featured_media":2661,"template":"","meta":{"_acf_changed":false},"product_brand":[],"product_cat":[73,76,84],"product_tag":[],"class_list":{"0":"post-3438","1":"product","2":"type-product","3":"status-publish","4":"has-post-thumbnail","6":"product_cat-lisaravinteet-sv","7":"product_cat-kivennaisvalmisteet-sv","8":"product_cat-pharmanord-sv","10":"first","11":"instock","12":"taxable","13":"shipping-taxable","14":"purchasable","15":"product-type-simple"},"acf":[],"_links":{"self":[{"href":"https:\/\/vaasanluonnonravinto.fi\/sv\/wp-json\/wp\/v2\/product\/3438","targetHints":{"allow":["GET"]}}],"collection":[{"href":"https:\/\/vaasanluonnonravinto.fi\/sv\/wp-json\/wp\/v2\/product"}],"about":[{"href":"https:\/\/vaasanluonnonravinto.fi\/sv\/wp-json\/wp\/v2\/types\/product"}],"wp:featuredmedia":[{"embeddable":true,"href":"https:\/\/vaasanluonnonravinto.fi\/sv\/wp-json\/wp\/v2\/media\/2661"}],"wp:attachment":[{"href":"https:\/\/vaasanluonnonravinto.fi\/sv\/wp-json\/wp\/v2\/media?parent=3438"}],"wp:term":[{"taxonomy":"product_brand","embeddable":true,"href":"https:\/\/vaasanluonnonravinto.fi\/sv\/wp-json\/wp\/v2\/product_brand?post=3438"},{"taxonomy":"product_cat","embeddable":true,"href":"https:\/\/vaasanluonnonravinto.fi\/sv\/wp-json\/wp\/v2\/product_cat?post=3438"},{"taxonomy":"product_tag","embeddable":true,"href":"https:\/\/vaasanluonnonravinto.fi\/sv\/wp-json\/wp\/v2\/product_tag?post=3438"}],"curies":[{"name":"wp","href":"https:\/\/api.w.org\/{rel}","templated":true}]}}