{"id":3436,"date":"2019-05-29T12:33:22","date_gmt":"2019-05-29T09:33:22","guid":{"rendered":"https:\/\/vaasanluonnonravinto.fi\/?post_type=product&#038;p=3436"},"modified":"2020-09-14T16:37:09","modified_gmt":"2020-09-14T13:37:09","slug":"pharmanord-bio-qinon-active-q10-30-mg-150-30-kaps","status":"publish","type":"product","link":"https:\/\/vaasanluonnonravinto.fi\/sv\/tuote\/pharmanord-bio-qinon-active-q10-30-mg-150-30-kaps\/","title":{"rendered":"Pharmanord Bio-Qinon\u00ae Active Q10 30 mg 150 + 30 kaps"},"content":{"rendered":"<h4>Suositeltava vuorokausiannos 1-6 kapselia sis\u00e4lt\u00e4\u00e4:<\/h4>\n<p>Ubikinonia (koentsyymi Q10) 30 &#8211; 180 mg<br \/>\nC-vitamiinia 25 \u2013 150 mg 31-186 %*<\/p>\n<p>&nbsp;<\/p>\n<p>* Vuorokautisen saannin vertailuarvosta<\/p>\n<p>&nbsp;<\/p>\n<h4>Annostus<\/h4>\n<p>1-6 kapselia p\u00e4iv\u00e4ss\u00e4, mieluiten ruokailujen yhteydess\u00e4. Suositeltua vuorokausiannosta ei saa ylitt\u00e4\u00e4.<\/p>\n<p>Ravintolis\u00e4ll\u00e4 ei tule korvata monipuolista ruokavaliota eik\u00e4 terveit\u00e4 el\u00e4m\u00e4ntapoja.<\/p>\n<p>&nbsp;<\/p>\n<h4>S\u00e4ilytys<\/h4>\n<p>Huoneenl\u00e4mm\u00f6ss\u00e4, suojassa suoralta auringonvalolta.<br \/>\nTuote on s\u00e4ilytett\u00e4v\u00e4 pienten lasten ulottumattomissa.<\/p>\n<p>&nbsp;<\/p>\n<h4>Ainesosat<\/h4>\n<p>Palmu\u00f6ljy, kapselinkuori (liivate), kosteudens\u00e4ilytt\u00e4j\u00e4 (glyseroli), ubikinoni, C-vitamiini (L-askorbiinihappo), v\u00e4ri (ammoniummenetelm\u00e4n sokerikul\u00f6\u00f6ri), sakeuttamisaine (piidioksidi), v\u00e4ri (titaanidioksidi).<\/p>\n<p>Haettu patenttia.<\/p>\n","protected":false},"excerpt":{"rendered":"<ul>\n<li>Ollut l\u00e4hes 25 vuotta markkinoilla EU:ssa<\/li>\n<li>100% luonnollinen ubikinoni (koentsyymi Q10)<\/li>\n<li>Ubikinonia ja C-vitamiinia, joka edist\u00e4\u00e4 normaalia energia-aineenvaihduntaa ja auttaa v\u00e4hent\u00e4m\u00e4\u00e4n v\u00e4symyst\u00e4 ja uupumusta<\/li>\n<li>Valmistetaan ainutlaatuisella kuumennusmenetelm\u00e4ll\u00e4, jolla ubikinonille saadaan erinomainen, dokumentoitu hy\u00f6tyosuus<\/li>\n<li>Valmistettu farmaseuttisten laatuvaatimusten mukaisesti<\/li>\n<\/ul>\n<p>&nbsp;<\/p>\n<p>Useiden vuosikymmenien ajan Pharma Nordin Bio-Qinon<sup>\u00ae<\/sup>\u00a0Active Q10 on ollut yksi maailman myydyimmist\u00e4 Q10-tuotemerkeist\u00e4. Suurin syy suosioon on hyvin dokumentoitu korkea biologinen hy\u00f6tyosuus. Ubikinoni on rasvaliukoinen aine, jonka on vaikea imeyty\u00e4 kehoon. Erityisen valmistusprosessin ansiosta \u2013 siin\u00e4 ubikinoni liuotetaan kasvi\u00f6ljyseokseen ja altistetaan patentoidulle kuumennusprosessille \u2013 ubikinonimolekyylit pystyv\u00e4t imeytym\u00e4\u00e4n normaalissa kehon l\u00e4mp\u00f6tilassa. Koska Q10-molekyylit ovat t\u00e4ss\u00e4 tuotteessa t\u00e4ysin liuenneina, Bio-Qinon<sup>\u00ae<\/sup>\u00a0Active Q10:ll\u00e4 on maksimaalinen biologinen hy\u00f6tyosuus. Pharma Nordin Bio-Qinon<sup>\u00ae<\/sup>\u00a0Active Q10 on kansainv\u00e4lisen koentsyymi Q10 j\u00e4rjest\u00f6n (International Coenzyme Q10 Association) virallinen vertailuvalmiste, johon kilpailevia tuotteita verrataan.<\/p>\n","protected":false},"featured_media":2667,"template":"","meta":{"_acf_changed":false,"rs_blank_template":"","rs_page_bg_color":"","slide_template_v7":""},"product_brand":[],"product_cat":[73,84,77],"product_tag":[],"class_list":{"0":"post-3436","1":"product","2":"type-product","3":"status-publish","4":"has-post-thumbnail","6":"product_cat-lisaravinteet-sv","7":"product_cat-pharmanord-sv","8":"product_cat-vitamiinit-sv","10":"first","11":"instock","12":"taxable","13":"shipping-taxable","14":"purchasable","15":"product-type-simple"},"acf":[],"_links":{"self":[{"href":"https:\/\/vaasanluonnonravinto.fi\/sv\/wp-json\/wp\/v2\/product\/3436","targetHints":{"allow":["GET"]}}],"collection":[{"href":"https:\/\/vaasanluonnonravinto.fi\/sv\/wp-json\/wp\/v2\/product"}],"about":[{"href":"https:\/\/vaasanluonnonravinto.fi\/sv\/wp-json\/wp\/v2\/types\/product"}],"wp:featuredmedia":[{"embeddable":true,"href":"https:\/\/vaasanluonnonravinto.fi\/sv\/wp-json\/wp\/v2\/media\/2667"}],"wp:attachment":[{"href":"https:\/\/vaasanluonnonravinto.fi\/sv\/wp-json\/wp\/v2\/media?parent=3436"}],"wp:term":[{"taxonomy":"product_brand","embeddable":true,"href":"https:\/\/vaasanluonnonravinto.fi\/sv\/wp-json\/wp\/v2\/product_brand?post=3436"},{"taxonomy":"product_cat","embeddable":true,"href":"https:\/\/vaasanluonnonravinto.fi\/sv\/wp-json\/wp\/v2\/product_cat?post=3436"},{"taxonomy":"product_tag","embeddable":true,"href":"https:\/\/vaasanluonnonravinto.fi\/sv\/wp-json\/wp\/v2\/product_tag?post=3436"}],"curies":[{"name":"wp","href":"https:\/\/api.w.org\/{rel}","templated":true}]}}