{"id":3435,"date":"2019-05-29T12:33:21","date_gmt":"2019-05-29T09:33:21","guid":{"rendered":"https:\/\/vaasanluonnonravinto.fi\/?post_type=product&#038;p=3435"},"modified":"2020-09-14T16:37:09","modified_gmt":"2020-09-14T13:37:09","slug":"pharmanord-bio-selen-sinkki-90-tabl","status":"publish","type":"product","link":"https:\/\/vaasanluonnonravinto.fi\/sv\/tuote\/pharmanord-bio-selen-sinkki-90-tabl\/","title":{"rendered":"Pharmanord Bio-Selen\u00ae +Sinkki 90 tabl"},"content":{"rendered":"<h4>Suositeltu vuorokausiannos sis\u00e4lt\u00e4\u00e4: 1 tabl.\u00a0 *<\/h4>\n<p>A-vitamiini 1000 \u00b5g RE\u00a0 125 %<br \/>\n(Valmisteen A-vitamiini on beetakaroteenina)<br \/>\nBeetakaroteeni 6 mg<br \/>\nB6-vitamiini 2 mg 143 %<br \/>\nE-vitamiini 10 mg a-TE 83 %<br \/>\nC-vitamiini 60 mg 75 %<br \/>\nSeleeni (orgaaninen SelenoPrecise\u00ae) 50 \u00b5g\u00a0 91 %<br \/>\nSinkki 15 mg\u00a0 150 %<\/p>\n<p>&nbsp;<\/p>\n<p>* Vuorokautisen saannin vertailuarvosta.<\/p>\n<p>&nbsp;<\/p>\n<h4>Annostus<\/h4>\n<p>1-2 tablettia p\u00e4iv\u00e4ss\u00e4.<br \/>\nSuositeltua vuorokausiannosta ei saa ylitt\u00e4\u00e4.<\/p>\n<p>Ravintolis\u00e4ll\u00e4 ei tule korvata monipuolista ruokavaliota eik\u00e4 terveit\u00e4 el\u00e4m\u00e4ntapoja.<\/p>\n<p>Valmisteen hiiva on inaktivoitu.<\/p>\n<p>&nbsp;<\/p>\n<h4>S\u00e4ilytys<\/h4>\n<p>Huoneenl\u00e4mm\u00f6ss\u00e4, suojassa suoralta auringonvalolta.<br \/>\nS\u00e4ilyt\u00e4 tuote pienten lasten ulottumattomissa.<\/p>\n<p>&nbsp;<\/p>\n<h4>Ainesosat<\/h4>\n<p>T\u00e4yteaine (mikrokiteinen selluloosa), sinkkiglukonaatti, Cvitamiini (L-askorbiinihappo), paakkuuntumisenestoaine (maltodekstriini), seleenill\u00e4 rikastettu hiiva (*SelenoPrecise\u00ae), beetakaroteeni, E-vitamiini (DL-alfa-tokoferyyliasetaatti ja -hapon sukkinaatti), pintak\u00e4sittelyaine (hydroksipropyylimetyyliselluloosa), kiinteytt\u00e4misaine (piidioksidi), paakkuuntumisenestoaine (rasvahappojen magnesiumsuolat), B6-vitamiini (pyridoksiinihydrokloridi), pintak\u00e4sittelyaine (maissiproteiini).<\/p>\n<p>&nbsp;<\/p>\n<p>* EP Patent No. 1478732.<\/p>\n","protected":false},"excerpt":{"rendered":"<p>Puhdasta, orgaanista seleeni\u00e4 (SelenoPrecise\u00ae), sinkki\u00e4, beetakaroteenia sek\u00e4 B6-, C- ja E-vitamiineja<\/p>\n<p>&nbsp;<\/p>\n<ul>\n<li>Koko perheen antioksidanttivalmiste<\/li>\n<li>Seleeni ja sinkki edist\u00e4v\u00e4t immuunij\u00e4rjestelm\u00e4n normaalia toimintaa<\/li>\n<li>E-vitamiini edist\u00e4\u00e4 solujen suojaamista hapettumisstressilt\u00e4<\/li>\n<li>A-vitamiini edist\u00e4\u00e4 ihon ja n\u00e4\u00f6n pysymist\u00e4 normaalina<\/li>\n<li>C-vitamiini edist\u00e4\u00e4 normaalia kollageenin muodostumista luuston, ikenien, hampaiden ja rustojen normaalia toimintaa varten<\/li>\n<li>B6-vitamiini edist\u00e4\u00e4 normaaleja psykologisia toimintoja<\/li>\n<li>Taustalla yli 25 vuoden tuotekehitys<\/li>\n<li>Valmistettu farmaseuttisten laatuvaatimusten mukaisesti<\/li>\n<\/ul>\n<p>&nbsp;<\/p>\n<p>Bio-Selen\u00ae+Sinkki sis\u00e4lt\u00e4\u00e4 seleeni\u00e4, joka edist\u00e4\u00e4 immuunij\u00e4rjestelm\u00e4n ja kilpirauhasen normaalia toimintaa sek\u00e4 normaalia siitti\u00f6iden muodostumista. Kilpirauhanen s\u00e4\u00e4telee solujen aineenvaihduntaa, mik\u00e4 on t\u00e4rke\u00e4\u00e4 sek\u00e4 normaalin painon yll\u00e4pit\u00e4misess\u00e4 ett\u00e4 hormonaalisen tasapainon kannalta. Bio-Selen\u00ae+Sinkki on ihanteellinen antioksidanttivalmiste, sill\u00e4 puhtaan, orgaanisen seleenin sek\u00e4 sinkin lis\u00e4ksi se sis\u00e4lt\u00e4\u00e4 my\u00f6s C- ja E-vitamiinia, jotka kaikki edist\u00e4v\u00e4t solujen suojaamista hapettumisstressilt\u00e4. Bio-Selen\u00ae+Sinkki sis\u00e4lt\u00e4\u00e4 my\u00f6s B6-vitamiinia ja beetakaroteenia. Tiedet\u00e4\u00e4n, ett\u00e4 tietyill\u00e4 alueilla maailmassa maaper\u00e4 on seleenik\u00f6yh\u00e4\u00e4, mink\u00e4 seurauksena maataloustuotteissa (mukaan lukien liha) on v\u00e4hemm\u00e4n seleeni\u00e4.<\/p>\n","protected":false},"featured_media":2689,"template":"","meta":{"_acf_changed":false,"rs_blank_template":"","rs_page_bg_color":"","slide_template_v7":""},"product_brand":[],"product_cat":[73,76,84],"product_tag":[],"class_list":{"0":"post-3435","1":"product","2":"type-product","3":"status-publish","4":"has-post-thumbnail","6":"product_cat-lisaravinteet-sv","7":"product_cat-kivennaisvalmisteet-sv","8":"product_cat-pharmanord-sv","10":"first","11":"instock","12":"taxable","13":"shipping-taxable","14":"purchasable","15":"product-type-simple"},"acf":[],"_links":{"self":[{"href":"https:\/\/vaasanluonnonravinto.fi\/sv\/wp-json\/wp\/v2\/product\/3435","targetHints":{"allow":["GET"]}}],"collection":[{"href":"https:\/\/vaasanluonnonravinto.fi\/sv\/wp-json\/wp\/v2\/product"}],"about":[{"href":"https:\/\/vaasanluonnonravinto.fi\/sv\/wp-json\/wp\/v2\/types\/product"}],"wp:featuredmedia":[{"embeddable":true,"href":"https:\/\/vaasanluonnonravinto.fi\/sv\/wp-json\/wp\/v2\/media\/2689"}],"wp:attachment":[{"href":"https:\/\/vaasanluonnonravinto.fi\/sv\/wp-json\/wp\/v2\/media?parent=3435"}],"wp:term":[{"taxonomy":"product_brand","embeddable":true,"href":"https:\/\/vaasanluonnonravinto.fi\/sv\/wp-json\/wp\/v2\/product_brand?post=3435"},{"taxonomy":"product_cat","embeddable":true,"href":"https:\/\/vaasanluonnonravinto.fi\/sv\/wp-json\/wp\/v2\/product_cat?post=3435"},{"taxonomy":"product_tag","embeddable":true,"href":"https:\/\/vaasanluonnonravinto.fi\/sv\/wp-json\/wp\/v2\/product_tag?post=3435"}],"curies":[{"name":"wp","href":"https:\/\/api.w.org\/{rel}","templated":true}]}}