{"id":3427,"date":"2019-05-29T12:33:17","date_gmt":"2019-05-29T09:33:17","guid":{"rendered":"https:\/\/vaasanluonnonravinto.fi\/?post_type=product&#038;p=3427"},"modified":"2026-02-09T12:23:37","modified_gmt":"2026-02-09T10:23:37","slug":"regulatpro-bio-luomu-350-ml","status":"publish","type":"product","link":"https:\/\/vaasanluonnonravinto.fi\/sv\/tuote\/regulatpro-bio-luomu-350-ml\/","title":{"rendered":"Regulatpro Bio LUOMU 350 ml"},"content":{"rendered":"<div id=\"e-5919a403594bbe0bce55a960\" class=\"wide-element default scale parent\" data-link=\"58e5e81c043ada2e5d4900ac\">\n<div class=\"element parent\">\n<div class=\"element text\">\n<div class=\"element-text content\">\n<div>\n<p>Luomuvihanneksista, -p\u00e4hkin\u00f6ist\u00e4 ja -hedelmist\u00e4 patentoidulla kaskadifermentointimenelm\u00e4ll\u00e4 (vaihek\u00e4ytt\u00e4mismenetelm\u00e4ll\u00e4) valmistettu entsyymijuoma.\u00a0Yhden pullon valmistukseen k\u00e4ytet\u00e4\u00e4n korillisen verran raaka-aineita. Tuontantoon k\u00e4ytet\u00e4\u00e4n aurinkoenergiaa.<span class=\"brClass\"><br \/>\n<\/span><\/p>\n<p>Regulatpro Bio sis\u00e4lt\u00e4\u00e4 acerola-kirsikkaa. Acerola sis\u00e4lt\u00e4\u00e4 runsaasti C-vitamiinia, joka muun muassa edist\u00e4\u00e4 immuunij\u00e4rjestelm\u00e4n toimintaa ja suojaa soluja hapetusstressilt\u00e4. Se my\u00f6s auttaa v\u00e4hent\u00e4m\u00e4\u00e4n v\u00e4symyst\u00e4 ja uupumusta.<span class=\"brClass\"><br \/>\n<\/span><\/p>\n<p>Sopii kasvisruokavaliota noudattaville.<\/p>\n<\/div>\n<\/div>\n<\/div>\n<\/div>\n<\/div>\n<div id=\"e-5919a403594bbe0bce55a964\" class=\"wide-element default scale parent\" data-link=\"58ef21a136b5e70ea39cc543\">\n<div class=\"element parent\">\n<div class=\"element text\">\n<div class=\"element-text content\">\n<div>\n<h4>K\u00e4ytt\u00f6ohje<\/h4>\n<p>10 ml 2 kertaa p\u00e4iv\u00e4ss\u00e4 joko sellaisenaan tai veteen sekoitettuna.<\/p>\n<h4>Ainesosat<\/h4>\n<p class=\"\">Vett\u00e4, sitruunoita*, taateleita*, viikunoita*, SAKSANP\u00c4HKIN\u00d6IT\u00c4*, SOIJAPAPUJA*, kookosp\u00e4hkin\u00f6it\u00e4*, sipulia*, kasviper\u00e4ist\u00e4 glyseriini\u00e4, SELLERI\u00c4*, SOIJAPAVUN ITUJA*, acerola-uutetta* (17,5% Vit. C) 0,7%, artisokkaa*, herneit\u00e4*, hirssi\u00e4*, mausteita*, kurkumaa*, sahramia*. *Luonnonmukaisesti tuotettuja.<\/p>\n<\/div>\n<\/div>\n<\/div>\n<\/div>\n<\/div>\n","protected":false},"excerpt":{"rendered":"<p>Luomuvihanneksista, -p\u00e4hkin\u00f6ist\u00e4 ja -hedelmist\u00e4 patentoidulla kaskadifermentointimenelm\u00e4ll\u00e4 (vaihek\u00e4ytt\u00e4mismenetelm\u00e4ll\u00e4) valmistettu entsyymijuoma.\u00a0Yhden pullon valmistukseen k\u00e4ytet\u00e4\u00e4n korillisen verran raaka-aineita. Tuontantoon k\u00e4ytet\u00e4\u00e4n aurinkoenergiaa.<\/p>\n","protected":false},"featured_media":2791,"template":"","meta":{"_acf_changed":false},"product_brand":[],"product_cat":[73,70,77],"product_tag":[],"class_list":{"0":"post-3427","1":"product","2":"type-product","3":"status-publish","4":"has-post-thumbnail","6":"product_cat-lisaravinteet-sv","7":"product_cat-erikoiselintarvikkeet-sv","8":"product_cat-vitamiinit-sv","10":"first","11":"instock","12":"taxable","13":"shipping-taxable","14":"purchasable","15":"product-type-simple"},"acf":[],"_links":{"self":[{"href":"https:\/\/vaasanluonnonravinto.fi\/sv\/wp-json\/wp\/v2\/product\/3427","targetHints":{"allow":["GET"]}}],"collection":[{"href":"https:\/\/vaasanluonnonravinto.fi\/sv\/wp-json\/wp\/v2\/product"}],"about":[{"href":"https:\/\/vaasanluonnonravinto.fi\/sv\/wp-json\/wp\/v2\/types\/product"}],"wp:featuredmedia":[{"embeddable":true,"href":"https:\/\/vaasanluonnonravinto.fi\/sv\/wp-json\/wp\/v2\/media\/2791"}],"wp:attachment":[{"href":"https:\/\/vaasanluonnonravinto.fi\/sv\/wp-json\/wp\/v2\/media?parent=3427"}],"wp:term":[{"taxonomy":"product_brand","embeddable":true,"href":"https:\/\/vaasanluonnonravinto.fi\/sv\/wp-json\/wp\/v2\/product_brand?post=3427"},{"taxonomy":"product_cat","embeddable":true,"href":"https:\/\/vaasanluonnonravinto.fi\/sv\/wp-json\/wp\/v2\/product_cat?post=3427"},{"taxonomy":"product_tag","embeddable":true,"href":"https:\/\/vaasanluonnonravinto.fi\/sv\/wp-json\/wp\/v2\/product_tag?post=3427"}],"curies":[{"name":"wp","href":"https:\/\/api.w.org\/{rel}","templated":true}]}}