{"id":3426,"date":"2019-05-29T12:33:16","date_gmt":"2019-05-29T09:33:16","guid":{"rendered":"https:\/\/vaasanluonnonravinto.fi\/?post_type=product&#038;p=3426"},"modified":"2026-02-09T12:23:51","modified_gmt":"2026-02-09T10:23:51","slug":"regulatpro-metabolic-350-ml","status":"publish","type":"product","link":"https:\/\/vaasanluonnonravinto.fi\/sv\/tuote\/regulatpro-metabolic-350-ml\/","title":{"rendered":"Regulatpro Metabolic 350 ml"},"content":{"rendered":"<div id=\"e-5919a5265911c60bc4efe689\" class=\"wide-element default scale parent\" data-link=\"58e5e81c043ada2e5d4900ac\">\n<div class=\"element parent\">\n<div class=\"element text\">\n<div class=\"element-text content\">\n<div>\n<p>Monipuolinen ja appelsiininmakuinen Regulatpro Metabolic sis\u00e4lt\u00e4\u00e4 entsyymijuoman lis\u00e4ksi\u00a0<span class=\"brClass\"><br \/>\n<\/span>magnesiumia, sinkki\u00e4, mangaania, kromia, foolihappoa sek\u00e4 C-, D-vitamiinia ja mm. aineenvaihduntatoimintoja edist\u00e4vi\u00e4 B6-vitamiinia, magnesiumia, niasiinia ja B12-vitamiinia.\u00a0<span class=\"brClass\"><br \/>\n<\/span><\/p>\n<p>C-vitamiini ja sinkki edist\u00e4v\u00e4t ihon, hiusten ja kynsien normaalina pysymist\u00e4. Magnesium, sinkki, B2- ja B12-vitamiini vaikuttavat elimist\u00f6n solutoimintaan osallistumalla solujen jakautumisprosessiin sek\u00e4 edist\u00e4m\u00e4ll\u00e4 solujen suojaamista hapettumisstressilt\u00e4.<\/p>\n<p>Yhdess\u00e4 pullossa monipuoliset vaikutukset koko kehon hyvinvointiin.<\/p>\n<\/div>\n<\/div>\n<\/div>\n<\/div>\n<\/div>\n<div id=\"e-5919a5265911c60bc4efe68d\" class=\"wide-element default scale parent\" data-link=\"58ef21a136b5e70ea39cc543\">\n<div class=\"element parent\">\n<div class=\"element text\">\n<div class=\"element-text content\">\n<div>\n<h4>K\u00e4ytt\u00f6ohje<\/h4>\n<p>10 ml 2 kertaa p\u00e4iv\u00e4ss\u00e4 joko sellaisenaan tai veteen sekoitettuna.<\/p>\n<\/div>\n<\/div>\n<\/div>\n<div class=\"element parent\">\n<div class=\"element text\">\n<div class=\"element-text content\">\n<div>\n<h4>Ainesosat<\/h4>\n<p class=\"\">Vett\u00e4, sitruunoita, taateleita, viikunoita, SAKSANP\u00c4HKIN\u00d6IT\u00c4, SOIJAPAPUJA, kookosp\u00e4hkin\u00f6it\u00e4, sipulia, kasviper\u00e4ist\u00e4 glyseriini\u00e4, SELLERI\u00c4, SOIJAPAVUN ITUJA, artisokkaa, herneit\u00e4, hirssi\u00e4, kurkumaa), appelsiinimehutiivistett\u00e4, magnesiumsitraattia 3,5%, acerola-uutetta (17,5% Vit, C) 1,14%, aromiainetta (appelsiini), vaniljatangon uutetta, sinkkikloridia 0,1%, mangaanisulfaattia 0,03%, kalsium-d-pantotenaattia 0,03%, niasiinia (B3) 0,02%, kolekalsiferolia (kasviper\u00e4ist\u00e4 D-vitamiinia) 0,01%,pyridoksiinihydrokloridia (B6) 0,002%, riboflaviinia (B2) 0,002%, tiamiinihydrokloridia (B1) 0,002%, pteroyylimonoglutamiinihappoa (foolihappoa) 0,0015%, kromi(III)kloridia 0,00063%, syanokobalamiinia (B12) 0,000004%.<\/p>\n<\/div>\n<\/div>\n<\/div>\n<\/div>\n<\/div>\n<\/div>\n","protected":false},"excerpt":{"rendered":"<p>Monipuolinen ja appelsiininmakuinen Regulatpro Metabolic sis\u00e4lt\u00e4\u00e4 entsyymijuoman lis\u00e4ksi\u00a0<span class=\"brClass\"><br \/>\n<\/span>magnesiumia, sinkki\u00e4, mangaania, kromia, foolihappoa sek\u00e4 C-, D-vitamiinia ja mm. aineenvaihduntatoimintoja edist\u00e4vi\u00e4 B6-vitamiinia, magnesiumia, niasiinia ja B12-vitamiinia.<\/p>\n","protected":false},"featured_media":2794,"template":"","meta":{"_acf_changed":false},"product_brand":[],"product_cat":[73,70,77],"product_tag":[],"class_list":{"0":"post-3426","1":"product","2":"type-product","3":"status-publish","4":"has-post-thumbnail","6":"product_cat-lisaravinteet-sv","7":"product_cat-erikoiselintarvikkeet-sv","8":"product_cat-vitamiinit-sv","10":"first","11":"instock","12":"taxable","13":"shipping-taxable","14":"purchasable","15":"product-type-simple"},"acf":[],"_links":{"self":[{"href":"https:\/\/vaasanluonnonravinto.fi\/sv\/wp-json\/wp\/v2\/product\/3426","targetHints":{"allow":["GET"]}}],"collection":[{"href":"https:\/\/vaasanluonnonravinto.fi\/sv\/wp-json\/wp\/v2\/product"}],"about":[{"href":"https:\/\/vaasanluonnonravinto.fi\/sv\/wp-json\/wp\/v2\/types\/product"}],"wp:featuredmedia":[{"embeddable":true,"href":"https:\/\/vaasanluonnonravinto.fi\/sv\/wp-json\/wp\/v2\/media\/2794"}],"wp:attachment":[{"href":"https:\/\/vaasanluonnonravinto.fi\/sv\/wp-json\/wp\/v2\/media?parent=3426"}],"wp:term":[{"taxonomy":"product_brand","embeddable":true,"href":"https:\/\/vaasanluonnonravinto.fi\/sv\/wp-json\/wp\/v2\/product_brand?post=3426"},{"taxonomy":"product_cat","embeddable":true,"href":"https:\/\/vaasanluonnonravinto.fi\/sv\/wp-json\/wp\/v2\/product_cat?post=3426"},{"taxonomy":"product_tag","embeddable":true,"href":"https:\/\/vaasanluonnonravinto.fi\/sv\/wp-json\/wp\/v2\/product_tag?post=3426"}],"curies":[{"name":"wp","href":"https:\/\/api.w.org\/{rel}","templated":true}]}}