{"id":3424,"date":"2019-05-29T12:33:15","date_gmt":"2019-05-29T09:33:15","guid":{"rendered":"https:\/\/vaasanluonnonravinto.fi\/?post_type=product&#038;p=3424"},"modified":"2026-02-01T14:37:09","modified_gmt":"2026-02-01T12:37:09","slug":"pharmanord-d-pearls-strong-d3-vitamiini-kolekalsiferoli-160-kaps","status":"publish","type":"product","link":"https:\/\/vaasanluonnonravinto.fi\/sv\/tuote\/pharmanord-d-pearls-strong-d3-vitamiini-kolekalsiferoli-160-kaps\/","title":{"rendered":"Pharmanord D-Pearls\u00ae Strong \u2013 D3-vitamiini (kolekalsiferoli) 160 kaps"},"content":{"rendered":"<h4>Annostus<\/h4>\n<p>1 kapseli p\u00e4iv\u00e4ss\u00e4. Suositeltua vuorokausiannosta ei saa ylitt\u00e4\u00e4.<\/p>\n<p>&nbsp;<\/p>\n<h4>S\u00e4ilytys<\/h4>\n<p>Huoneenl\u00e4mm\u00f6ss\u00e4, suojassa suoralta auringonvalolta.<br \/>\nS\u00e4ilytett\u00e4v\u00e4 pienten lasten ulottumattomissa.<\/p>\n<p>&nbsp;<\/p>\n<h4>Ainesosat<\/h4>\n<p>Oliivi\u00f6ljy (kylm\u00e4puristettu),<br \/>\nkapselinkuori (liivate),<br \/>\nkosteudens\u00e4ilytt\u00e4j\u00e4 (glyseroli),<br \/>\nD-vitamiini (kolekalsiferoli),<br \/>\nv\u00e4ri (ammoniummenetelm\u00e4n sokerikul\u00f6\u00f6ri)<\/p>\n<p>&nbsp;<\/p>\n<p>Ravintolis\u00e4ll\u00e4 ei tule korvata monipuolista ruokavaliota eik\u00e4 terveit\u00e4 el\u00e4m\u00e4ntapoja.<\/p>\n","protected":false},"excerpt":{"rendered":"<ul>\n<li>Pienet helposti nielt\u00e4v\u00e4t &#8217;helmet&#8217; sis\u00e4lt\u00e4v\u00e4t 38 \u00b5g D3-vitamiinia kylm\u00e4puristetussa oliivi\u00f6ljyss\u00e4, josta rasvaliukoinen vitamiini imeytyy hyvin<\/li>\n<li>Kapselin gelatiini on halal ja kosher -sertifioitua<\/li>\n<li>Luille, hampaille ja lihaksille<\/li>\n<li>D-vitamiini edist\u00e4\u00e4 kalsiumin ja fosforin imeytymist\u00e4<\/li>\n<li>Lis\u00e4ksi D-vitamiini osallistuu solujen jakautumisprosessiin<\/li>\n<li>Valmistettu farmaseuttisten laatuvaatimusten mukaisesti<\/li>\n<\/ul>\n<p>&nbsp;<\/p>\n<p>Pienet D-Pearls<sup>\u00ae<\/sup>\u00a0kapselit sis\u00e4lt\u00e4v\u00e4t 38 mikrogrammaa D3-vitamiinia liuotettuna korkealaatuiseen kylm\u00e4puristettuun oliivi\u00f6ljyyn. D-Pearls-ravintolis\u00e4 on mukava ja luotettava tapa varmistaa elimist\u00f6n riitt\u00e4v\u00e4 D-vitamiinin saanti, my\u00f6s silloin, jos riskin\u00e4 on v\u00e4h\u00e4inen saanti.<\/p>\n<p>&nbsp;<\/p>\n<p>T\u00e4m\u00e4 koskee erityisesti sinua, jos:<\/p>\n<ul>\n<li>olet i\u00e4k\u00e4s<\/li>\n<li>viet\u00e4t paljon aikaa sis\u00e4tiloissa<\/li>\n<li>asut pohjoisilla leveyksill\u00e4, joissa on niukasti auringonvaloa<\/li>\n<li>sy\u00f6t v\u00e4h\u00e4n tai riitt\u00e4m\u00e4tt\u00f6mi\u00e4 m\u00e4\u00e4ri\u00e4 rasvaista kalaa tai muita hyvi\u00e4 D-vitamiinin l\u00e4hteit\u00e4<\/li>\n<li>sinulla on tumma iho (melaniini v\u00e4hent\u00e4\u00e4 ihon kyky\u00e4 tuottaa D-vitamiinia auringonvalon avulla)<\/li>\n<li>k\u00e4yt\u00e4t peitt\u00e4v\u00e4\u00e4 vaatetusta, joka rajoittaa auringolle altistumista<\/li>\n<li>BMI:si on yli 30 \u2013 rasvasolut lis\u00e4\u00e4v\u00e4t D-vitamiinin poistamista verenkierrosta<\/li>\n<\/ul>\n<p>&nbsp;<\/p>\n<p>D-vitamiini edist\u00e4\u00e4 immuunij\u00e4rjestelm\u00e4n normaalia toimintaa sek\u00e4 hampaiden ja luiden pysymist\u00e4 normaalina. Lis\u00e4ksi se edist\u00e4\u00e4 veren normaalia kalsiumtasoa sek\u00e4 kalsiumin ja fosforin imeytymist\u00e4 ja lihastoiminnan yll\u00e4pit\u00e4mist\u00e4. D-vitamiini osallistuu elimist\u00f6ss\u00e4 solujen jakautumisprosessiin.<\/p>\n","protected":false},"featured_media":2653,"template":"","meta":{"_acf_changed":false},"product_brand":[],"product_cat":[73,84,77],"product_tag":[],"class_list":{"0":"post-3424","1":"product","2":"type-product","3":"status-publish","4":"has-post-thumbnail","6":"product_cat-lisaravinteet-sv","7":"product_cat-pharmanord-sv","8":"product_cat-vitamiinit-sv","10":"first","11":"instock","12":"taxable","13":"shipping-taxable","14":"purchasable","15":"product-type-simple"},"acf":[],"_links":{"self":[{"href":"https:\/\/vaasanluonnonravinto.fi\/sv\/wp-json\/wp\/v2\/product\/3424","targetHints":{"allow":["GET"]}}],"collection":[{"href":"https:\/\/vaasanluonnonravinto.fi\/sv\/wp-json\/wp\/v2\/product"}],"about":[{"href":"https:\/\/vaasanluonnonravinto.fi\/sv\/wp-json\/wp\/v2\/types\/product"}],"wp:featuredmedia":[{"embeddable":true,"href":"https:\/\/vaasanluonnonravinto.fi\/sv\/wp-json\/wp\/v2\/media\/2653"}],"wp:attachment":[{"href":"https:\/\/vaasanluonnonravinto.fi\/sv\/wp-json\/wp\/v2\/media?parent=3424"}],"wp:term":[{"taxonomy":"product_brand","embeddable":true,"href":"https:\/\/vaasanluonnonravinto.fi\/sv\/wp-json\/wp\/v2\/product_brand?post=3424"},{"taxonomy":"product_cat","embeddable":true,"href":"https:\/\/vaasanluonnonravinto.fi\/sv\/wp-json\/wp\/v2\/product_cat?post=3424"},{"taxonomy":"product_tag","embeddable":true,"href":"https:\/\/vaasanluonnonravinto.fi\/sv\/wp-json\/wp\/v2\/product_tag?post=3424"}],"curies":[{"name":"wp","href":"https:\/\/api.w.org\/{rel}","templated":true}]}}