{"id":3416,"date":"2019-05-29T12:31:51","date_gmt":"2019-05-29T09:31:51","guid":{"rendered":"https:\/\/vaasanluonnonravinto.fi\/?post_type=product&#038;p=3416"},"modified":"2025-10-08T16:55:04","modified_gmt":"2025-10-08T13:55:04","slug":"voimaruoka-360-vanilja","status":"publish","type":"product","link":"https:\/\/vaasanluonnonravinto.fi\/sv\/tuote\/voimaruoka-360-vanilja\/","title":{"rendered":"Voimaruoka 360 Vanilja"},"content":{"rendered":"<div id=\"e-592825ee3f31440bdcb66000\" class=\"wide-element default scale parent\" data-link=\"591d5072a76b7e7e5b3fffb5\">\n<div class=\"element parent\">\n<div class=\"element text\">\n<div class=\"element-text content\">\n<div>\n<p>Helppo ja nopea, vaniljanmakuinen proteiinisekoitus, joka sis\u00e4lt\u00e4\u00e4 yli 40 % proteiinia sek\u00e4 t\u00e4rkeit\u00e4 kuituja, mineraaleja, sopivasti hyvi\u00e4 rasvoja ja hiilihydraatteja.<\/p>\n<p>Kaikki samassa pussissa, helposti ja optimaalisessa suhteessa.<\/p>\n<p>Ota aamupalaksi, treenin j\u00e4lkeen, v\u00e4li- tai iltapalaksi.<\/p>\n<p>Taloudellisesta 908 g pakkauksesta riitt\u00e4\u00e4 koko perheelle puhtia ja pitk\u00e4kestoista energiaa, joka pit\u00e4\u00e4 tehokkaasti n\u00e4l\u00e4ntunteen loitolla. Ilman lis\u00e4tty\u00e4 sokeria tai lis\u00e4aineita.<\/p>\n<\/div>\n<\/div>\n<\/div>\n<\/div>\n<\/div>\n<div id=\"e-592825ee3f31440bdcb66003\" class=\"wide-element default scale parent\" data-link=\"591d6acdb440d50be007224c\">\n<div class=\"element parent\">\n<div class=\"element text\">\n<div class=\"element-text content\">\n<div>\n<h4>K\u00e4ytt\u00f6ohje<\/h4>\n<p>Mittaa 1 annos (50 g) jauhetta 2 dl veden tai maidon joukkoon ja sekoita ne hyvin esim. sheikkerissa. jauheen voi sekoittaa my\u00f6s jugurttiin, rahkaan tai puuroon.\u00a0<span class=\"brClass\"><br \/>\n<\/span><\/p>\n<p>Ravitsevan ja ihanan pehme\u00e4n smoothieen saat sekoittamalla jauheen pakastemarjojen ja nesteen kanssa tehosekoittimessa.<\/p>\n<\/div>\n<\/div>\n<\/div>\n<div class=\"element parent\">\n<div class=\"element text\">\n<div class=\"element-text content\">\n<div>\n<h4>Ainesosat<\/h4>\n<ul>\n<li>Heraproteiini (maidosta, 46 % heraproteiinikonsentraatti, 1 % heraproteiini-isolaatti)<\/li>\n<li>Mantelijauho 21 %<\/li>\n<li>Kookosmaitojauhe<\/li>\n<li>Pellavansiemenjauho<\/li>\n<li>Auringonkukansiemen<\/li>\n<li>Seesaminsiemen<\/li>\n<li>Chiansiemen<\/li>\n<li>Psyllium-kuitu<\/li>\n<li>Luontainen aromi<\/li>\n<li>Kurpitsansiemen<\/li>\n<li>Ravintohiiva<\/li>\n<li>Stevioliglykosidi<span class=\"brClass\"><br \/>\n<\/span><\/li>\n<\/ul>\n<p>Sis\u00e4lt\u00e4\u00e4 soijalesitiini\u00e4. Tuote sis\u00e4lt\u00e4\u00e4 laktoosia n. 1 g \/ 50 g annos.<\/p>\n<p>360 Wholefoodia ei suositella raskaana oleville, sill\u00e4 tuote sis\u00e4lt\u00e4\u00e4 pellavansiemeni\u00e4.<\/p>\n<p>Valmistettu tehtaassa, jossa k\u00e4sitell\u00e4\u00e4n gluteenia, kananmunaa ja lupiininsiemeni\u00e4<\/p>\n<\/div>\n<\/div>\n<\/div>\n<div class=\"element text\">\n<div class=\"element-text content\">\n<div>\n<h4>Ravintosis\u00e4lt\u00f6<\/h4>\n<h2>Ravintosis\u00e4lt\u00f6 per 100 g:<\/h2>\n<h2><\/h2>\n<ul>\n<li>Energia 1986 kJ \/ 473 kcal<\/li>\n<\/ul>\n<ul>\n<li>Rasva 24,8 g (josta tyydyttynytt\u00e4 6 g)<\/li>\n<li>Hiilihydraatit 12,5\u00a0 g (josta sokereita 4,2 g)\u00a0<span class=\"brClass\"><br \/>\n<\/span><\/li>\n<li>Ravintokuitu 8,5 g\u00a0<span class=\"brClass\"><br \/>\n<\/span><\/li>\n<li>Proteiini 46,7 g<\/li>\n<li>Suola 2,2 g<\/li>\n<li>B3-vitamiini 1,05 mg<\/li>\n<li>B5-vitamiini 290 \u00b5g<\/li>\n<li>B6-vitamiini 66 \u00b5g<\/li>\n<li>B2-vitamiini 119 \u00b5g<\/li>\n<li>B1-vitamiini 146 \u00b5g<\/li>\n<li>Foolihappo 20 \u00b5g<\/li>\n<li>Kalium 500 mg\u00a0<span class=\"brClass\"><br \/>\n<\/span><\/li>\n<li>Kalsium 288 mg<\/li>\n<li>Magnesium 109 mg<\/li>\n<li>Rauta 2,2 mg<\/li>\n<li>Sinkki 1,3 mg<\/li>\n<\/ul>\n<\/div>\n<\/div>\n<\/div>\n<\/div>\n<\/div>\n<\/div>\n","protected":false},"excerpt":{"rendered":"<p>Helppo ja nopea, vaniljanmakuinen proteiinisekoitus, joka sis\u00e4lt\u00e4\u00e4 yli 40 % proteiinia sek\u00e4 t\u00e4rkeit\u00e4 kuituja, mineraaleja, sopivasti hyvi\u00e4 rasvoja ja hiilihydraatteja.<\/p>\n<p>Kaikki samassa pussissa, helposti ja optimaalisessa suhteessa.<\/p>\n<p>Ota aamupalaksi, treenin j\u00e4lkeen, v\u00e4li- tai iltapalaksi.<\/p>\n","protected":false},"featured_media":2813,"template":"","meta":{"_acf_changed":false},"product_brand":[],"product_cat":[73,70,120],"product_tag":[],"class_list":{"0":"post-3416","1":"product","2":"type-product","3":"status-publish","4":"has-post-thumbnail","6":"product_cat-lisaravinteet-sv","7":"product_cat-erikoiselintarvikkeet-sv","8":"product_cat-voimaruoka-sv","10":"first","11":"instock","12":"taxable","13":"shipping-taxable","14":"purchasable","15":"product-type-simple"},"acf":[],"_links":{"self":[{"href":"https:\/\/vaasanluonnonravinto.fi\/sv\/wp-json\/wp\/v2\/product\/3416","targetHints":{"allow":["GET"]}}],"collection":[{"href":"https:\/\/vaasanluonnonravinto.fi\/sv\/wp-json\/wp\/v2\/product"}],"about":[{"href":"https:\/\/vaasanluonnonravinto.fi\/sv\/wp-json\/wp\/v2\/types\/product"}],"wp:featuredmedia":[{"embeddable":true,"href":"https:\/\/vaasanluonnonravinto.fi\/sv\/wp-json\/wp\/v2\/media\/2813"}],"wp:attachment":[{"href":"https:\/\/vaasanluonnonravinto.fi\/sv\/wp-json\/wp\/v2\/media?parent=3416"}],"wp:term":[{"taxonomy":"product_brand","embeddable":true,"href":"https:\/\/vaasanluonnonravinto.fi\/sv\/wp-json\/wp\/v2\/product_brand?post=3416"},{"taxonomy":"product_cat","embeddable":true,"href":"https:\/\/vaasanluonnonravinto.fi\/sv\/wp-json\/wp\/v2\/product_cat?post=3416"},{"taxonomy":"product_tag","embeddable":true,"href":"https:\/\/vaasanluonnonravinto.fi\/sv\/wp-json\/wp\/v2\/product_tag?post=3416"}],"curies":[{"name":"wp","href":"https:\/\/api.w.org\/{rel}","templated":true}]}}