{"id":3410,"date":"2019-05-29T12:31:46","date_gmt":"2019-05-29T09:31:46","guid":{"rendered":"https:\/\/vaasanluonnonravinto.fi\/?post_type=product&#038;p=3410"},"modified":"2022-03-04T15:54:54","modified_gmt":"2022-03-04T13:54:54","slug":"solgar-a-vitamiini-5000-iu-100-tabl","status":"publish","type":"product","link":"https:\/\/vaasanluonnonravinto.fi\/sv\/tuote\/solgar-a-vitamiini-5000-iu-100-tabl\/","title":{"rendered":"Solgar A-vitamiini 5000 IU 100 tabl"},"content":{"rendered":"","protected":false},"excerpt":{"rendered":"<p>A-vitamiini on yksi ihmisen tarvitsemista rasvaliukoisista vitamiineista. A-vitamiini on t\u00e4rke\u00e4 n\u00e4k\u00f6kyvylle, limakalvoille, iholle ja kasvamiselle. Luontainen vastustuskykymme vaatii my\u00f6s riitt\u00e4v\u00e4sti A-vitamiinia pysy\u00e4kseen vahvana.<\/p>\n<p>Solgar A-vitamiini 5000IU sis\u00e4lt\u00e4\u00e4 A-vitamiinin lis\u00e4ksi my\u00f6s vastutuskyky\u00e4 tukevaa C-vitamiinia.<\/p>\n<p>&nbsp;<\/p>\n<h4>Annostus<\/h4>\n<p>1 kapseli p\u00e4iv\u00e4ss\u00e4 ruokailun yhteydess\u00e4 tai terveydenhoidon ammattilaisen antaman erillisen ohjeen mukaan.<\/p>\n<p>&nbsp;<\/p>\n<h4>Ainesosat<\/h4>\n<p>A-vitamiini, C-vitamiini, dikalsiumfosfaatti, mikrokiteinen selluloosa, piidioksidi, natriumkarboksimetyyliselluloosa ja magnesiumstearaatti.<\/p>\n<p>&nbsp;<\/p>\n<p>Jos olet raskaana, imet\u00e4t, k\u00e4yt\u00e4t l\u00e4\u00e4kkeit\u00e4 tai olet sairas, konsultoi l\u00e4\u00e4k\u00e4ri\u00e4si ennen tuotteen k\u00e4ytt\u00f6\u00e4.<\/p>\n<p>&nbsp;<\/p>\n<p>S\u00e4ilytett\u00e4v\u00e4 lasten ulottumattomissa. Suositeltua vuorokausiannosta ei saa ylitt\u00e4\u00e4. Ravintolis\u00e4\u00e4 ei tule k\u00e4ytt\u00e4\u00e4 monipuolisen ruokavalion tai terveiden elintapojen korvikkeena.<\/p>\n","protected":false},"featured_media":1876,"template":"","meta":{"_acf_changed":false,"rs_blank_template":"","rs_page_bg_color":"","slide_template_v7":""},"product_brand":[],"product_cat":[73,82,77],"product_tag":[],"class_list":{"0":"post-3410","1":"product","2":"type-product","3":"status-publish","4":"has-post-thumbnail","6":"product_cat-lisaravinteet-sv","7":"product_cat-solgar-sv","8":"product_cat-vitamiinit-sv","10":"first","11":"instock","12":"taxable","13":"shipping-taxable","14":"purchasable","15":"product-type-simple"},"acf":[],"_links":{"self":[{"href":"https:\/\/vaasanluonnonravinto.fi\/sv\/wp-json\/wp\/v2\/product\/3410","targetHints":{"allow":["GET"]}}],"collection":[{"href":"https:\/\/vaasanluonnonravinto.fi\/sv\/wp-json\/wp\/v2\/product"}],"about":[{"href":"https:\/\/vaasanluonnonravinto.fi\/sv\/wp-json\/wp\/v2\/types\/product"}],"wp:featuredmedia":[{"embeddable":true,"href":"https:\/\/vaasanluonnonravinto.fi\/sv\/wp-json\/wp\/v2\/media\/1876"}],"wp:attachment":[{"href":"https:\/\/vaasanluonnonravinto.fi\/sv\/wp-json\/wp\/v2\/media?parent=3410"}],"wp:term":[{"taxonomy":"product_brand","embeddable":true,"href":"https:\/\/vaasanluonnonravinto.fi\/sv\/wp-json\/wp\/v2\/product_brand?post=3410"},{"taxonomy":"product_cat","embeddable":true,"href":"https:\/\/vaasanluonnonravinto.fi\/sv\/wp-json\/wp\/v2\/product_cat?post=3410"},{"taxonomy":"product_tag","embeddable":true,"href":"https:\/\/vaasanluonnonravinto.fi\/sv\/wp-json\/wp\/v2\/product_tag?post=3410"}],"curies":[{"name":"wp","href":"https:\/\/api.w.org\/{rel}","templated":true}]}}