{"id":3409,"date":"2019-04-05T15:34:45","date_gmt":"2019-04-05T12:34:45","guid":{"rendered":"https:\/\/vaasanluonnonravinto.fi\/?post_type=product&#038;p=3409"},"modified":"2025-10-08T17:00:15","modified_gmt":"2025-10-08T14:00:15","slug":"naturamedia-damianauute-xxi-50-ml","status":"publish","type":"product","link":"https:\/\/vaasanluonnonravinto.fi\/sv\/tuote\/naturamedia-damianauute-xxi-50-ml\/","title":{"rendered":"NaturaMedia Damianauute XXI 50 ml"},"content":{"rendered":"<h4>Damianaa ei tule ottaa, jos:<\/h4>\n<ul>\n<li>sy\u00f6t diabetesl\u00e4\u00e4kkeit\u00e4<\/li>\n<li>on ollut rintasy\u00f6p\u00e4<\/li>\n<li>skitsofrenia<\/li>\n<li>alzheimerin tauti<\/li>\n<li>parkinsonin tauti<\/li>\n<\/ul>\n","protected":false},"excerpt":{"rendered":"<h4>Damiana yrttiuutteen k\u00e4ytt\u00f6ohje, aikuiset:<\/h4>\n<ul>\n<li>on suositeltavaa ottaa 1 ml. (=25 tippaa) kolme kertaa p\u00e4iv\u00e4ss\u00e4<\/li>\n<li>joko sellaisenaan tai pienen vesim\u00e4\u00e4r\u00e4n kera<\/li>\n<li>ravista hyvin ennen k\u00e4ytt\u00f6\u00e4<\/li>\n<li>pullon pohjalle voi laskeutua hieman sakkaa, se on normaalia, eik\u00e4 vaikuta tuotteen laatuun<\/li>\n<li>s\u00e4ilyt\u00e4 valolta suojattuna, kuivassa, alle +25\u00b0C.<\/li>\n<\/ul>\n<p>&nbsp;<\/p>\n<h4>Damianauutteen ainesosat ja vaikuttavat aineet\/3 ml.<\/h4>\n<p>glyseroli<br \/>\nvesi<br \/>\nlyofilisoitu damianauute (Turnera diffusa Willd) kasvin lehti 540 mg.<br \/>\ngamma-syklodekstriinit 180 mg.<br \/>\nalfa-syklodekstriinit 90 mg.<br \/>\nsaponiinit 9 mg.<\/p>\n<p>&nbsp;<\/p>\n","protected":false},"featured_media":2862,"template":"","meta":{"_acf_changed":false},"product_brand":[],"product_cat":[78,73,81],"product_tag":[],"class_list":{"0":"post-3409","1":"product","2":"type-product","3":"status-publish","4":"has-post-thumbnail","6":"product_cat-muut-ravintolisat-sv","7":"product_cat-lisaravinteet-sv","8":"product_cat-naturamedia-sv","10":"first","11":"instock","12":"taxable","13":"shipping-taxable","14":"purchasable","15":"product-type-simple"},"acf":[],"_links":{"self":[{"href":"https:\/\/vaasanluonnonravinto.fi\/sv\/wp-json\/wp\/v2\/product\/3409","targetHints":{"allow":["GET"]}}],"collection":[{"href":"https:\/\/vaasanluonnonravinto.fi\/sv\/wp-json\/wp\/v2\/product"}],"about":[{"href":"https:\/\/vaasanluonnonravinto.fi\/sv\/wp-json\/wp\/v2\/types\/product"}],"wp:featuredmedia":[{"embeddable":true,"href":"https:\/\/vaasanluonnonravinto.fi\/sv\/wp-json\/wp\/v2\/media\/2862"}],"wp:attachment":[{"href":"https:\/\/vaasanluonnonravinto.fi\/sv\/wp-json\/wp\/v2\/media?parent=3409"}],"wp:term":[{"taxonomy":"product_brand","embeddable":true,"href":"https:\/\/vaasanluonnonravinto.fi\/sv\/wp-json\/wp\/v2\/product_brand?post=3409"},{"taxonomy":"product_cat","embeddable":true,"href":"https:\/\/vaasanluonnonravinto.fi\/sv\/wp-json\/wp\/v2\/product_cat?post=3409"},{"taxonomy":"product_tag","embeddable":true,"href":"https:\/\/vaasanluonnonravinto.fi\/sv\/wp-json\/wp\/v2\/product_tag?post=3409"}],"curies":[{"name":"wp","href":"https:\/\/api.w.org\/{rel}","templated":true}]}}