{"id":3405,"date":"2019-05-29T12:31:41","date_gmt":"2019-05-29T09:31:41","guid":{"rendered":"https:\/\/vaasanluonnonravinto.fi\/?post_type=product&#038;p=3405"},"modified":"2023-05-24T14:45:21","modified_gmt":"2023-05-24T11:45:21","slug":"naturamedia-harpagofito-i-pirunkourauute-xxi-50-ml","status":"publish","type":"product","link":"https:\/\/vaasanluonnonravinto.fi\/sv\/tuote\/naturamedia-harpagofito-i-pirunkourauute-xxi-50-ml\/","title":{"rendered":"NaturaMedia Harpagofito I. Pirunkourauute XXI 50 ml"},"content":{"rendered":"","protected":false},"excerpt":{"rendered":"<h4>Ainesosat<\/h4>\n<p>Pirunkoura (Harpagophytum procumbens D.C.) -kasviglyseriiniuute.<\/p>\n<p>1 ml sis\u00e4lt\u00e4\u00e4 3 mg harpagosiidia. Vaikuttava p\u00e4iv\u00e4annos (E.D.S. eli effective daily supply, ilmaisee aktiiviaineiden suositeltavan keskim\u00e4\u00e4r\u00e4isen vuorokausiannoksen tehokkaan vaikutuksen saamiseksi): 3ml, sis\u00e4lt\u00e4\u00e4 harpagosiidia 9mg.<\/p>\n<p>&nbsp;<\/p>\n<h4>Annostus<\/h4>\n<p>1 ml 3 kertaa p\u00e4iv\u00e4ss\u00e4 sellaisenaan tai veden kera.<\/p>\n<p>&nbsp;<\/p>\n<p>Valmistettu Espanjassa, markkinoija Suomessa Natura Media Oy. Ravistettava ennen k\u00e4ytt\u00f6\u00e4. Annostusta ei saa ylitt\u00e4\u00e4. Ravintolis\u00e4 ei korvaa monipuolista ja tasapainoista ruokavaliota eik\u00e4 terveit\u00e4 el\u00e4m\u00e4ntapoja. S\u00e4ilytett\u00e4v\u00e4 lasten ulottumattomissa. Ei sis\u00e4ll\u00e4 v\u00e4riaineita, s\u00e4il\u00f6nt\u00e4aineita eik\u00e4 lis\u00e4aineita.<\/p>\n","protected":false},"featured_media":2869,"template":"","meta":{"_acf_changed":false},"product_brand":[],"product_cat":[78,73,81],"product_tag":[],"class_list":{"0":"post-3405","1":"product","2":"type-product","3":"status-publish","4":"has-post-thumbnail","6":"product_cat-muut-ravintolisat-sv","7":"product_cat-lisaravinteet-sv","8":"product_cat-naturamedia-sv","10":"first","11":"instock","12":"taxable","13":"shipping-taxable","14":"purchasable","15":"product-type-simple"},"acf":[],"_links":{"self":[{"href":"https:\/\/vaasanluonnonravinto.fi\/sv\/wp-json\/wp\/v2\/product\/3405","targetHints":{"allow":["GET"]}}],"collection":[{"href":"https:\/\/vaasanluonnonravinto.fi\/sv\/wp-json\/wp\/v2\/product"}],"about":[{"href":"https:\/\/vaasanluonnonravinto.fi\/sv\/wp-json\/wp\/v2\/types\/product"}],"wp:featuredmedia":[{"embeddable":true,"href":"https:\/\/vaasanluonnonravinto.fi\/sv\/wp-json\/wp\/v2\/media\/2869"}],"wp:attachment":[{"href":"https:\/\/vaasanluonnonravinto.fi\/sv\/wp-json\/wp\/v2\/media?parent=3405"}],"wp:term":[{"taxonomy":"product_brand","embeddable":true,"href":"https:\/\/vaasanluonnonravinto.fi\/sv\/wp-json\/wp\/v2\/product_brand?post=3405"},{"taxonomy":"product_cat","embeddable":true,"href":"https:\/\/vaasanluonnonravinto.fi\/sv\/wp-json\/wp\/v2\/product_cat?post=3405"},{"taxonomy":"product_tag","embeddable":true,"href":"https:\/\/vaasanluonnonravinto.fi\/sv\/wp-json\/wp\/v2\/product_tag?post=3405"}],"curies":[{"name":"wp","href":"https:\/\/api.w.org\/{rel}","templated":true}]}}