{"id":3398,"date":"2019-05-29T12:31:34","date_gmt":"2019-05-29T09:31:34","guid":{"rendered":"https:\/\/vaasanluonnonravinto.fi\/?post_type=product&#038;p=3398"},"modified":"2020-09-14T16:35:58","modified_gmt":"2020-09-14T13:35:58","slug":"naturamedia-neidonhiuspuu-uute-ginkgo-uute-xxi-50ml","status":"publish","type":"product","link":"https:\/\/vaasanluonnonravinto.fi\/sv\/tuote\/naturamedia-neidonhiuspuu-uute-ginkgo-uute-xxi-50ml\/","title":{"rendered":"NaturaMedia Neidonhiuspuu-uute \/Ginkgo uute XXI 50ml"},"content":{"rendered":"<h4>Ainesosat:<\/h4>\n<p>glyseroli, vesi,<\/p>\n<p>lyofilisoitu neidonhiuspuu-uute (Ginkgo biloba L lehti) ( 120mg)<\/p>\n<p>gamma-syklodekstriinit (120mg)<\/p>\n<p>alfa-syklodekstriinit (60mg)<\/p>\n","protected":false},"excerpt":{"rendered":"<h4>Annostus:<\/h4>\n<p>1ml 3kertaa p\u00e4iv\u00e4ss\u00e4 veden kera<\/p>\n<p>Annostusta ei saa ylitt\u00e4\u00e4<\/p>\n<p>&nbsp;<\/p>\n<h4>Vaikuttavat aineet per 3ml:<\/h4>\n<p>Flavonoidit 6mg<\/p>\n<p>&nbsp;<\/p>\n<p>Ravintolis\u00e4 ei korvaa monipuolista ja tasapainoista ruokavaliota eik\u00e4 terveit\u00e4 el\u00e4m\u00e4ntapoja.<\/p>\n<p>&nbsp;<\/p>\n<p>S\u00e4ilytett\u00e4v\u00e4 lasten ulottumattomissa.<\/p>\n<p>&nbsp;<\/p>\n<p>Ei suositella k\u00e4ytett\u00e4v\u00e4ksi raskauden tai imetyksen aikana.<\/p>\n<p>&nbsp;<\/p>\n<p>Ravista hyvin ennen k\u00e4ytt\u00f6\u00e4.<\/p>\n","protected":false},"featured_media":2889,"template":"","meta":{"_acf_changed":false,"rs_blank_template":"","rs_page_bg_color":"","slide_template_v7":""},"product_brand":[],"product_cat":[78,73,81],"product_tag":[],"class_list":{"0":"post-3398","1":"product","2":"type-product","3":"status-publish","4":"has-post-thumbnail","6":"product_cat-muut-ravintolisat-sv","7":"product_cat-lisaravinteet-sv","8":"product_cat-naturamedia-sv","10":"first","11":"instock","12":"taxable","13":"shipping-taxable","14":"purchasable","15":"product-type-simple"},"acf":[],"_links":{"self":[{"href":"https:\/\/vaasanluonnonravinto.fi\/sv\/wp-json\/wp\/v2\/product\/3398","targetHints":{"allow":["GET"]}}],"collection":[{"href":"https:\/\/vaasanluonnonravinto.fi\/sv\/wp-json\/wp\/v2\/product"}],"about":[{"href":"https:\/\/vaasanluonnonravinto.fi\/sv\/wp-json\/wp\/v2\/types\/product"}],"wp:featuredmedia":[{"embeddable":true,"href":"https:\/\/vaasanluonnonravinto.fi\/sv\/wp-json\/wp\/v2\/media\/2889"}],"wp:attachment":[{"href":"https:\/\/vaasanluonnonravinto.fi\/sv\/wp-json\/wp\/v2\/media?parent=3398"}],"wp:term":[{"taxonomy":"product_brand","embeddable":true,"href":"https:\/\/vaasanluonnonravinto.fi\/sv\/wp-json\/wp\/v2\/product_brand?post=3398"},{"taxonomy":"product_cat","embeddable":true,"href":"https:\/\/vaasanluonnonravinto.fi\/sv\/wp-json\/wp\/v2\/product_cat?post=3398"},{"taxonomy":"product_tag","embeddable":true,"href":"https:\/\/vaasanluonnonravinto.fi\/sv\/wp-json\/wp\/v2\/product_tag?post=3398"}],"curies":[{"name":"wp","href":"https:\/\/api.w.org\/{rel}","templated":true}]}}