{"id":3396,"date":"2019-05-29T12:31:33","date_gmt":"2019-05-29T09:31:33","guid":{"rendered":"https:\/\/vaasanluonnonravinto.fi\/?post_type=product&#038;p=3396"},"modified":"2020-09-14T16:36:05","modified_gmt":"2020-09-14T13:36:05","slug":"naturamedia-peltokorteuute-horsetail-50ml","status":"publish","type":"product","link":"https:\/\/vaasanluonnonravinto.fi\/sv\/tuote\/naturamedia-peltokorteuute-horsetail-50ml\/","title":{"rendered":"NaturaMedia Peltokorteuute\/Horsetail 50ml"},"content":{"rendered":"","protected":false},"excerpt":{"rendered":"<p>Peltokorte-kasviglyseriiniuute 100 %. Ravintolis\u00e4.<\/p>\n<p>1 ml uutetta vastaa noin 1500 mg tuoretta kasvia.<\/p>\n<p>&nbsp;<\/p>\n<h4>Annostus<\/h4>\n<p>1 ml kolme kertaa p\u00e4iv\u00e4ss\u00e4. Uutteet on pakattu pulloihin, jotka sis\u00e4lt\u00e4v\u00e4t pipetin. Yksi pipetillinen on yksi annos (1ml).<\/p>\n<p>&nbsp;<\/p>\n<p>Ravintolis\u00e4 ei korvaa monipuolista ja tasapainoista ruokavaliota eik\u00e4 terveit\u00e4 el\u00e4m\u00e4ntapoja<\/p>\n","protected":false},"featured_media":2895,"template":"","meta":{"_acf_changed":false},"product_brand":[],"product_cat":[78,73,81],"product_tag":[],"class_list":{"0":"post-3396","1":"product","2":"type-product","3":"status-publish","4":"has-post-thumbnail","6":"product_cat-muut-ravintolisat-sv","7":"product_cat-lisaravinteet-sv","8":"product_cat-naturamedia-sv","10":"first","11":"instock","12":"taxable","13":"shipping-taxable","14":"purchasable","15":"product-type-simple"},"acf":[],"_links":{"self":[{"href":"https:\/\/vaasanluonnonravinto.fi\/sv\/wp-json\/wp\/v2\/product\/3396","targetHints":{"allow":["GET"]}}],"collection":[{"href":"https:\/\/vaasanluonnonravinto.fi\/sv\/wp-json\/wp\/v2\/product"}],"about":[{"href":"https:\/\/vaasanluonnonravinto.fi\/sv\/wp-json\/wp\/v2\/types\/product"}],"wp:featuredmedia":[{"embeddable":true,"href":"https:\/\/vaasanluonnonravinto.fi\/sv\/wp-json\/wp\/v2\/media\/2895"}],"wp:attachment":[{"href":"https:\/\/vaasanluonnonravinto.fi\/sv\/wp-json\/wp\/v2\/media?parent=3396"}],"wp:term":[{"taxonomy":"product_brand","embeddable":true,"href":"https:\/\/vaasanluonnonravinto.fi\/sv\/wp-json\/wp\/v2\/product_brand?post=3396"},{"taxonomy":"product_cat","embeddable":true,"href":"https:\/\/vaasanluonnonravinto.fi\/sv\/wp-json\/wp\/v2\/product_cat?post=3396"},{"taxonomy":"product_tag","embeddable":true,"href":"https:\/\/vaasanluonnonravinto.fi\/sv\/wp-json\/wp\/v2\/product_tag?post=3396"}],"curies":[{"name":"wp","href":"https:\/\/api.w.org\/{rel}","templated":true}]}}