{"id":3392,"date":"2019-05-29T12:31:29","date_gmt":"2019-05-29T09:31:29","guid":{"rendered":"https:\/\/vaasanluonnonravinto.fi\/?post_type=product&#038;p=3392"},"modified":"2022-02-07T16:14:07","modified_gmt":"2022-02-07T14:14:07","slug":"naturamedia-rakkolevauute-50-ml","status":"publish","type":"product","link":"https:\/\/vaasanluonnonravinto.fi\/sv\/tuote\/naturamedia-rakkolevauute-50-ml\/","title":{"rendered":"NaturaMedia Rakkolev\u00e4uute 50 ml"},"content":{"rendered":"","protected":false},"excerpt":{"rendered":"<p>Rakkolev\u00e4uute on antibakteerinen, tulehdus\u00e4rsytyst\u00e4 lievitt\u00e4v\u00e4 (demulsenttinen), immuniteettia lis\u00e4\u00e4v\u00e4, kilpirauhasta virkist\u00e4v\u00e4 (tyroidistimulanttinen), luonnollista jodia sis\u00e4lt\u00e4v\u00e4, rasva-aineenvaihduntaa parantava sek\u00e4 liev\u00e4sti suolentoimintaa lis\u00e4\u00e4v\u00e4 ja nestett\u00e4 poistava.<\/p>\n<p>&nbsp;<\/p>\n<h4>Annostus<\/h4>\n<p>1 ml (n. 25 tippaa) 3 kertaa p\u00e4iv\u00e4ss\u00e4, joko sellaisenaan tai pienen vesim\u00e4\u00e4r\u00e4n kera. Lapsille (5-12-vuotiaat) puolet aikuiden annostuksesta.<\/p>\n<p>&nbsp;<\/p>\n<p>Ravintolis\u00e4 ei korvaa monipuolista ja tasapainoista ruokavaliota eik\u00e4 terveit\u00e4 el\u00e4m\u00e4ntapoja. Annostusta ei saa ylitt\u00e4\u00e4. S\u00e4ilytett\u00e4v\u00e4 lasten ulottumattomissa. Ravistettava ennen k\u00e4ytt\u00f6\u00e4.<\/p>\n","protected":false},"featured_media":3006,"template":"","meta":{"_acf_changed":false},"product_brand":[],"product_cat":[78,73,81],"product_tag":[],"class_list":{"0":"post-3392","1":"product","2":"type-product","3":"status-publish","4":"has-post-thumbnail","6":"product_cat-muut-ravintolisat-sv","7":"product_cat-lisaravinteet-sv","8":"product_cat-naturamedia-sv","10":"first","11":"instock","12":"taxable","13":"shipping-taxable","14":"purchasable","15":"product-type-simple"},"acf":[],"_links":{"self":[{"href":"https:\/\/vaasanluonnonravinto.fi\/sv\/wp-json\/wp\/v2\/product\/3392","targetHints":{"allow":["GET"]}}],"collection":[{"href":"https:\/\/vaasanluonnonravinto.fi\/sv\/wp-json\/wp\/v2\/product"}],"about":[{"href":"https:\/\/vaasanluonnonravinto.fi\/sv\/wp-json\/wp\/v2\/types\/product"}],"wp:featuredmedia":[{"embeddable":true,"href":"https:\/\/vaasanluonnonravinto.fi\/sv\/wp-json\/wp\/v2\/media\/3006"}],"wp:attachment":[{"href":"https:\/\/vaasanluonnonravinto.fi\/sv\/wp-json\/wp\/v2\/media?parent=3392"}],"wp:term":[{"taxonomy":"product_brand","embeddable":true,"href":"https:\/\/vaasanluonnonravinto.fi\/sv\/wp-json\/wp\/v2\/product_brand?post=3392"},{"taxonomy":"product_cat","embeddable":true,"href":"https:\/\/vaasanluonnonravinto.fi\/sv\/wp-json\/wp\/v2\/product_cat?post=3392"},{"taxonomy":"product_tag","embeddable":true,"href":"https:\/\/vaasanluonnonravinto.fi\/sv\/wp-json\/wp\/v2\/product_tag?post=3392"}],"curies":[{"name":"wp","href":"https:\/\/api.w.org\/{rel}","templated":true}]}}