{"id":3385,"date":"2019-05-29T12:31:23","date_gmt":"2019-05-29T09:31:23","guid":{"rendered":"https:\/\/vaasanluonnonravinto.fi\/?post_type=product&#038;p=3385"},"modified":"2020-09-14T16:36:19","modified_gmt":"2020-09-14T13:36:19","slug":"naturamedia-sinkki-30-120-kaps","status":"publish","type":"product","link":"https:\/\/vaasanluonnonravinto.fi\/sv\/tuote\/naturamedia-sinkki-30-120-kaps\/","title":{"rendered":"NaturaMedia Sinkki 30 120 kaps"},"content":{"rendered":"","protected":false},"excerpt":{"rendered":"<p>Biosorin Sinkki 30 on tehokkaasti imeytyv\u00e4 sinkkivalmiste kasvikapseleissa.<\/p>\n<p>&nbsp;<\/p>\n<p>Biosorin Sinkki 30 sis\u00e4lt\u00e4\u00e4 sinkin l\u00e4hteen\u00e4 sinkkipikolinaattia, joka on sinkin luonnollinen muoto.<br \/>\nSinkkipikolinaatti on optimaalinen tapa lis\u00e4t\u00e4 t\u00e4m\u00e4n t\u00e4rke\u00e4n mineraalin saantia. Pikolinaattimuodossa sinkki imeytyy tehokkaasti ja elimist\u00f6 pystyy vastaanottamaan sit\u00e4 paremmin. Pikoliinihappoa, johon sinkki voi sitoutua, muodostuu ihmisell\u00e4 luonnostaan haimassa. Yhdistyess\u00e4\u00e4n ravinnossa olevaan sinkkiin, syntyy yhdiste, joka on sinkin imeytyv\u00e4 muoto.<\/p>\n<p>&nbsp;<\/p>\n<h4>Sinkki on ihmiselle v\u00e4ltt\u00e4m\u00e4t\u00f6n mineraali, jolla on laaja biologinen teht\u00e4v\u00e4 elimist\u00f6ss\u00e4:<\/h4>\n<ul>\n<li>edist\u00e4\u00e4 normaalia happo-em\u00e4saineenvaihduntaa<\/li>\n<li>edist\u00e4\u00e4 normaalia hiilihydraatti- ja rasvahappoaineenvaihduntaa<\/li>\n<li>edist\u00e4\u00e4 normaalia kognitiivista toimintaa<\/li>\n<li>edist\u00e4\u00e4 normaalia DNA-synteesi\u00e4<\/li>\n<li>edist\u00e4\u00e4 normaalia proteiinisynteesi\u00e4<\/li>\n<li>edist\u00e4\u00e4 normaalia hedelm\u00e4llisyytt\u00e4 ja lis\u00e4\u00e4ntymiskyky\u00e4<\/li>\n<li>edist\u00e4\u00e4 testosteronitason pysymist\u00e4 normaalina<\/li>\n<li>edist\u00e4\u00e4 normaalia makroravintoaineiden ja A-vitamiinin aineenvaihduntaa<\/li>\n<li>edist\u00e4\u00e4 luuston pysymist\u00e4 normaalina<\/li>\n<li>edist\u00e4\u00e4 hiusten, kynsien ja ihon pysymist\u00e4 normaalina<\/li>\n<li>edist\u00e4\u00e4 n\u00e4\u00f6n pysymist\u00e4 normaalina<\/li>\n<li>edist\u00e4\u00e4 immuunij\u00e4rjestelm\u00e4n normaalia toimintaa<\/li>\n<li>edist\u00e4\u00e4 solujen suojaamista hapettumisstressilt\u00e4 ja osallistuu solujen jakautumisprosessiin.<\/li>\n<\/ul>\n<p>&nbsp;<\/p>\n<h4>P\u00e4iv\u00e4annos<\/h4>\n<p>1 kapseli p\u00e4iv\u00e4ss\u00e4.<\/p>\n","protected":false},"featured_media":3028,"template":"","meta":{"_acf_changed":false,"rs_blank_template":"","rs_page_bg_color":"","slide_template_v7":""},"product_brand":[],"product_cat":[73,76,81],"product_tag":[],"class_list":{"0":"post-3385","1":"product","2":"type-product","3":"status-publish","4":"has-post-thumbnail","6":"product_cat-lisaravinteet-sv","7":"product_cat-kivennaisvalmisteet-sv","8":"product_cat-naturamedia-sv","10":"first","11":"instock","12":"taxable","13":"shipping-taxable","14":"purchasable","15":"product-type-simple"},"acf":[],"_links":{"self":[{"href":"https:\/\/vaasanluonnonravinto.fi\/sv\/wp-json\/wp\/v2\/product\/3385","targetHints":{"allow":["GET"]}}],"collection":[{"href":"https:\/\/vaasanluonnonravinto.fi\/sv\/wp-json\/wp\/v2\/product"}],"about":[{"href":"https:\/\/vaasanluonnonravinto.fi\/sv\/wp-json\/wp\/v2\/types\/product"}],"wp:featuredmedia":[{"embeddable":true,"href":"https:\/\/vaasanluonnonravinto.fi\/sv\/wp-json\/wp\/v2\/media\/3028"}],"wp:attachment":[{"href":"https:\/\/vaasanluonnonravinto.fi\/sv\/wp-json\/wp\/v2\/media?parent=3385"}],"wp:term":[{"taxonomy":"product_brand","embeddable":true,"href":"https:\/\/vaasanluonnonravinto.fi\/sv\/wp-json\/wp\/v2\/product_brand?post=3385"},{"taxonomy":"product_cat","embeddable":true,"href":"https:\/\/vaasanluonnonravinto.fi\/sv\/wp-json\/wp\/v2\/product_cat?post=3385"},{"taxonomy":"product_tag","embeddable":true,"href":"https:\/\/vaasanluonnonravinto.fi\/sv\/wp-json\/wp\/v2\/product_tag?post=3385"}],"curies":[{"name":"wp","href":"https:\/\/api.w.org\/{rel}","templated":true}]}}