{"id":3384,"date":"2019-05-29T12:31:22","date_gmt":"2019-05-29T09:31:22","guid":{"rendered":"https:\/\/vaasanluonnonravinto.fi\/?post_type=product&#038;p=3384"},"modified":"2025-08-01T00:37:07","modified_gmt":"2025-07-31T21:37:07","slug":"naturamedia-suncaroten-strong-liquid-40-kaps","status":"publish","type":"product","link":"https:\/\/vaasanluonnonravinto.fi\/sv\/tuote\/naturamedia-suncaroten-strong-liquid-40-kaps\/","title":{"rendered":"NaturaMedia SunCaroten strong liquid 40 kaps"},"content":{"rendered":"<h4>K\u00e4ytt\u00f6ohje<\/h4>\n<p>1 kapseli p\u00e4iv\u00e4ss\u00e4 2-3 viikkoa ennen altistumista auringon valolle, jonka j\u00e4lkeen jatketaan<br \/>\nyksi kapseli p\u00e4iv\u00e4ss\u00e4, niin kauan kuin altistutaan auringonvalolle.<\/p>\n<p>&nbsp;<\/p>\n<h4>Vuorokausiannos sis\u00e4lt\u00e4\u00e4: 1 kaps<\/h4>\n<p>Astaksantiinia* &#8230;&#8230;&#8230;&#8230;&#8230;&#8230;. 4 mg<br \/>\nBeetakaroteenia* &#8230;&#8230;&#8230;&#8230;.. 14,4 mg<br \/>\nLykopeenia* &#8230;&#8230;&#8230;&#8230;&#8230;&#8230;&#8230; 6,4 mg<br \/>\nE-vitamiinia* &#8230;&#8230;&#8230;&#8230;&#8230;&#8230;.. 10 mg<br \/>\nOliivi\u00f6ljy\u00e4* &#8230;&#8230;&#8230;&#8230;&#8230;&#8230;&#8230;.. 250 mg<\/p>\n","protected":false},"excerpt":{"rendered":"<h4>SUNCAROTEN ja kaunis rusketus<\/h4>\n<p>Suncaroten-kapseleiden sis\u00e4lt\u00e4m\u00e4t t\u00e4ysin luonnolliset lykopeeni ja astaksantiini muodostavat poikkeuksellisen tehokkaan yhdistelm\u00e4n syvemm\u00e4n rusketuksen saavuttamiseksi huomattavasti nopeammin. Tuotteeseen on lis\u00e4tty my\u00f6s tutumpi rusketuksen edist\u00e4j\u00e4, porkkanasta saatava beetakaroteeni.<\/p>\n<p>&nbsp;<\/p>\n<p>Parhaan hy\u00f6dyn saavuttamiseksi Suncaroten kapseleiden nauttiminen on hyv\u00e4 aloittaa jo ennen varsinaista auringonottokautta.<\/p>\n<p>&nbsp;<\/p>\n<p>SUNCAROTEN-nestekapselit ovat parhaimmillaan aurinkoisina p\u00e4ivin\u00e4. Ne on tarkoitettu kaikille aikuisille, olipa iho sitten aurinkoherkk\u00e4 tai luonnostaan hyvin ruskettuva.<\/p>\n<p>&nbsp;<\/p>\n<p>Kapselit sis\u00e4lt\u00e4v\u00e4t tehokkaan yhdistelm\u00e4n astaksantiinia, lykopeenia ja betakaroteenia. Lis\u00e4ksi oliivi\u00f6ljy\u00e4 ja E-vitamiinia, joka edist\u00e4\u00e4 solujen suojaamista hapettumisstressilt\u00e4<\/p>\n","protected":false},"featured_media":3031,"template":"","meta":{"_acf_changed":false},"product_brand":[],"product_cat":[78,73,81,77],"product_tag":[],"class_list":{"0":"post-3384","1":"product","2":"type-product","3":"status-publish","4":"has-post-thumbnail","6":"product_cat-muut-ravintolisat-sv","7":"product_cat-lisaravinteet-sv","8":"product_cat-naturamedia-sv","9":"product_cat-vitamiinit-sv","11":"first","12":"instock","13":"taxable","14":"shipping-taxable","15":"purchasable","16":"product-type-simple"},"acf":[],"_links":{"self":[{"href":"https:\/\/vaasanluonnonravinto.fi\/sv\/wp-json\/wp\/v2\/product\/3384","targetHints":{"allow":["GET"]}}],"collection":[{"href":"https:\/\/vaasanluonnonravinto.fi\/sv\/wp-json\/wp\/v2\/product"}],"about":[{"href":"https:\/\/vaasanluonnonravinto.fi\/sv\/wp-json\/wp\/v2\/types\/product"}],"wp:featuredmedia":[{"embeddable":true,"href":"https:\/\/vaasanluonnonravinto.fi\/sv\/wp-json\/wp\/v2\/media\/3031"}],"wp:attachment":[{"href":"https:\/\/vaasanluonnonravinto.fi\/sv\/wp-json\/wp\/v2\/media?parent=3384"}],"wp:term":[{"taxonomy":"product_brand","embeddable":true,"href":"https:\/\/vaasanluonnonravinto.fi\/sv\/wp-json\/wp\/v2\/product_brand?post=3384"},{"taxonomy":"product_cat","embeddable":true,"href":"https:\/\/vaasanluonnonravinto.fi\/sv\/wp-json\/wp\/v2\/product_cat?post=3384"},{"taxonomy":"product_tag","embeddable":true,"href":"https:\/\/vaasanluonnonravinto.fi\/sv\/wp-json\/wp\/v2\/product_tag?post=3384"}],"curies":[{"name":"wp","href":"https:\/\/api.w.org\/{rel}","templated":true}]}}