{"id":3378,"date":"2019-05-29T12:31:16","date_gmt":"2019-05-29T09:31:16","guid":{"rendered":"https:\/\/vaasanluonnonravinto.fi\/?post_type=product&#038;p=3378"},"modified":"2025-12-25T09:37:08","modified_gmt":"2025-12-25T07:37:08","slug":"naturamedia-baba-de-caracol-regenerating-cream-kasvovoide-100-ml","status":"publish","type":"product","link":"https:\/\/vaasanluonnonravinto.fi\/sv\/tuote\/naturamedia-baba-de-caracol-regenerating-cream-kasvovoide-100-ml\/","title":{"rendered":"Naturamedia Baba de Caracol Regenerating Cream kasvovoide 100 ml"},"content":{"rendered":"","protected":false},"excerpt":{"rendered":"<p>Stimuloi ihoa uudistumaan ja h\u00e4ivytt\u00e4m\u00e4\u00e4n arpia, ryppyj\u00e4 sek\u00e4 maksal\u00e4iski\u00e4. Madaltaa kasvojen juonteita ja ryppyj\u00e4. H\u00e4ivytt\u00e4\u00e4 ja vaalentaa ihol\u00e4iski\u00e4 (palovammat, maksal\u00e4isk\u00e4t, ym.).<\/p>\n<p>&nbsp;<\/p>\n<p>P\u00e4iv\u00e4- ja y\u00f6voide uudistaamaan, kosteuttamaan ja pehment\u00e4m\u00e4\u00e4n ihoa. Levitet\u00e4\u00e4n puhtaalle iholle, kevyesti hieroen, kunnes voide on kokonaan imeytynyt.<\/p>\n","protected":false},"featured_media":3049,"template":"","meta":{"_acf_changed":false},"product_brand":[],"product_cat":[81,75],"product_tag":[],"class_list":{"0":"post-3378","1":"product","2":"type-product","3":"status-publish","4":"has-post-thumbnail","6":"product_cat-naturamedia-sv","7":"product_cat-luontaiskosmetiikka-sv","9":"first","10":"instock","11":"taxable","12":"shipping-taxable","13":"purchasable","14":"product-type-simple"},"acf":[],"_links":{"self":[{"href":"https:\/\/vaasanluonnonravinto.fi\/sv\/wp-json\/wp\/v2\/product\/3378","targetHints":{"allow":["GET"]}}],"collection":[{"href":"https:\/\/vaasanluonnonravinto.fi\/sv\/wp-json\/wp\/v2\/product"}],"about":[{"href":"https:\/\/vaasanluonnonravinto.fi\/sv\/wp-json\/wp\/v2\/types\/product"}],"wp:featuredmedia":[{"embeddable":true,"href":"https:\/\/vaasanluonnonravinto.fi\/sv\/wp-json\/wp\/v2\/media\/3049"}],"wp:attachment":[{"href":"https:\/\/vaasanluonnonravinto.fi\/sv\/wp-json\/wp\/v2\/media?parent=3378"}],"wp:term":[{"taxonomy":"product_brand","embeddable":true,"href":"https:\/\/vaasanluonnonravinto.fi\/sv\/wp-json\/wp\/v2\/product_brand?post=3378"},{"taxonomy":"product_cat","embeddable":true,"href":"https:\/\/vaasanluonnonravinto.fi\/sv\/wp-json\/wp\/v2\/product_cat?post=3378"},{"taxonomy":"product_tag","embeddable":true,"href":"https:\/\/vaasanluonnonravinto.fi\/sv\/wp-json\/wp\/v2\/product_tag?post=3378"}],"curies":[{"name":"wp","href":"https:\/\/api.w.org\/{rel}","templated":true}]}}