{"id":3374,"date":"2019-05-29T12:31:13","date_gmt":"2019-05-29T09:31:13","guid":{"rendered":"https:\/\/vaasanluonnonravinto.fi\/?post_type=product&#038;p=3374"},"modified":"2020-09-14T16:36:23","modified_gmt":"2020-09-14T13:36:23","slug":"naturamedia-soria-natural-formula-xxi-valeriana-valeriaanauute-50-ml","status":"publish","type":"product","link":"https:\/\/vaasanluonnonravinto.fi\/sv\/tuote\/naturamedia-soria-natural-formula-xxi-valeriana-valeriaanauute-50-ml\/","title":{"rendered":"Naturamedia Soria Natural Formula XXI Valeriana &#8211; Valeriaanauute 50 ml"},"content":{"rendered":"","protected":false},"excerpt":{"rendered":"<h4>Annostus<\/h4>\n<p>On suositeltavaa ottaa E.D.S annos, eli 1 ml 3 kertaa p\u00e4iv\u00e4ss\u00e4, joko sellaisenaan tai pienen vesim\u00e4\u00e4r\u00e4n kera. Ravista hyvin ennen k\u00e4ytt\u00f6\u00e4. Purista pipetti\u00e4 ja odota muutamia sekuntteja.<\/p>\n<p>&nbsp;<\/p>\n<h4>Ainesosat<\/h4>\n<p>Glyseroli, vesi, lyofilisoitu valerianauute (Valeriana officinalis L., juuri) (540 mg), gamma-syklodeskstriinit (180 mg), alfa-syklodekstriinit (90 mg).<\/p>\n<p>&nbsp;<\/p>\n<h4>S\u00e4ilytys<\/h4>\n<p>Valolta suojattuna kuivassa ja viile\u00e4ss\u00e4 alle 25 \u00b0C.<\/p>\n","protected":false},"featured_media":3061,"template":"","meta":{"_acf_changed":false},"product_brand":[],"product_cat":[78,73,81],"product_tag":[],"class_list":{"0":"post-3374","1":"product","2":"type-product","3":"status-publish","4":"has-post-thumbnail","6":"product_cat-muut-ravintolisat-sv","7":"product_cat-lisaravinteet-sv","8":"product_cat-naturamedia-sv","10":"first","11":"instock","12":"taxable","13":"shipping-taxable","14":"purchasable","15":"product-type-simple"},"acf":[],"_links":{"self":[{"href":"https:\/\/vaasanluonnonravinto.fi\/sv\/wp-json\/wp\/v2\/product\/3374","targetHints":{"allow":["GET"]}}],"collection":[{"href":"https:\/\/vaasanluonnonravinto.fi\/sv\/wp-json\/wp\/v2\/product"}],"about":[{"href":"https:\/\/vaasanluonnonravinto.fi\/sv\/wp-json\/wp\/v2\/types\/product"}],"wp:featuredmedia":[{"embeddable":true,"href":"https:\/\/vaasanluonnonravinto.fi\/sv\/wp-json\/wp\/v2\/media\/3061"}],"wp:attachment":[{"href":"https:\/\/vaasanluonnonravinto.fi\/sv\/wp-json\/wp\/v2\/media?parent=3374"}],"wp:term":[{"taxonomy":"product_brand","embeddable":true,"href":"https:\/\/vaasanluonnonravinto.fi\/sv\/wp-json\/wp\/v2\/product_brand?post=3374"},{"taxonomy":"product_cat","embeddable":true,"href":"https:\/\/vaasanluonnonravinto.fi\/sv\/wp-json\/wp\/v2\/product_cat?post=3374"},{"taxonomy":"product_tag","embeddable":true,"href":"https:\/\/vaasanluonnonravinto.fi\/sv\/wp-json\/wp\/v2\/product_tag?post=3374"}],"curies":[{"name":"wp","href":"https:\/\/api.w.org\/{rel}","templated":true}]}}