{"id":3371,"date":"2019-05-29T12:31:10","date_gmt":"2019-05-29T09:31:10","guid":{"rendered":"https:\/\/vaasanluonnonravinto.fi\/?post_type=product&#038;p=3371"},"modified":"2022-04-11T16:05:18","modified_gmt":"2022-04-11T13:05:18","slug":"naturamedia-sianpuolukka-uute-50ml","status":"publish","type":"product","link":"https:\/\/vaasanluonnonravinto.fi\/sv\/tuote\/naturamedia-sianpuolukka-uute-50ml\/","title":{"rendered":"Naturamedia Sianpuolukka uute 50ml"},"content":{"rendered":"","protected":false},"excerpt":{"rendered":"<p>Sianpuolukkauute &#8211; Arctostaphylos uva-ursi. Sianpuolukkaa on perinteisesti k\u00e4ytetty erityisesti virtsatievaivojen hoitoon. Ravintolis\u00e4.<\/p>\n<p>&nbsp;<\/p>\n<p>Soria Natural-uutteet edustavat parempaa ja tehokkaampaa fytoterapiaa. Jos uutteen ominaisuudet mahdollistavat, lopullisessa uutteessa alkoholi on korvattu kasviper\u00e4isell\u00e4 glyseriinill\u00e4. Glyseriini\u00e4 ei kuitenkaan k\u00e4ytet\u00e4 uuttamiseen.<\/p>\n<p>&nbsp;<\/p>\n<h4>Annostus<\/h4>\n<p>1 ml kolme kertaa p\u00e4iv\u00e4ss\u00e4. Uute on pakattu pipettipulloon.<\/p>\n<p>&nbsp;<\/p>\n<h4>Ainesosat<\/h4>\n<p>Sianpuolukkauute (Arctostaphylos uva ursi), kasviper\u00e4inen glyseriini.<\/p>\n<p>&nbsp;<\/p>\n","protected":false},"featured_media":3070,"template":"","meta":{"_acf_changed":false},"product_brand":[],"product_cat":[78,73,81],"product_tag":[],"class_list":{"0":"post-3371","1":"product","2":"type-product","3":"status-publish","4":"has-post-thumbnail","6":"product_cat-muut-ravintolisat-sv","7":"product_cat-lisaravinteet-sv","8":"product_cat-naturamedia-sv","10":"first","11":"instock","12":"taxable","13":"shipping-taxable","14":"purchasable","15":"product-type-simple"},"acf":[],"_links":{"self":[{"href":"https:\/\/vaasanluonnonravinto.fi\/sv\/wp-json\/wp\/v2\/product\/3371","targetHints":{"allow":["GET"]}}],"collection":[{"href":"https:\/\/vaasanluonnonravinto.fi\/sv\/wp-json\/wp\/v2\/product"}],"about":[{"href":"https:\/\/vaasanluonnonravinto.fi\/sv\/wp-json\/wp\/v2\/types\/product"}],"wp:featuredmedia":[{"embeddable":true,"href":"https:\/\/vaasanluonnonravinto.fi\/sv\/wp-json\/wp\/v2\/media\/3070"}],"wp:attachment":[{"href":"https:\/\/vaasanluonnonravinto.fi\/sv\/wp-json\/wp\/v2\/media?parent=3371"}],"wp:term":[{"taxonomy":"product_brand","embeddable":true,"href":"https:\/\/vaasanluonnonravinto.fi\/sv\/wp-json\/wp\/v2\/product_brand?post=3371"},{"taxonomy":"product_cat","embeddable":true,"href":"https:\/\/vaasanluonnonravinto.fi\/sv\/wp-json\/wp\/v2\/product_cat?post=3371"},{"taxonomy":"product_tag","embeddable":true,"href":"https:\/\/vaasanluonnonravinto.fi\/sv\/wp-json\/wp\/v2\/product_tag?post=3371"}],"curies":[{"name":"wp","href":"https:\/\/api.w.org\/{rel}","templated":true}]}}