{"id":3370,"date":"2019-05-29T12:31:09","date_gmt":"2019-05-29T09:31:09","guid":{"rendered":"https:\/\/vaasanluonnonravinto.fi\/?post_type=product&#038;p=3370"},"modified":"2020-09-14T16:36:17","modified_gmt":"2020-09-14T13:36:17","slug":"naturamedia-siankarsamouute-xxi-50-ml","status":"publish","type":"product","link":"https:\/\/vaasanluonnonravinto.fi\/sv\/tuote\/naturamedia-siankarsamouute-xxi-50-ml\/","title":{"rendered":"Naturamedia Siank\u00e4rs\u00e4m\u00f6uute XXI 50 ml"},"content":{"rendered":"","protected":false},"excerpt":{"rendered":"<h4>Siank\u00e4rs\u00e4m\u00f6uutteen ainesosat\/3 ml.:<\/h4>\n<p>glyseroli<br \/>\ntiivistetty siank\u00e4rs\u00e4m\u00f6uute (kasvin maanp\u00e4\u00e4llinen osa) 1670 mg.<br \/>\nalfa-syklodekstriini 80 mg.<br \/>\ngamma-syklodekstriini 40 mg.<\/p>\n<p>&nbsp;<\/p>\n<h4>Annostus<\/h4>\n<p>1 ml. (=25 tippaa) kolme kertaa p\u00e4iv\u00e4ss\u00e4<\/p>\n","protected":false},"featured_media":3073,"template":"","meta":{"_acf_changed":false},"product_brand":[],"product_cat":[78,73,81],"product_tag":[],"class_list":{"0":"post-3370","1":"product","2":"type-product","3":"status-publish","4":"has-post-thumbnail","6":"product_cat-muut-ravintolisat-sv","7":"product_cat-lisaravinteet-sv","8":"product_cat-naturamedia-sv","10":"first","11":"outofstock","12":"taxable","13":"shipping-taxable","14":"purchasable","15":"product-type-simple"},"acf":[],"_links":{"self":[{"href":"https:\/\/vaasanluonnonravinto.fi\/sv\/wp-json\/wp\/v2\/product\/3370","targetHints":{"allow":["GET"]}}],"collection":[{"href":"https:\/\/vaasanluonnonravinto.fi\/sv\/wp-json\/wp\/v2\/product"}],"about":[{"href":"https:\/\/vaasanluonnonravinto.fi\/sv\/wp-json\/wp\/v2\/types\/product"}],"wp:featuredmedia":[{"embeddable":true,"href":"https:\/\/vaasanluonnonravinto.fi\/sv\/wp-json\/wp\/v2\/media\/3073"}],"wp:attachment":[{"href":"https:\/\/vaasanluonnonravinto.fi\/sv\/wp-json\/wp\/v2\/media?parent=3370"}],"wp:term":[{"taxonomy":"product_brand","embeddable":true,"href":"https:\/\/vaasanluonnonravinto.fi\/sv\/wp-json\/wp\/v2\/product_brand?post=3370"},{"taxonomy":"product_cat","embeddable":true,"href":"https:\/\/vaasanluonnonravinto.fi\/sv\/wp-json\/wp\/v2\/product_cat?post=3370"},{"taxonomy":"product_tag","embeddable":true,"href":"https:\/\/vaasanluonnonravinto.fi\/sv\/wp-json\/wp\/v2\/product_tag?post=3370"}],"curies":[{"name":"wp","href":"https:\/\/api.w.org\/{rel}","templated":true}]}}