{"id":3366,"date":"2019-05-29T12:31:06","date_gmt":"2019-05-29T09:31:06","guid":{"rendered":"https:\/\/vaasanluonnonravinto.fi\/?post_type=product&#038;p=3366"},"modified":"2026-03-26T13:21:35","modified_gmt":"2026-03-26T11:21:35","slug":"vogel-taysjyvariisi-luomu-1000-g","status":"publish","type":"product","link":"https:\/\/vaasanluonnonravinto.fi\/sv\/tuote\/vogel-taysjyvariisi-luomu-1000-g\/","title":{"rendered":"Vogel T\u00e4ysjyv\u00e4riisi, luomu 1000 g"},"content":{"rendered":"<h4>Ravintosis\u00e4lt\u00f6 keskim\u00e4\u00e4rin 100g riisi\u00e4:<\/h4>\n<p>energiaa 1500 kJ \/ 360 kcal<br \/>\nproteiinia 7 g<br \/>\nhiilihydraatteja 76 g<br \/>\nrasvaa 2,5 g<br \/>\nmagnesiumia 140 mg (37% p\u00e4iv\u00e4nsaantisuosituksesta)<br \/>\nAlkuper\u00e4maa Italia<\/p>\n<p>&nbsp;<\/p>\n<p>S\u00e4ilytet\u00e4\u00e4n kuivassa ja viile\u00e4ss\u00e4<\/p>\n","protected":false},"excerpt":{"rendered":"<h4>Ravinteikas ja maukas<\/h4>\n<p>Vogelin luonnonmukaisesti viljellyn t\u00e4ysjyv\u00e4riisin jyvist\u00e4 on poistettu vain\u00a0uloin kuorikerros. T\u00e4rkeimm\u00e4t osat, alkiolehti ja alkio arvokkaine\u00a0kivenn\u00e4isaineineen ovat tallella. T\u00e4ysjyv\u00e4riisin happo-em\u00e4stasapaino on\u00a0l\u00e4hes neutraali joten se sopii my\u00f6s useille herkk\u00e4vatsaisille. Alfred Vogel\u00a0sanoi t\u00e4ysjyv\u00e4riisin olevan my\u00f6s mainiota ruokaa verisuonien\u00a0terveydelle.\u00a0T\u00e4ysjyv\u00e4riisi on hyv\u00e4nmakuista ja eritt\u00e4in t\u00e4ytt\u00e4v\u00e4\u00e4. Maukas t\u00e4ysjyv\u00e4riisi\u00a0sopii sellaisenaan lis\u00e4keriisiksi. Se sopii k\u00e4ytett\u00e4v\u00e4ksi my\u00f6s kaikkiin\u00a0riisiruokiin, esim. laatikoihin, uuniruokiin ja risottoihin. Kannattaa kokeilla\u00a0my\u00f6s riisipohjaisiin j\u00e4lkiruokiin.<\/p>\n","protected":false},"featured_media":3127,"template":"","meta":{"_acf_changed":false},"product_brand":[],"product_cat":[70,71],"product_tag":[],"class_list":{"0":"post-3366","1":"product","2":"type-product","3":"status-publish","4":"has-post-thumbnail","6":"product_cat-erikoiselintarvikkeet-sv","7":"product_cat-vogel-sv","9":"first","10":"outofstock","11":"taxable","12":"shipping-taxable","13":"purchasable","14":"product-type-simple"},"acf":[],"_links":{"self":[{"href":"https:\/\/vaasanluonnonravinto.fi\/sv\/wp-json\/wp\/v2\/product\/3366","targetHints":{"allow":["GET"]}}],"collection":[{"href":"https:\/\/vaasanluonnonravinto.fi\/sv\/wp-json\/wp\/v2\/product"}],"about":[{"href":"https:\/\/vaasanluonnonravinto.fi\/sv\/wp-json\/wp\/v2\/types\/product"}],"wp:featuredmedia":[{"embeddable":true,"href":"https:\/\/vaasanluonnonravinto.fi\/sv\/wp-json\/wp\/v2\/media\/3127"}],"wp:attachment":[{"href":"https:\/\/vaasanluonnonravinto.fi\/sv\/wp-json\/wp\/v2\/media?parent=3366"}],"wp:term":[{"taxonomy":"product_brand","embeddable":true,"href":"https:\/\/vaasanluonnonravinto.fi\/sv\/wp-json\/wp\/v2\/product_brand?post=3366"},{"taxonomy":"product_cat","embeddable":true,"href":"https:\/\/vaasanluonnonravinto.fi\/sv\/wp-json\/wp\/v2\/product_cat?post=3366"},{"taxonomy":"product_tag","embeddable":true,"href":"https:\/\/vaasanluonnonravinto.fi\/sv\/wp-json\/wp\/v2\/product_tag?post=3366"}],"curies":[{"name":"wp","href":"https:\/\/api.w.org\/{rel}","templated":true}]}}