{"id":3365,"date":"2019-05-29T12:31:05","date_gmt":"2019-05-29T09:31:05","guid":{"rendered":"https:\/\/vaasanluonnonravinto.fi\/?post_type=product&#038;p=3365"},"modified":"2026-02-09T14:57:38","modified_gmt":"2026-02-09T12:57:38","slug":"vogel-strath-500-ml","status":"publish","type":"product","link":"https:\/\/vaasanluonnonravinto.fi\/sv\/tuote\/vogel-strath-500-ml\/","title":{"rendered":"Vogel Strath 500 ml"},"content":{"rendered":"<h4>Ainesosat (nestem\u00e4inen)<\/h4>\n<p>yrttihiivaplasmolysaatti 80%, ohramallasuute (sis. gluteenia),\u00a0appelsiinisiirappi (sakkaroosi, vesi, appelsiinimehutiiviste), hunaja.\u00a0Tuote ei sis\u00e4ll\u00e4 el\u00e4vi\u00e4 hiivasoluja.<br \/>\nNestem\u00e4ist\u00e4 ei suositella gluteeniallergisille sis\u00e4lt\u00e4m\u00e4ns\u00e4\u00a0ohramallasuutteen vuoksi. Eik\u00e4 alle 1 vuotiaille lapsille sen sis\u00e4lt\u00e4m\u00e4n\u00a0hunajan vuoksi.<\/p>\n<p>&nbsp;<\/p>\n<h4>Ainesosat (tabletti)<\/h4>\n<p>yrttihiivaplasmolysaattia 89%, maissit\u00e4rkkelyst\u00e4, t\u00e4yteainetta\u00a0(mikrokiteinen selluloosa, pektiini), paakkuntumisenestoainetta\u00a0(piidioksidi).\u00a0Ei sis\u00e4ll\u00e4 el\u00e4vi\u00e4 hiivasoluja.<br \/>\nGluteeniton, sokeriton. Sopii vegaaneille.<\/p>\n","protected":false},"excerpt":{"rendered":"<h4>Superfoodien edell\u00e4k\u00e4vij\u00e4<\/h4>\n<p>&nbsp;<\/p>\n<p>Strath yrttihiivavalmiste on superfoodien edell\u00e4k\u00e4vij\u00e4 jo vuodesta 1961.\u00a0Se on kuin pullollinen hyv\u00e4\u00e4 ravintoa, sis\u00e4lt\u00e4en 61 erilaista\u00a0ravintoainetta hyvin imeytyv\u00e4ss\u00e4 muodossa. Strath on t\u00e4ysin\u00a0luonnonmukainen tuote ja sen sis\u00e4lt\u00e4m\u00e4t ravinteet vahvistavat ja\u00a0tasapainottavat kehoasi kun olet v\u00e4synyt, stressaantunut ja kaipaat<br \/>\njaksamista arkeen. Strath sopii koko perheelle, urheilijoille, opiskelijoille,\u00a0toipilaille.<\/p>\n<p>&nbsp;<\/p>\n<h4>Ainutlaatuinen valmistusprosessi<\/h4>\n<p>Kaksi kuukautta kest\u00e4v\u00e4ss\u00e4, patentoidussa valmistusprosessissa\u00a0ravintohiivaa (Saccharomyces cerevisiae) ravitaan kymmenill\u00e4 eri\u00a0kasveilla (mm. v\u00e4in\u00f6nputki, sitruunamelissa, kamomilla, lakritsi, kaneli,\u00a0salvia, mustaselja, piparjuuri, persilja, timjami jne.). Lopputuloksena on\u00a0ravinteikas hiivaplasmolysaatti, jossa ei\u00a0 ole lainkaan el\u00e4vi\u00e4 hiivasoluja\u00a0j\u00e4ljell\u00e4 vain arvokkaat ravinteet hyvin imeytyv\u00e4ss\u00e4 muodossa. My\u00f6s yrtit\u00a0hajoavat prosessissa, joten lopputuotteessa ei niit\u00e4 en\u00e4\u00e4 ole havaittavia<br \/>\nm\u00e4\u00e4ri\u00e4.<\/p>\n<p>&nbsp;<\/p>\n<p>Plasmolysaattiin imeytyneet eri ravintoaineet esiintyv\u00e4t luonnollisina,\u00a0tasapainoisina m\u00e4\u00e4rin\u00e4. T\u00e4m\u00e4n ansiosta valmistetta voidaan k\u00e4ytt\u00e4\u00e4\u00a0pitk\u00e4\u00e4nkin yht\u00e4jaksoisesti ilman yliannostuksen vaaraa. Menetelm\u00e4n\u00a0etuna on my\u00f6s, ett\u00e4 ravinteet ovat eritt\u00e4in tehokkaasti imeytyv\u00e4ss\u00e4\u00a0muodossa. Strath toimii my\u00f6s katalysaattorin tavoin eli auttaa elimist\u00f6\u00e4\u00a0hy\u00f6dynt\u00e4m\u00e4\u00e4n ruoasta niit\u00e4 ravintoaineita, joita se tarvitsee ja tukee\u00a0n\u00e4in elimist\u00f6n homeostaasia. Tuote ei sis\u00e4ll\u00e4 s\u00e4il\u00f6nt\u00e4aineita, eik\u00e4\u00a0keinotekoisia v\u00e4riaineita tai aromeja. Ei sis\u00e4ll\u00e4 synteettisi\u00e4 vitamiineja tai\u00a0kivenn\u00e4isaineita.<\/p>\n","protected":false},"featured_media":3131,"template":"","meta":{"_acf_changed":false},"product_brand":[],"product_cat":[73],"product_tag":[],"class_list":{"0":"post-3365","1":"product","2":"type-product","3":"status-publish","4":"has-post-thumbnail","6":"product_cat-lisaravinteet-sv","8":"first","9":"instock","10":"taxable","11":"shipping-taxable","12":"purchasable","13":"product-type-simple"},"acf":[],"_links":{"self":[{"href":"https:\/\/vaasanluonnonravinto.fi\/sv\/wp-json\/wp\/v2\/product\/3365","targetHints":{"allow":["GET"]}}],"collection":[{"href":"https:\/\/vaasanluonnonravinto.fi\/sv\/wp-json\/wp\/v2\/product"}],"about":[{"href":"https:\/\/vaasanluonnonravinto.fi\/sv\/wp-json\/wp\/v2\/types\/product"}],"wp:featuredmedia":[{"embeddable":true,"href":"https:\/\/vaasanluonnonravinto.fi\/sv\/wp-json\/wp\/v2\/media\/3131"}],"wp:attachment":[{"href":"https:\/\/vaasanluonnonravinto.fi\/sv\/wp-json\/wp\/v2\/media?parent=3365"}],"wp:term":[{"taxonomy":"product_brand","embeddable":true,"href":"https:\/\/vaasanluonnonravinto.fi\/sv\/wp-json\/wp\/v2\/product_brand?post=3365"},{"taxonomy":"product_cat","embeddable":true,"href":"https:\/\/vaasanluonnonravinto.fi\/sv\/wp-json\/wp\/v2\/product_cat?post=3365"},{"taxonomy":"product_tag","embeddable":true,"href":"https:\/\/vaasanluonnonravinto.fi\/sv\/wp-json\/wp\/v2\/product_tag?post=3365"}],"curies":[{"name":"wp","href":"https:\/\/api.w.org\/{rel}","templated":true}]}}