{"id":3362,"date":"2019-05-29T12:31:02","date_gmt":"2019-05-29T09:31:02","guid":{"rendered":"https:\/\/vaasanluonnonravinto.fi\/?post_type=product&#038;p=3362"},"modified":"2024-08-31T15:04:33","modified_gmt":"2024-08-31T12:04:33","slug":"vogel-silmatipat-10-ml","status":"publish","type":"product","link":"https:\/\/vaasanluonnonravinto.fi\/sv\/tuote\/vogel-silmatipat-10-ml\/","title":{"rendered":"Vogel Silm\u00e4tipat 10 ml"},"content":{"rendered":"<h4>Koostumus (INCI)<\/h4>\n<p>Hyaluronihappo (1 mg\/ml), Euphrasia officinalis (silm\u00e4ruoho), natriumkloridi, boorihappo,\u00a0dinatriumtetraboraattidekahydraatti, vesi.<\/p>\n<p>&nbsp;<\/p>\n<h4>S\u00e4ilytysohje<\/h4>\n<p>Huoneenl\u00e4mm\u00f6ss\u00e4. Tuote pysyy steriilin\u00e4 avaamisen j\u00e4lkeen ja s\u00e4ilyy kuusi kuukautta.<\/p>\n","protected":false},"excerpt":{"rendered":"<h4>Kuiville, v\u00e4syneille ja \u00e4rtyneille silmille<\/h4>\n<p>&nbsp;<\/p>\n<p>Silm\u00e4t voivat kuivua tai \u00e4rty\u00e4 monesta eri syyst\u00e4. Syit\u00e4 silmien\u00a0kuivumiseen voivat olla mm. pitk\u00e4t ajat tietokoneen tai TV:n \u00e4\u00e4ress\u00e4,\u00a0ilmastointi, stressi ja ik\u00e4\u00e4ntyminen.<br \/>\nVogelin Silm\u00e4tipat tuovat nopean lievityksen kuiviin, \u00e4rtyneisiin ja\u00a0v\u00e4syneisiin silmiin. Silm\u00e4tipassa on ainutlaatuinen kombinaatio\u00a0luonnollisia vaikutavia aineita: hyaluronihappoa ja silm\u00e4ruohoa\u00a0(Euphrasia officinalis). Hyaluronihappo on kehon oma aine, joka\u00a0muistuttaa silm\u00e4n luonnollista kyynelnestett\u00e4. Silm\u00e4ruoho helpottaa<br \/>\ntipan annostelua silm\u00e4\u00e4n ja sill\u00e4 on antiseptinen vaikutus.<\/p>\n<p>&nbsp;<\/p>\n<h4>Annostus<\/h4>\n<p>Aikuiset: 1 tippa kumpaankin silm\u00e4\u00e4n 4-5 kertaa p\u00e4iv\u00e4ss\u00e4.<\/p>\n<p>12-vuotiaat ja sit\u00e4 vanhemmat lapset: 1 tippa kumpaankin silm\u00e4\u00e4n 1-2 kertaa p\u00e4iv\u00e4ss\u00e4.<\/p>\n","protected":false},"featured_media":3137,"template":"","meta":{"_acf_changed":false},"product_brand":[],"product_cat":[74,71],"product_tag":[],"class_list":{"0":"post-3362","1":"product","2":"type-product","3":"status-publish","4":"has-post-thumbnail","6":"product_cat-erikoistuotteet-sv","7":"product_cat-vogel-sv","9":"first","10":"instock","11":"taxable","12":"shipping-taxable","13":"purchasable","14":"product-type-simple"},"acf":[],"_links":{"self":[{"href":"https:\/\/vaasanluonnonravinto.fi\/sv\/wp-json\/wp\/v2\/product\/3362","targetHints":{"allow":["GET"]}}],"collection":[{"href":"https:\/\/vaasanluonnonravinto.fi\/sv\/wp-json\/wp\/v2\/product"}],"about":[{"href":"https:\/\/vaasanluonnonravinto.fi\/sv\/wp-json\/wp\/v2\/types\/product"}],"wp:featuredmedia":[{"embeddable":true,"href":"https:\/\/vaasanluonnonravinto.fi\/sv\/wp-json\/wp\/v2\/media\/3137"}],"wp:attachment":[{"href":"https:\/\/vaasanluonnonravinto.fi\/sv\/wp-json\/wp\/v2\/media?parent=3362"}],"wp:term":[{"taxonomy":"product_brand","embeddable":true,"href":"https:\/\/vaasanluonnonravinto.fi\/sv\/wp-json\/wp\/v2\/product_brand?post=3362"},{"taxonomy":"product_cat","embeddable":true,"href":"https:\/\/vaasanluonnonravinto.fi\/sv\/wp-json\/wp\/v2\/product_cat?post=3362"},{"taxonomy":"product_tag","embeddable":true,"href":"https:\/\/vaasanluonnonravinto.fi\/sv\/wp-json\/wp\/v2\/product_tag?post=3362"}],"curies":[{"name":"wp","href":"https:\/\/api.w.org\/{rel}","templated":true}]}}