{"id":3360,"date":"2019-05-29T12:31:01","date_gmt":"2019-05-29T09:31:01","guid":{"rendered":"https:\/\/vaasanluonnonravinto.fi\/?post_type=product&#038;p=3360"},"modified":"2020-09-14T16:42:29","modified_gmt":"2020-09-14T13:42:29","slug":"vogel-santasapina-kurkkupastillit-100-g","status":"publish","type":"product","link":"https:\/\/vaasanluonnonravinto.fi\/sv\/tuote\/vogel-santasapina-kurkkupastillit-100-g\/","title":{"rendered":"Vogel Santasapina kurkkupastillit 100 g"},"content":{"rendered":"","protected":false},"excerpt":{"rendered":"<h4>Kuusenkerkk\u00e4\u00e4 kurkun k\u00e4heyteen<\/h4>\n<p>&nbsp;<\/p>\n<p>Santasapina pastillit sis\u00e4lt\u00e4v\u00e4t kuusenkerkk\u00e4 uutetta, joka on valmistetu\u00a0tuoreista kuusen vuosikasvuista eli kerkist\u00e4 (Picea abies). Ker\u00e4t\u00a0ker\u00e4t\u00e4\u00e4n kuusen alimmilta oksilta jotta sen kasvu eri h\u00e4iriinny.\u00a0Kuusenkerk\u00e4t sis\u00e4lt\u00e4v\u00e4t mm. erilaisia eteerisi\u00e4 \u00f6ljyj\u00e4, hartseja ja\u00a0parkkiaineita. Lis\u00e4ksi ne sis\u00e4lt\u00e4v\u00e4t pieni\u00e4 m\u00e4\u00e4r\u00e4 C-vitamiinia ja erilaisia\u00a0sokereita. Kerkki\u00e4 on perinteisesti k\u00e4ytetty k\u00e4he\u00e4lle kurkulle.\u00a0Hunajassa on hedelm\u00e4sokerin ohella my\u00f6s muita sokereita,\u00a0aminohappoja, eteerisi\u00e4 \u00f6ljyj\u00e4, mineraalisuoloja, vitamiineja ja\u00a0entsyymej\u00e4. Hunajan bakteerien kasvua est\u00e4v\u00e4t ominaisuudet ovat jo\u00a0kauan olleet tiedossa.\u00a0Hyv\u00e4nmakuiset Santasapina-pastillit sopivat kurkun k\u00e4heyteen. Ne\u00a0raikastavat hengityksen ja kirkastavat \u00e4\u00e4nen.<\/p>\n<p>Ei keinotekoisia lis\u00e4- tai s\u00e4il\u00f6nt\u00e4aineita.<\/p>\n<p>&nbsp;<\/p>\n<h4>Ainesosat<\/h4>\n<p>raakaruokosokeri, glukoosisiirappi, hunaja. p\u00e4\u00e4ryn\u00e4mehutiiviste,\u00a0kuusenkerkk\u00e4mehu ja -uute (3,3%), mallasuute, sokeri, piparminttu\u00f6ljy,\u00a0kuusenhavu\u00f6ljy, mentoli.<\/p>\n","protected":false},"featured_media":2983,"template":"","meta":{"_acf_changed":false},"product_brand":[],"product_cat":[73,70,71],"product_tag":[],"class_list":{"0":"post-3360","1":"product","2":"type-product","3":"status-publish","4":"has-post-thumbnail","6":"product_cat-lisaravinteet-sv","7":"product_cat-erikoiselintarvikkeet-sv","8":"product_cat-vogel-sv","10":"first","11":"instock","12":"taxable","13":"shipping-taxable","14":"purchasable","15":"product-type-simple"},"acf":[],"_links":{"self":[{"href":"https:\/\/vaasanluonnonravinto.fi\/sv\/wp-json\/wp\/v2\/product\/3360","targetHints":{"allow":["GET"]}}],"collection":[{"href":"https:\/\/vaasanluonnonravinto.fi\/sv\/wp-json\/wp\/v2\/product"}],"about":[{"href":"https:\/\/vaasanluonnonravinto.fi\/sv\/wp-json\/wp\/v2\/types\/product"}],"wp:featuredmedia":[{"embeddable":true,"href":"https:\/\/vaasanluonnonravinto.fi\/sv\/wp-json\/wp\/v2\/media\/2983"}],"wp:attachment":[{"href":"https:\/\/vaasanluonnonravinto.fi\/sv\/wp-json\/wp\/v2\/media?parent=3360"}],"wp:term":[{"taxonomy":"product_brand","embeddable":true,"href":"https:\/\/vaasanluonnonravinto.fi\/sv\/wp-json\/wp\/v2\/product_brand?post=3360"},{"taxonomy":"product_cat","embeddable":true,"href":"https:\/\/vaasanluonnonravinto.fi\/sv\/wp-json\/wp\/v2\/product_cat?post=3360"},{"taxonomy":"product_tag","embeddable":true,"href":"https:\/\/vaasanluonnonravinto.fi\/sv\/wp-json\/wp\/v2\/product_tag?post=3360"}],"curies":[{"name":"wp","href":"https:\/\/api.w.org\/{rel}","templated":true}]}}