{"id":3357,"date":"2019-05-29T12:30:58","date_gmt":"2019-05-29T09:30:58","guid":{"rendered":"https:\/\/vaasanluonnonravinto.fi\/?post_type=product&#038;p=3357"},"modified":"2020-12-01T13:55:42","modified_gmt":"2020-12-01T11:55:42","slug":"vogel-salvia-bonbons-75-g","status":"publish","type":"product","link":"https:\/\/vaasanluonnonravinto.fi\/sv\/tuote\/vogel-salvia-bonbons-75-g\/","title":{"rendered":"Vogel Salvia Bonbons 75 g"},"content":{"rendered":"","protected":false},"excerpt":{"rendered":"<h4>Salvia raikastaa kipe\u00e4\u00e4 kurkkua<\/h4>\n<p>Salvia-pastillit sis\u00e4lt\u00e4v\u00e4t pienen m\u00e4\u00e4r\u00e4n tuoretta salviaa. Salviaa on\u00a0perinteisesti k\u00e4ytetty hikoilun hillitsemiseen ja vaihdevuosien kuumiin\u00a0aaltoihin. Salvialla on my\u00f6s desinfioiva vaikutus, jonka vuoksi se sopii\u00a0lievitt\u00e4m\u00e4\u00e4n kurkkukipua. Pastillit sis\u00e4lt\u00e4v\u00e4t luontaista C-vitamiinia\u00a0Acerola-kirsikasta. Pastillien t\u00e4ytteess\u00e4 on my\u00f6s hunajaa, jolla on\u00a0bakteerien kasvua est\u00e4vi\u00e4 ominaisuuksia.<\/p>\n<p>&nbsp;<\/p>\n<h4>Aineosat<\/h4>\n<p>raakaruokosokeri, glukoosisiirappi, inverttisokerisiirappi, vesi, salviauute 2,1%,\u00a0happamuudens\u00e4\u00e4t\u00f6aine (sitruunahappo), omenamehutiiviste, acerolakirsikkajauhe 0,35%, hunaja 0,2%, yrttiuute, suola,\u00a0luontaiset aromit.<\/p>\n","protected":false},"featured_media":3146,"template":"","meta":{"_acf_changed":false},"product_brand":[],"product_cat":[73,72,70,71],"product_tag":[],"class_list":{"0":"post-3357","1":"product","2":"type-product","3":"status-publish","4":"has-post-thumbnail","6":"product_cat-lisaravinteet-sv","7":"product_cat-yrttivalmisteet-sv","8":"product_cat-erikoiselintarvikkeet-sv","9":"product_cat-vogel-sv","11":"first","12":"instock","13":"taxable","14":"shipping-taxable","15":"purchasable","16":"product-type-simple"},"acf":[],"_links":{"self":[{"href":"https:\/\/vaasanluonnonravinto.fi\/sv\/wp-json\/wp\/v2\/product\/3357","targetHints":{"allow":["GET"]}}],"collection":[{"href":"https:\/\/vaasanluonnonravinto.fi\/sv\/wp-json\/wp\/v2\/product"}],"about":[{"href":"https:\/\/vaasanluonnonravinto.fi\/sv\/wp-json\/wp\/v2\/types\/product"}],"wp:featuredmedia":[{"embeddable":true,"href":"https:\/\/vaasanluonnonravinto.fi\/sv\/wp-json\/wp\/v2\/media\/3146"}],"wp:attachment":[{"href":"https:\/\/vaasanluonnonravinto.fi\/sv\/wp-json\/wp\/v2\/media?parent=3357"}],"wp:term":[{"taxonomy":"product_brand","embeddable":true,"href":"https:\/\/vaasanluonnonravinto.fi\/sv\/wp-json\/wp\/v2\/product_brand?post=3357"},{"taxonomy":"product_cat","embeddable":true,"href":"https:\/\/vaasanluonnonravinto.fi\/sv\/wp-json\/wp\/v2\/product_cat?post=3357"},{"taxonomy":"product_tag","embeddable":true,"href":"https:\/\/vaasanluonnonravinto.fi\/sv\/wp-json\/wp\/v2\/product_tag?post=3357"}],"curies":[{"name":"wp","href":"https:\/\/api.w.org\/{rel}","templated":true}]}}